{"id":3790,"date":"2014-07-01T09:02:54","date_gmt":"2014-07-01T09:02:54","guid":{"rendered":"https:\/\/www.volawyers.com\/politica-de-cookies\/"},"modified":"2023-06-20T09:28:41","modified_gmt":"2023-06-20T09:28:41","slug":"politica-de-cookies","status":"publish","type":"page","link":"https:\/\/www.volawyers.com\/es\/politica-de-cookies\/","title":{"rendered":"Pol\u00edtica de cookies"},"content":{"rendered":"<div class=\"fusion-fullwidth fullwidth-box fusion-builder-row-1 fusion-flex-container nonhundred-percent-fullwidth non-hundred-percent-height-scrolling\" style=\"--awb-border-radius-top-left:0px;--awb-border-radius-top-right:0px;--awb-border-radius-bottom-right:0px;--awb-border-radius-bottom-left:0px;--awb-margin-top:48px;--awb-margin-bottom:48px;--awb-flex-wrap:wrap;\" ><div class=\"fusion-builder-row fusion-row fusion-flex-align-items-flex-start fusion-flex-content-wrap\" style=\"max-width:1352px;margin-left: calc(-4% \/ 2 );margin-right: calc(-4% \/ 2 );\"><div class=\"fusion-layout-column fusion_builder_column fusion-builder-column-0 fusion_builder_column_1_1 1_1 fusion-flex-column\" style=\"--awb-bg-size:cover;--awb-width-large:100%;--awb-margin-top-large:0px;--awb-spacing-right-large:1.92%;--awb-margin-bottom-large:0px;--awb-spacing-left-large:1.92%;--awb-width-medium:100%;--awb-spacing-right-medium:1.92%;--awb-spacing-left-medium:1.92%;--awb-width-small:100%;--awb-spacing-right-small:1.92%;--awb-spacing-left-small:1.92%;\"><div class=\"fusion-column-wrapper fusion-flex-justify-content-flex-start fusion-content-layout-column\"><div class=\"fusion-text fusion-text-1\"><h1>Politica de Cookies<\/h1>\n<p>Nuestro sitio web <a href=\"https:\/\/www.volawyers.com\/\">www.volawyers.com<\/a> (el \u201cSitio Web\u201d) al igual que hacen la mayor\u00eda de los sitios web, utiliza <i>cookies<\/i> para recabar informaci\u00f3n del uso que los usuarios hacen de \u00e9l y poder mejorar y hacer m\u00e1s c\u00f3moda su navegaci\u00f3n.<\/p>\n<p>Le informamos de que podemos utilizar <i>cookies <\/i>con la finalidad de facilitar su navegaci\u00f3n a trav\u00e9s del Sitio Web, distinguirle de otros usuarios e identificar problemas. Asimismo, en caso de que preste su consentimiento, utilizaremos <i>cookies<\/i> que nos permitan obtener m\u00e1s informaci\u00f3n acerca de sus preferencias y personalizar nuestro Sitio Web de acuerdo con sus intereses individuales.<\/p>\n<p>En caso de que desee recabar m\u00e1s informaci\u00f3n sobre las <i>cookies<\/i> que utilizamos, le rogamos remita un correo electr\u00f3nico a la direcci\u00f3n <a href=\"mailto:info@volawyers.com\">info@volawyers.com<\/a>.<\/p>\n<h3>1.- Qu\u00e9 son las <i>cookies<\/i><\/h3>\n<p>Una <i>cookie<\/i> es un fichero que se descarga en su terminal (ordenador, tableta, tel\u00e9fono m\u00f3vil u otro dispositivo) con la finalidad de almacenar datos que podr\u00e1n ser actualizados y recuperados por la entidad responsable de su instalaci\u00f3n.<\/p>\n<p>La informaci\u00f3n recabada a trav\u00e9s de las <i>cookies<\/i> puede incluir la fecha y la hora de las visitas al Sitio Web, las p\u00e1ginas visionadas, el tiempo que ha estado en \u00e9l y los sitios visitados justo antes y despu\u00e9s.<\/p>\n<h3>2.- Qu\u00e9 tipos de <i>cookies<\/i> existen<\/h3>\n<p align=\"JUSTIFY\">Existen distintos criterios para clasificar las <i>cookies.<\/i><\/p>\n<p><strong>En funci\u00f3n del tiempo por el que almacenan:<\/strong><\/p>\n<ul>\n<li>\n<p align=\"JUSTIFY\"><i>Cookies<\/i> de sesi\u00f3n, que solo se almacenan durante el tiempo de su vivita al sitio web y que se eliminan de su dispositivo cuando usted cierra su navegador.<\/p>\n<\/li>\n<li>\n<p align=\"JUSTIFY\"><i>Cookies<\/i> persistentes, que se almacenan en su dispositivo por un periodo de tiempo determinado despu\u00e9s de que se haya cerrado su navegador y que se activan cada vez que visite el sitio web que gener\u00f3 la cookie.<\/p>\n<\/li>\n<\/ul>\n<p align=\"JUSTIFY\"><strong>En funci\u00f3n de la titularidad:<\/strong><\/p>\n<ul>\n<li>\n<p align=\"JUSTIFY\"><i>Cookies<\/i> propias. Son las que pertenecen a Vicente &amp; Otaolaurruchi Abogados.<\/p>\n<\/li>\n<li>\n<p align=\"JUSTIFY\"><i>Cookies<\/i> de terceros. Son aquellas cuya titularidad es de un tercero que ser\u00e1 quien trate la informaci\u00f3n recabada.<\/p>\n<\/li>\n<\/ul>\n<p align=\"JUSTIFY\"><strong>En funci\u00f3n de su finalidad:<\/strong><\/p>\n<ul>\n<li>\n<p align=\"JUSTIFY\"><i>Cookies<\/i> t\u00e9cnicas y\/o de personalizaci\u00f3n. Son aquellas que sirven para mejorar el servicio, localizar incidencias, reconocer al usuario, etc.<\/p>\n<\/li>\n<li>\n<p align=\"JUSTIFY\"><i>Cookies<\/i> de an\u00e1lisis. Son aquellas que sirven para analizar informaci\u00f3n sobre la navegaci\u00f3n del usuario en el sitio web.<\/p>\n<\/li>\n<\/ul>\n<h3>3.- Tipo de <i>cookies<\/i> que se usan en el Sitio Web<\/h3>\n<p>Nuestro Sitio Web utiliza las <i>cookies<\/i> que se describen a continuaci\u00f3n:<\/p>\n<p><i><b>Cookies<\/b><\/i><strong> propias<\/strong><\/p>\n<p>No usamos <i>cookies<\/i> propias.<\/p>\n<p><i><b>Cookies<\/b><\/i><strong> de terceros<\/strong><\/p>\n<p align=\"JUSTIFY\">El plug-in Cartograf Cookie Filter genera una <em>cookie<\/em> llamada <em>cg_cookie_accepted<\/em>, con el fin de guardar las preferencias de los usuarios respecto a la aceptaci\u00f3n de <em>cookies<\/em>.<\/p>\n<p align=\"JUSTIFY\">En nuestro Sitio Web utilizamos Google Analytics, una herramienta de an\u00e1lisis web de Google que nos permite conocer c\u00f3mo interact\u00faan los usuarios de nuestro Sitio Web. Asimismo, habilita <i>cookies<\/i> en el dominio del sitio en el que se encuentra el usuario y utiliza un conjunto de <i>cookies<\/i> denominadas \u00ab__utma\u00bb y \u00ab__utmz\u00bb para recopilar informaci\u00f3n de forma an\u00f3nima y elaborar informes de tendencias del Sitio Web sin identificar a usuarios individuales ni la direcci\u00f3n postal desde donde se conectan. La informaci\u00f3n que obtiene est\u00e1 relacionada con el n\u00famero de p\u00e1ginas visitadas, el idioma, red social en la que se publican nuestras noticias, la ciudad a la que est\u00e1 asignada la direcci\u00f3n IP desde la que acceden los usuarios, el n\u00famero de usuarios que nos visitan, la frecuencia y reincidencia de las visitas, el tiempo de visita, el navegador que usan, el operador o tipo de terminal desde el que se realiza la visita. Gracias a ellas obtenemos una informaci\u00f3n que puede ayudarnos a mejorar la navegaci\u00f3n y dar un mejor servicio a usuarios y clientes.<\/p>\n<p>Si interact\u00faa con el contenido de nuestro Sitio Web tambi\u00e9n pueden establecerse <i>cookies<\/i> de terceros (por ejemplo, al pulsar botones me gusta o compartir en las redes sociales). Las <i>cookies<\/i> de terceros son aquellas establecidas por un dominio diferente de nuestro Sitio Web. No podemos acceder a los datos almacenados en las <i>cookies<\/i> de otros sitios web cuando navegue en los citados sitios web.<\/p>\n<p>Incluimos a continuaci\u00f3n el enlace al sitio web de Google donde puede consultar la descripci\u00f3n del tipo de <i>cookies<\/i> que utiliza Google Analitycs y su periodo de expiraci\u00f3n: <a href=\"https:\/\/developers.google.com\/analytics\/devguides\/collection\/analyticsjs\/cookie-usage?hl=es\" target=\"_blank\" rel=\"noopener\">https:\/\/developers.google.com\/analytics\/devguides\/collection\/analyticsjs\/cookie-usage?hl=es<\/a>.<\/p>\n<p><strong>Relaci\u00f3n\u00a0de las cookies que recopilamos<\/strong><\/p>\n<table class=\"table-1\">\n<tbody>\n<tr>\n<td><strong>Tipo<\/strong><\/td>\n<td><strong>Clave<\/strong><\/td>\n<td><strong>Descripci\u00f3n (ES)<\/strong><\/td>\n<td><strong>Servidor<\/strong><\/td>\n<\/tr>\n<tr>\n<td>Google Analytics<\/td>\n<td>__utma<\/td>\n<td>Necesaria para el funcionamiento de Google Analytics, tiene un per\u00edodo de caducidad de 2 a\u00f1os<\/td>\n<td>volawyers.com<\/td>\n<\/tr>\n<tr>\n<td>Google Analytics<\/td>\n<td>__utmb<\/td>\n<td>Se utiliza para determinar nuevas sesiones \/ visitas. La cookie se crea cuando se ejecuta la biblioteca de JavaScript y las cookies __utmb no existen. La cookie se actualiza cada vez que los datos se env\u00edan a Google Analytics.<\/td>\n<td>volawyers.com<\/td>\n<\/tr>\n<tr>\n<td>Google Analytics<\/td>\n<td>__utmc<\/td>\n<td>No se utiliza en ga.js. Ajuste para la interoperabilidad con urchin.js. Hist\u00f3ricamente, esta cookie operaba en conjunto con la cookie __ UTMB para determinar si el usuario estaba en una nueva sesi\u00f3n \/ visita.<\/td>\n<td>volawyers.com<\/td>\n<\/tr>\n<tr>\n<td>Google Analytics<\/td>\n<td>__utmz<\/td>\n<td>Almacena la fuente de tr\u00e1fico o una campa\u00f1a que explica c\u00f3mo el usuario lleg\u00f3 a su sitio. Se crea la cookie cuando se ejecuta la biblioteca de JavaScript y se actualiza cada vez que los datos se env\u00edan a Google Analytics.<\/td>\n<td>google.com<\/td>\n<\/tr>\n<\/tbody>\n<\/table>\n<p><strong>Relaci\u00f3n\u00a0de las cookies de terceros<\/strong><\/p>\n<table class=\"table-1\">\n<colgroup>\n<col width=\"120\" \/>\n<col width=\"60\" \/>\n<col width=\"auto\" \/>\n<col width=\"auto\" \/> <\/colgroup>\n<tbody>\n<tr>\n<td>Google<\/td>\n<td>NID<\/td>\n<td>Estas cookies son utilizadas por Google para almacenar las preferencias del usuario y la informaci\u00f3n durante la visualizaci\u00f3n de las p\u00e1ginas de Google Maps. Estas cookies contienen la informaci\u00f3n suficiente para el seguimiento.<\/td>\n<td>.google.com<\/td>\n<\/tr>\n<tr>\n<td>Google Analytics<\/td>\n<td><\/td>\n<td><\/td>\n<td>https:\/\/www.google-analytics.com\/ga.js<\/td>\n<\/tr>\n<tr>\n<td>Google Analytics<\/td>\n<td><\/td>\n<td><\/td>\n<td>https:\/\/www.google-analytics.com\/&#8230;<\/td>\n<\/tr>\n<\/tbody>\n<\/table>\n<h3><\/h3>\n<h3>4.- Consentimiento<\/h3>\n<p>Por el mero hecho de navegar y continuar en nuestro Sitio Web <a href=\"https:\/\/www.volawyers.com\/\">www.volawyers.com<\/a> y de manera impl\u00edcita estar\u00e1 consintiendo el uso de las <i>cookies<\/i> antes enunciadas, por los plazos se\u00f1alados y en las condiciones contenidas en la presente Pol\u00edtica de <i>Cookies.<\/i><\/p>\n<h3>5.- C\u00f3mo deshabilitar y\/o bloquear las <i>cookies<\/i><\/h3>\n<p>Las <i>cookies<\/i> no son necesarias para el uso de nuestro Sitio Web, por lo que puede bloquearlas o deshabilitarlas activando la configuraci\u00f3n de su navegador que le permite rechazar la instalaci\u00f3n de todas las <i>cookies<\/i> o de algunas de ellas. La pr\u00e1ctica mayor\u00eda de los navegadores permite advertir de la presencia de <i>cookies<\/i> o rechazarlas autom\u00e1ticamente. Si las rechaza, podr\u00e1 seguir usando nuestro Sitio Web, aunque el uso de algunos de sus servicios podr\u00eda ser limitado y por tanto su experiencia en nuestro Sitio Web menos satisfactoria.<\/p>\n<h3>6.- Retirada de su consentimiento<\/h3>\n<p>Si quisiese retirar en cualquier momento su consentimiento relativo a la presente Pol\u00edtica de <i>Cookies<\/i>, deber\u00e1 eliminar las <i>cookies<\/i> almacenadas en su equipo (ordenador o dispositivo m\u00f3vil) a trav\u00e9s de los ajustes y configuraciones de su navegador de Internet.<\/p>\n<p>Salvo que haya ajustado la configuraci\u00f3n de su navegador, nuestro sistema crear\u00e1 <i>cookies<\/i> en cuanto visite nuestro Sitio Web. Tenga presente que todos los navegadores de Internet permiten el cambio de dicha configuraci\u00f3n. Para m\u00e1s informaci\u00f3n sobre la forma de ajustar la configuraci\u00f3n de <i>cookies<\/i> en su navegador, le remitimos a continuaci\u00f3n a los enlaces pertinentes.<\/p>\n<p><strong>Internet Explorer:<\/strong><\/p>\n<ul>\n<li><a href=\"https:\/\/support.microsoft.com\/kb\/196955\" target=\"_blank\" rel=\"noopener\">5 (https:\/\/support.microsoft.com\/kb\/196955)<\/a><\/li>\n<li><a href=\"https:\/\/support.microsoft.com\/kb\/283185\" target=\"_blank\" rel=\"noopener\">6 (https:\/\/support.microsoft.com\/kb\/283185)<\/a><\/li>\n<li><a href=\"https:\/\/www.allaboutcookies.org\/es\/administrar-las-cookies\/internet-explorer7-plus.html\" target=\"_blank\" rel=\"noopener\">7 (https:\/\/www.allaboutcookies.org\/es\/administrar-las-cookies\/internet-explorer7-plus.html)<\/a><\/li>\n<li><a href=\"https:\/\/www.allaboutcookies.org\/es\/administrar-las-cookies\/internet-explorer8-plus.html\" target=\"_blank\" rel=\"noopener\">8 (https:\/\/www.allaboutcookies.org\/es\/administrar-las-cookies\/internet-explorer8-plus.html)<\/a><\/li>\n<li><a href=\"https:\/\/windows.microsoft.com\/es-es\/windows7\/how-to-manage-cookies-in-internet-explorer-9\" target=\"_blank\" rel=\"noopener\">9 (https:\/\/windows.microsoft.com\/es-es\/windows7\/how-to-manage-cookies-in-internet-explorer-9)<\/a><\/li>\n<\/ul>\n<p><strong>Firefox <\/strong><\/p>\n<ul>\n<li><a href=\"https:\/\/support.mozilla.org\/es\/kb\/cookies-informacion-que-los-sitios-web-guardan-en-?esab=a&amp;s=administrar+cookies&amp;r=0&amp;as=s#w_configurar-las-cookies\" target=\"_blank\" rel=\"noopener\">https:\/\/support.mozilla.org\/es\/kb\/cookies-informacion-que-los-sitios-web-guardan-en-?esab=a&amp;s=administrar+cookies&amp;r=0&amp;as=s#w_configurar-las-cookies<\/a><\/li>\n<\/ul>\n<p><strong>Chrome <\/strong><\/p>\n<ul>\n<li><a href=\"https:\/\/support.google.com\/chrome\/answer\/95647?hl=es\" target=\"_blank\" rel=\"noopener\">https:\/\/support.google.com\/chrome\/answer\/95647?hl=es<\/a><\/li>\n<\/ul>\n<p><strong>Safari <\/strong><\/p>\n<ul>\n<li><a href=\"https:\/\/www.allaboutcookies.org\/es\/administrar-las-cookies\/safari.html\" target=\"_blank\" rel=\"noopener\">https:\/\/www.allaboutcookies.org\/es\/administrar-las-cookies\/safari.html<\/a> (and for iOS &#8211; <a href=\"https:\/\/support.apple.com\/kb\/HT1677?viewlocale=es_ES&amp;locale=en_US\" target=\"_blank\" rel=\"noopener\">https:\/\/support.apple.com\/kb\/HT1677?viewlocale=es_ES&amp;locale=en_US<\/a>)<\/li>\n<\/ul>\n<\/div><\/div><\/div><\/div><\/div>\n","protected":false},"excerpt":{"rendered":"","protected":false},"author":1,"featured_media":0,"parent":0,"menu_order":0,"comment_status":"closed","ping_status":"closed","template":"","meta":{"footnotes":""},"class_list":["post-3790","page","type-page","status-publish","hentry"],"_links":{"self":[{"href":"https:\/\/www.volawyers.com\/es\/wp-json\/wp\/v2\/pages\/3790","targetHints":{"allow":["GET"]}}],"collection":[{"href":"https:\/\/www.volawyers.com\/es\/wp-json\/wp\/v2\/pages"}],"about":[{"href":"https:\/\/www.volawyers.com\/es\/wp-json\/wp\/v2\/types\/page"}],"author":[{"embeddable":true,"href":"https:\/\/www.volawyers.com\/es\/wp-json\/wp\/v2\/users\/1"}],"replies":[{"embeddable":true,"href":"https:\/\/www.volawyers.com\/es\/wp-json\/wp\/v2\/comments?post=3790"}],"version-history":[{"count":4,"href":"https:\/\/www.volawyers.com\/es\/wp-json\/wp\/v2\/pages\/3790\/revisions"}],"predecessor-version":[{"id":4986,"href":"https:\/\/www.volawyers.com\/es\/wp-json\/wp\/v2\/pages\/3790\/revisions\/4986"}],"wp:attachment":[{"href":"https:\/\/www.volawyers.com\/es\/wp-json\/wp\/v2\/media?parent=3790"}],"curies":[{"name":"wp","href":"https:\/\/api.w.org\/{rel}","templated":true}]}}