{"id":3781,"date":"2013-08-17T01:03:08","date_gmt":"2013-08-17T01:03:08","guid":{"rendered":"https:\/\/www.volawyers.com\/el-coste-de-una-hipoteca-en-espana\/"},"modified":"2023-10-13T19:26:16","modified_gmt":"2023-10-13T19:26:16","slug":"el-coste-de-una-hipoteca-en-espana","status":"publish","type":"page","link":"https:\/\/www.volawyers.com\/es\/que-necesita-saber\/hipotecas\/el-coste-de-una-hipoteca-en-espana\/","title":{"rendered":"El coste de una hipoteca en Espa\u00f1a"},"content":{"rendered":"<p><div class=\"fusion-fullwidth fullwidth-box fusion-builder-row-1 fusion-flex-container has-pattern-background has-mask-background nonhundred-percent-fullwidth non-hundred-percent-height-scrolling fusion-custom-z-index\" style=\"--awb-background-position:left top;--awb-border-sizes-top:0px;--awb-border-sizes-bottom:0px;--awb-border-sizes-left:0px;--awb-border-sizes-right:0px;--awb-border-radius-top-left:0px;--awb-border-radius-top-right:0px;--awb-border-radius-bottom-right:0px;--awb-border-radius-bottom-left:0px;--awb-z-index:189;--awb-padding-top:0px;--awb-padding-right:0px;--awb-padding-bottom:0px;--awb-padding-left:0px;--awb-padding-top-medium:72px;--awb-padding-bottom-medium:60px;--awb-padding-bottom-small:0px;--awb-background-color:var(--awb-color1);--awb-flex-wrap:wrap;\" ><div class=\"fusion-builder-row fusion-row fusion-flex-align-items-stretch fusion-flex-content-wrap\" style=\"max-width:calc( 1300px + 0px );margin-left: calc(-0px \/ 2 );margin-right: calc(-0px \/ 2 );\"><div class=\"fusion-layout-column fusion_builder_column fusion-builder-column-0 fusion_builder_column_1_1 1_1 fusion-flex-column fusion-flex-align-self-flex-start fusion-column-no-min-height fusion-no-small-visibility fusion-no-medium-visibility\" style=\"--awb-bg-blend:overlay;--awb-bg-size:cover;--awb-width-large:100%;--awb-margin-top-large:0px;--awb-spacing-right-large:0px;--awb-margin-bottom-large:0px;--awb-spacing-left-large:0px;--awb-width-medium:100%;--awb-order-medium:0;--awb-spacing-right-medium:0px;--awb-spacing-left-medium:0px;--awb-width-small:100%;--awb-order-small:0;--awb-spacing-right-small:0px;--awb-spacing-left-small:0px;\"><div class=\"fusion-column-wrapper fusion-column-has-shadow fusion-flex-justify-content-flex-start fusion-content-layout-column\"><div class=\"fusion-separator fusion-full-width-sep\" style=\"align-self: center;margin-left: auto;margin-right: auto;margin-top:0px;margin-bottom:0px;width:100%;\"><div class=\"fusion-separator-border sep-single sep-solid\" style=\"--awb-height:20px;--awb-amount:20px;--awb-sep-color:var(--awb-color5);border-color:var(--awb-color5);border-top-width:5px;\"><\/div><\/div><nav class=\"awb-menu awb-menu_row awb-menu_em-hover mobile-mode-collapse-to-button awb-menu_icons-left awb-menu_dc-no mobile-trigger-fullwidth-off awb-menu_mobile-toggle awb-menu_indent-left mobile-size-full-absolute loading mega-menu-loading awb-menu_desktop awb-menu_dropdown awb-menu_expand-right awb-menu_transition-fade dlc-menu-tips\" style=\"--awb-text-transform:uppercase;--awb-justify-content:space-between;--awb-items-padding-right:16px;--awb-items-padding-left:16px;--awb-active-color:var(--awb-color5);--awb-active-bg:var(--awb-color2);--awb-submenu-bg:var(--awb-color2);--awb-icons-hover-color:var(--awb-color5);--awb-main-justify-content:flex-start;--awb-mobile-justify:flex-start;--awb-mobile-caret-left:auto;--awb-mobile-caret-right:0;--awb-fusion-font-family-typography:inherit;--awb-fusion-font-style-typography:normal;--awb-fusion-font-weight-typography:400;--awb-fusion-font-family-submenu-typography:inherit;--awb-fusion-font-style-submenu-typography:normal;--awb-fusion-font-weight-submenu-typography:400;--awb-fusion-font-family-mobile-typography:inherit;--awb-fusion-font-style-mobile-typography:normal;--awb-fusion-font-weight-mobile-typography:400;\" aria-label=\"Legal Tips ES\" data-breakpoint=\"1024\" data-count=\"0\" data-transition-type=\"fade\" data-transition-time=\"300\" data-expand=\"right\"><button type=\"button\" class=\"awb-menu__m-toggle awb-menu__m-toggle_no-text\" aria-expanded=\"false\" aria-controls=\"menu-legal-tips-es\"><span class=\"awb-menu__m-toggle-inner\"><span class=\"collapsed-nav-text\"><span class=\"screen-reader-text\">Toggle Navigation<\/span><\/span><span class=\"awb-menu__m-collapse-icon awb-menu__m-collapse-icon_no-text\"><span class=\"awb-menu__m-collapse-icon-open awb-menu__m-collapse-icon-open_no-text fa-bars fas\"><\/span><span class=\"awb-menu__m-collapse-icon-close awb-menu__m-collapse-icon-close_no-text fa-times fas\"><\/span><\/span><\/span><\/button><ul id=\"menu-legal-tips-es\" class=\"fusion-menu awb-menu__main-ul awb-menu__main-ul_row\"><li  id=\"menu-item-5596\"  class=\"menu-item menu-item-type-post_type menu-item-object-page menu-item-5596 awb-menu__li awb-menu__main-li awb-menu__main-li_regular\"  data-item-id=\"5596\"><span class=\"awb-menu__main-background-default awb-menu__main-background-default_fade\"><\/span><span class=\"awb-menu__main-background-active awb-menu__main-background-active_fade\"><\/span><a  href=\"https:\/\/www.volawyers.com\/es\/que-necesita-saber\/compra-inmuebles\/documento-reserva-compra-propiedades\/\" class=\"awb-menu__main-a awb-menu__main-a_regular\"><span class=\"menu-text\">Compra<\/span><\/a><\/li><li  id=\"menu-item-5129\"  class=\"menu-item menu-item-type-post_type menu-item-object-page menu-item-5129 awb-menu__li awb-menu__main-li awb-menu__main-li_regular\"  data-item-id=\"5129\"><span class=\"awb-menu__main-background-default awb-menu__main-background-default_fade\"><\/span><span class=\"awb-menu__main-background-active awb-menu__main-background-active_fade\"><\/span><a  href=\"https:\/\/www.volawyers.com\/es\/que-necesita-saber\/la-venta-de-propiedades-en-espana\/\" class=\"awb-menu__main-a awb-menu__main-a_regular\"><span class=\"menu-text\">Venta<\/span><\/a><\/li><li  id=\"menu-item-5132\"  class=\"menu-item menu-item-type-post_type menu-item-object-page menu-item-5132 awb-menu__li awb-menu__main-li awb-menu__main-li_regular\"  data-item-id=\"5132\"><span class=\"awb-menu__main-background-default awb-menu__main-background-default_fade\"><\/span><span class=\"awb-menu__main-background-active awb-menu__main-background-active_fade\"><\/span><a  href=\"https:\/\/www.volawyers.com\/es\/que-necesita-saber\/impuestos-anuales-para-los-extranjeros-propietarios-de-viviendas\/\" class=\"awb-menu__main-a awb-menu__main-a_regular\"><span class=\"menu-text\">Impuestos<\/span><\/a><\/li><li  id=\"menu-item-5133\"  class=\"menu-item menu-item-type-post_type menu-item-object-page menu-item-5133 awb-menu__li awb-menu__main-li awb-menu__main-li_regular\"  data-item-id=\"5133\"><span class=\"awb-menu__main-background-default awb-menu__main-background-default_fade\"><\/span><span class=\"awb-menu__main-background-active awb-menu__main-background-active_fade\"><\/span><a  href=\"https:\/\/www.volawyers.com\/es\/que-necesita-saber\/gastos-mantenimiento-propiedad\/\" class=\"awb-menu__main-a awb-menu__main-a_regular\"><span class=\"menu-text\">Otros gastos<\/span><\/a><\/li><li  id=\"menu-item-5134\"  class=\"menu-item menu-item-type-post_type menu-item-object-page menu-item-5134 awb-menu__li awb-menu__main-li awb-menu__main-li_regular\"  data-item-id=\"5134\"><span class=\"awb-menu__main-background-default awb-menu__main-background-default_fade\"><\/span><span class=\"awb-menu__main-background-active awb-menu__main-background-active_fade\"><\/span><a  href=\"https:\/\/www.volawyers.com\/es\/que-necesita-saber\/testamentos\/\" class=\"awb-menu__main-a awb-menu__main-a_regular\"><span class=\"menu-text\">Testamentos<\/span><\/a><\/li><li  id=\"menu-item-5135\"  class=\"menu-item menu-item-type-post_type menu-item-object-page menu-item-5135 awb-menu__li awb-menu__main-li awb-menu__main-li_regular\"  data-item-id=\"5135\"><span class=\"awb-menu__main-background-default awb-menu__main-background-default_fade\"><\/span><span class=\"awb-menu__main-background-active awb-menu__main-background-active_fade\"><\/span><a  href=\"https:\/\/www.volawyers.com\/es\/que-necesita-saber\/herencias\/\" class=\"awb-menu__main-a awb-menu__main-a_regular\"><span class=\"menu-text\">Herencias<\/span><\/a><\/li><li  id=\"menu-item-5618\"  class=\"menu-item menu-item-type-post_type menu-item-object-page menu-item-5618 awb-menu__li awb-menu__main-li awb-menu__main-li_regular\"  data-item-id=\"5618\"><span class=\"awb-menu__main-background-default awb-menu__main-background-default_fade\"><\/span><span class=\"awb-menu__main-background-active awb-menu__main-background-active_fade\"><\/span><a  href=\"https:\/\/www.volawyers.com\/es\/que-necesita-saber\/hipotecas\/las-hipotecas-en-espana\/\" class=\"awb-menu__main-a awb-menu__main-a_regular\"><span class=\"menu-text\">Hipotecas<\/span><\/a><\/li><li  id=\"menu-item-5141\"  class=\"menu-item menu-item-type-post_type menu-item-object-page menu-item-5141 awb-menu__li awb-menu__main-li awb-menu__main-li_regular\"  data-item-id=\"5141\"><span class=\"awb-menu__main-background-default awb-menu__main-background-default_fade\"><\/span><span class=\"awb-menu__main-background-active awb-menu__main-background-active_fade\"><\/span><a  href=\"https:\/\/www.volawyers.com\/es\/que-necesita-saber\/el-alquiler-de-propiedades-en-espana\/\" class=\"awb-menu__main-a awb-menu__main-a_regular\"><span class=\"menu-text\">Alquileres<\/span><\/a><\/li><li  id=\"menu-item-5120\"  class=\"menu-item menu-item-type-post_type menu-item-object-page menu-item-5120 awb-menu__li awb-menu__main-li awb-menu__main-li_regular\"  data-item-id=\"5120\"><span class=\"awb-menu__main-background-default awb-menu__main-background-default_fade\"><\/span><span class=\"awb-menu__main-background-active awb-menu__main-background-active_fade\"><\/span><a  href=\"https:\/\/www.volawyers.com\/es\/que-necesita-saber\/atencion-sanitaria\/\" class=\"awb-menu__main-a awb-menu__main-a_regular\"><span class=\"menu-text\">Sanidad<\/span><\/a><\/li><\/ul><\/nav><\/div><\/div><div class=\"fusion-layout-column fusion_builder_column fusion-builder-column-1 fusion_builder_column_1_1 1_1 fusion-flex-column green-border rounded-border\" style=\"--awb-padding-top:60px;--awb-padding-right:60px;--awb-padding-bottom:20px;--awb-padding-left:60px;--awb-padding-bottom-medium:16px;--awb-padding-top-small:20px;--awb-padding-bottom-small:20px;--awb-bg-color:var(--awb-color1);--awb-bg-color-hover:var(--awb-color1);--awb-bg-size:cover;--awb-border-color:var(--awb-color3);--awb-border-style:solid;--awb-width-large:100%;--awb-margin-top-large:0px;--awb-spacing-right-large:0px;--awb-margin-bottom-large:20px;--awb-spacing-left-large:0px;--awb-width-medium:100%;--awb-order-medium:0;--awb-spacing-right-medium:0px;--awb-spacing-left-medium:0px;--awb-width-small:100%;--awb-order-small:0;--awb-spacing-right-small:0px;--awb-spacing-left-small:0px;\"><div class=\"fusion-column-wrapper fusion-column-has-shadow fusion-flex-justify-content-flex-start fusion-content-layout-column\"><div class=\"fusion-title title fusion-title-1 fusion-sep-none fusion-title-center fusion-title-text fusion-title-size-one\"><h1 class=\"fusion-title-heading title-heading-center\" style=\"margin:0;\">El coste de una hipoteca en Espa\u00f1a<\/h1><\/div><\/div><\/div><\/div><\/div><div class=\"fusion-fullwidth fullwidth-box fusion-builder-row-2 fusion-flex-container nonhundred-percent-fullwidth non-hundred-percent-height-scrolling\" style=\"--awb-border-radius-top-left:0px;--awb-border-radius-top-right:0px;--awb-border-radius-bottom-right:0px;--awb-border-radius-bottom-left:0px;--awb-padding-bottom:50px;--awb-flex-wrap:wrap;\" ><div class=\"fusion-builder-row fusion-row fusion-flex-align-items-flex-start fusion-flex-content-wrap\" style=\"max-width:1352px;margin-left: calc(-4% \/ 2 );margin-right: calc(-4% \/ 2 );\"><div class=\"fusion-layout-column fusion_builder_column fusion-builder-column-2 fusion_builder_column_1_1 1_1 fusion-flex-column\" style=\"--awb-bg-size:cover;--awb-width-large:100%;--awb-margin-top-large:0px;--awb-spacing-right-large:1.92%;--awb-margin-bottom-large:0px;--awb-spacing-left-large:1.92%;--awb-width-medium:100%;--awb-spacing-right-medium:1.92%;--awb-spacing-left-medium:1.92%;--awb-width-small:100%;--awb-spacing-right-small:1.92%;--awb-spacing-left-small:1.92%;\"><div class=\"fusion-column-wrapper fusion-flex-justify-content-flex-start fusion-content-layout-column\"><div class=\"fusion-text fusion-text-1 fusion-text-no-margin\" style=\"--awb-text-transform:none;--awb-margin-bottom:40px;\"><p>Tradicionalmente los solicitantes ten\u00edan que abonar la mayor\u00eda de los gastos en la constituci\u00f3n de una hipoteca, pero esto ha cambiado desde Junio del a\u00f1o 2019 con la aprobaci\u00f3n de la nueva Ley Hipotecaria, que regula que la mayor\u00eda de los gastos de la constituci\u00f3n son ahora abonados por las entidades de cr\u00e9dito.<br \/>\nLos gastos que genera la concesi\u00f3n de un pr\u00e9stamo hipotecario en Espa\u00f1a y que son abonados por los solicitantes son:<\/p>\n<p><strong>Tasaci\u00f3n<\/strong><\/p>\n<p>El banco solicitar\u00e1 a un tasador que realice un informe del valor de la propiedad a fin de estudiar la viabilidad del pr\u00e9stamo. El pago de la tasaci\u00f3n corre a cargo del solicitante y su coste puede empezar en torno a 300 euros para las viviendas de bajo valor subiendo proporcionalmente el coste seg\u00fan sube el valor de la vivienda.<\/p>\n<p><strong>Comisi\u00f3n de apertura y estudio<\/strong><\/p>\n<p>Las entidades de cr\u00e9dito cobran un porcentaje por conceder la hipoteca. Es un pago \u00fanico que se efect\u00faa antes de la firma de la escritura de constituci\u00f3n del pr\u00e9stamo. Habitualmente puede ser negociable y variara entre un 0,5% y un 2% del importe de la hipoteca dependiendo de la entidad de cr\u00e9dito.<\/p>\n<p><strong>Seguros de hogar y vida<\/strong><\/p>\n<p>Es obligatorio asegurar la propiedad que se va a hipotecar al menos contra incendio. El beneficiario de la p\u00f3liza debe ser el banco con el fin de garantizar que, en caso de cat\u00e1strofe y p\u00e9rdida total de la vivienda, aqu\u00e9l reciba la totalidad del importe concedido. En ocasiones, el banco puede sugerir que se contrate un seguro de vida ligado al pr\u00e9stamo de modo que, si fallecen los titulares, la deuda quede saldada.<\/p>\n<p>Los gastos que genera la concesi\u00f3n de un pr\u00e9stamo hipotecario en Espa\u00f1a y que son abonados por el banco son:<\/p>\n<p><strong>Honorarios de notario y registrador<\/strong><\/p>\n<p>Los pr\u00e9stamos hipotecarios se constituyen por medio de escritura p\u00fablica firmada ante notario. Dicha escritura deber\u00e1 ser inscrita adem\u00e1s en el Registro de la Propiedad correspondiente.<\/p>\n<p><strong>Actos Jur\u00eddicos Documentados<\/strong><\/p>\n<p>Es un impuesto que se aplica a los actos formalizados en documentos p\u00fablicos, que deban inscribirse y que lleven aparejada una cuant\u00eda econ\u00f3mica, como las hipotecas. Se calcula en funci\u00f3n de la responsabilidad m\u00e1xima hipotecaria (la suma de principal, intereses ordinarios, intereses de demora, gastos y costas procesales).<\/p>\n<p><strong>Gestor\u00eda<\/strong><\/p>\n<p>El banco encarga a una empresa la tramitaci\u00f3n de la escritura de constituci\u00f3n de hipoteca. Esta gesti\u00f3n consiste b\u00e1sicamente en retirar el documento de la notar\u00eda, liquidar el impuesto, presentar el documento en el Registro de la Propiedad y retirarlo una vez inscrito.<\/p>\n<p>En Vicente &amp; Otaolaurruchi podemos realizar una estimaci\u00f3n de gastos tan pronto como dispongamos de datos concretos sobre la propiedad que quiere adquirir y el tipo de financiaci\u00f3n que necesita.<\/p>\n<\/div><div class=\"fusion-builder-row fusion-builder-row-inner fusion-row fusion-flex-align-items-flex-start fusion-flex-content-wrap\" style=\"width:104% !important;max-width:104% !important;margin-left: calc(-4% \/ 2 );margin-right: calc(-4% \/ 2 );\"><div class=\"fusion-layout-column fusion_builder_column_inner fusion-builder-nested-column-0 fusion_builder_column_inner_1_2 1_2 fusion-flex-column\" style=\"--awb-bg-size:cover;--awb-width-large:50%;--awb-margin-top-large:0px;--awb-spacing-right-large:3.84%;--awb-margin-bottom-large:20px;--awb-spacing-left-large:3.84%;--awb-width-medium:50%;--awb-order-medium:0;--awb-spacing-right-medium:3.84%;--awb-spacing-left-medium:3.84%;--awb-width-small:100%;--awb-order-small:0;--awb-spacing-right-small:1.92%;--awb-spacing-left-small:1.92%;\"><div class=\"fusion-column-wrapper fusion-column-has-shadow fusion-flex-justify-content-flex-start fusion-content-layout-column\"><div class=\"fusion-text fusion-text-2\" style=\"--awb-text-transform:none;\"><p><a title=\"Documentaci\u00f3n necesaria para solicitar una hipoteca\" href=\"https:\/\/www.volawyers.com\/es\/que-necesita-saber\/hipotecas\/documentacion-necesaria-para-solicitar-una-hipoteca-en-espana\/\">Anterior: Documentaci\u00f3n necesaria para solicitar una hipoteca<\/a><\/p>\n<\/div><\/div><\/div><div class=\"fusion-layout-column fusion_builder_column_inner fusion-builder-nested-column-1 fusion_builder_column_inner_1_2 1_2 fusion-flex-column\" style=\"--awb-bg-size:cover;--awb-width-large:50%;--awb-margin-top-large:0px;--awb-spacing-right-large:3.84%;--awb-margin-bottom-large:20px;--awb-spacing-left-large:3.84%;--awb-width-medium:50%;--awb-order-medium:0;--awb-spacing-right-medium:3.84%;--awb-spacing-left-medium:3.84%;--awb-width-small:100%;--awb-order-small:0;--awb-spacing-right-small:1.92%;--awb-spacing-left-small:1.92%;\"><div class=\"fusion-column-wrapper fusion-column-has-shadow fusion-flex-justify-content-flex-start fusion-content-layout-column\"><div class=\"fusion-text fusion-text-3\" style=\"--awb-text-transform:none;\"><p style=\"text-align: right;\"><a title=\"\u00bfQu\u00e9 ocurre si no puedo afrontar las cuotas mensuales?\" href=\"https:\/\/www.volawyers.com\/es\/que-necesita-saber\/hipotecas\/que-ocurre-si-no-puedo-afrontar-las-cuotas-mensuales-de-la-hipoteca\/\">Siguiente: \u00bfQu\u00e9 ocurre si no puedo afrontar las cuotas mensuales?<\/a><\/p>\n<\/div><\/div><\/div><\/div><div class=\"fusion-builder-row fusion-builder-row-inner fusion-row fusion-flex-align-items-flex-start fusion-flex-content-wrap\" style=\"width:104% !important;max-width:104% !important;margin-left: calc(-4% \/ 2 );margin-right: calc(-4% \/ 2 );\"><div class=\"fusion-layout-column fusion_builder_column_inner fusion-builder-nested-column-2 fusion_builder_column_inner_1_2 1_2 fusion-flex-column\" style=\"--awb-bg-size:cover;--awb-width-large:50%;--awb-margin-top-large:0px;--awb-spacing-right-large:3.84%;--awb-margin-bottom-large:20px;--awb-spacing-left-large:3.84%;--awb-width-medium:50%;--awb-order-medium:0;--awb-spacing-right-medium:3.84%;--awb-spacing-left-medium:3.84%;--awb-width-small:100%;--awb-order-small:0;--awb-spacing-right-small:1.92%;--awb-spacing-left-small:1.92%;\"><div class=\"fusion-column-wrapper fusion-column-has-shadow fusion-flex-justify-content-flex-start fusion-content-layout-column\"><div class=\"fusion-text fusion-text-4\" style=\"--awb-text-transform:none;\"><p style=\"text-align: left;\">P\u00e1gina 3\/4<\/p>\n<\/div><\/div><\/div><div class=\"fusion-layout-column fusion_builder_column_inner fusion-builder-nested-column-3 fusion_builder_column_inner_1_2 1_2 fusion-flex-column\" style=\"--awb-bg-size:cover;--awb-width-large:50%;--awb-margin-top-large:0px;--awb-spacing-right-large:3.84%;--awb-margin-bottom-large:20px;--awb-spacing-left-large:3.84%;--awb-width-medium:50%;--awb-order-medium:0;--awb-spacing-right-medium:3.84%;--awb-spacing-left-medium:3.84%;--awb-width-small:100%;--awb-order-small:0;--awb-spacing-right-small:1.92%;--awb-spacing-left-small:1.92%;\"><div class=\"fusion-column-wrapper fusion-column-has-shadow fusion-flex-justify-content-flex-start fusion-content-layout-column\"><div class=\"fusion-text fusion-text-5\" style=\"--awb-text-transform:none;\"><p style=\"text-align: right;\">Ir a la p\u00e1gina: <a href=\"https:\/\/www.volawyers.com\/es\/que-necesita-saber\/hipotecas\/las-hipotecas-en-espana\/\">1<\/a> <a href=\"https:\/\/www.volawyers.com\/es\/que-necesita-saber\/hipotecas\/documentacion-necesaria-para-solicitar-una-hipoteca-en-espana\/\">2<\/a>\u00a03\u00a0<a href=\"https:\/\/www.volawyers.com\/es\/que-necesita-saber\/hipotecas\/que-ocurre-si-no-puedo-afrontar-las-cuotas-mensuales-de-la-hipoteca\/\">4<\/a><\/p>\n<\/div><\/div><\/div><\/div><\/div><\/div><\/div><\/div><\/p>\n","protected":false},"excerpt":{"rendered":"","protected":false},"author":3,"featured_media":0,"parent":3745,"menu_order":0,"comment_status":"closed","ping_status":"open","template":"","meta":{"footnotes":""},"class_list":["post-3781","page","type-page","status-publish","hentry"],"_links":{"self":[{"href":"https:\/\/www.volawyers.com\/es\/wp-json\/wp\/v2\/pages\/3781","targetHints":{"allow":["GET"]}}],"collection":[{"href":"https:\/\/www.volawyers.com\/es\/wp-json\/wp\/v2\/pages"}],"about":[{"href":"https:\/\/www.volawyers.com\/es\/wp-json\/wp\/v2\/types\/page"}],"author":[{"embeddable":true,"href":"https:\/\/www.volawyers.com\/es\/wp-json\/wp\/v2\/users\/3"}],"replies":[{"embeddable":true,"href":"https:\/\/www.volawyers.com\/es\/wp-json\/wp\/v2\/comments?post=3781"}],"version-history":[{"count":5,"href":"https:\/\/www.volawyers.com\/es\/wp-json\/wp\/v2\/pages\/3781\/revisions"}],"predecessor-version":[{"id":5623,"href":"https:\/\/www.volawyers.com\/es\/wp-json\/wp\/v2\/pages\/3781\/revisions\/5623"}],"up":[{"embeddable":true,"href":"https:\/\/www.volawyers.com\/es\/wp-json\/wp\/v2\/pages\/3745"}],"wp:attachment":[{"href":"https:\/\/www.volawyers.com\/es\/wp-json\/wp\/v2\/media?parent=3781"}],"curies":[{"name":"wp","href":"https:\/\/api.w.org\/{rel}","templated":true}]}}