{"id":3775,"date":"2013-08-13T10:20:43","date_gmt":"2013-08-13T10:20:43","guid":{"rendered":"https:\/\/www.volawyers.com\/aviso-legal-y-politica-de-privacidad\/"},"modified":"2023-08-10T23:48:16","modified_gmt":"2023-08-10T23:48:16","slug":"aviso-legal-y-politica-de-privacidad","status":"publish","type":"page","link":"https:\/\/www.volawyers.com\/es\/aviso-legal-y-politica-de-privacidad\/","title":{"rendered":"Aviso Legal y Pol\u00edtica de Privacidad"},"content":{"rendered":"<p><div class=\"fusion-fullwidth fullwidth-box fusion-builder-row-1 fusion-flex-container nonhundred-percent-fullwidth non-hundred-percent-height-scrolling\" style=\"--awb-background-position:left top;--awb-border-sizes-top:0px;--awb-border-sizes-bottom:0px;--awb-border-sizes-left:0px;--awb-border-sizes-right:0px;--awb-border-radius-top-left:0px;--awb-border-radius-top-right:0px;--awb-border-radius-bottom-right:0px;--awb-border-radius-bottom-left:0px;--awb-padding-top:0px;--awb-padding-right:0px;--awb-padding-bottom:0px;--awb-padding-left:0px;--awb-padding-top-medium:72px;--awb-padding-bottom-medium:60px;--awb-padding-bottom-small:0px;--awb-background-color:var(--awb-color1);--awb-flex-wrap:wrap;\" ><div class=\"fusion-builder-row fusion-row fusion-flex-align-items-stretch fusion-flex-content-wrap\" style=\"max-width:calc( 1300px + 0px );margin-left: calc(-0px \/ 2 );margin-right: calc(-0px \/ 2 );\"><div class=\"fusion-layout-column fusion_builder_column fusion-builder-column-0 fusion_builder_column_1_1 1_1 fusion-flex-column fusion-flex-align-self-flex-start fusion-column-no-min-height fusion-no-small-visibility fusion-no-medium-visibility\" style=\"--awb-bg-blend:overlay;--awb-bg-size:cover;--awb-width-large:100%;--awb-margin-top-large:0px;--awb-spacing-right-large:0px;--awb-margin-bottom-large:0px;--awb-spacing-left-large:0px;--awb-width-medium:100%;--awb-order-medium:0;--awb-spacing-right-medium:0px;--awb-spacing-left-medium:0px;--awb-width-small:100%;--awb-order-small:0;--awb-spacing-right-small:0px;--awb-spacing-left-small:0px;\"><div class=\"fusion-column-wrapper fusion-column-has-shadow fusion-flex-justify-content-flex-start fusion-content-layout-column\"><div class=\"fusion-separator fusion-full-width-sep\" style=\"align-self: center;margin-left: auto;margin-right: auto;margin-top:0px;margin-bottom:0px;width:100%;\"><div class=\"fusion-separator-border sep-single sep-solid\" style=\"--awb-height:20px;--awb-amount:20px;--awb-sep-color:var(--awb-color5);border-color:var(--awb-color5);border-top-width:5px;\"><\/div><\/div><\/div><\/div><div class=\"fusion-layout-column fusion_builder_column fusion-builder-column-1 fusion_builder_column_1_1 1_1 fusion-flex-column green-border rounded-border\" style=\"--awb-padding-top:60px;--awb-padding-right:60px;--awb-padding-bottom:5px;--awb-padding-left:60px;--awb-padding-bottom-medium:16px;--awb-padding-top-small:20px;--awb-padding-bottom-small:20px;--awb-bg-color:var(--awb-color1);--awb-bg-color-hover:var(--awb-color1);--awb-bg-size:cover;--awb-border-color:var(--awb-color3);--awb-border-style:solid;--awb-width-large:100%;--awb-margin-top-large:0px;--awb-spacing-right-large:0px;--awb-margin-bottom-large:20px;--awb-spacing-left-large:0px;--awb-width-medium:100%;--awb-order-medium:0;--awb-spacing-right-medium:0px;--awb-spacing-left-medium:0px;--awb-width-small:100%;--awb-order-small:0;--awb-spacing-right-small:0px;--awb-spacing-left-small:0px;\"><div class=\"fusion-column-wrapper fusion-column-has-shadow fusion-flex-justify-content-flex-start fusion-content-layout-column\"><div class=\"fusion-title title fusion-title-1 fusion-sep-none fusion-title-center fusion-title-text fusion-title-size-one\"><h1 class=\"fusion-title-heading title-heading-center\" style=\"margin:0;\">Aviso Legal y Pol\u00edtica de Privacidad<\/h1><\/div><div class=\"fusion-separator\" style=\"align-self: center;margin-left: auto;margin-right: auto;margin-top:10px;margin-bottom:40px;width:100%;max-width:170px;\"><div class=\"fusion-separator-border sep-single sep-solid\" style=\"--awb-height:20px;--awb-amount:20px;--awb-sep-color:var(--awb-color5);border-color:var(--awb-color5);border-top-width:5px;\"><\/div><\/div><\/div><\/div><\/div><\/div><div class=\"fusion-fullwidth fullwidth-box fusion-builder-row-2 fusion-flex-container nonhundred-percent-fullwidth non-hundred-percent-height-scrolling\" style=\"--awb-border-radius-top-left:0px;--awb-border-radius-top-right:0px;--awb-border-radius-bottom-right:0px;--awb-border-radius-bottom-left:0px;--awb-padding-bottom:40px;--awb-flex-wrap:wrap;\" ><div class=\"fusion-builder-row fusion-row fusion-flex-align-items-flex-start fusion-flex-content-wrap\" style=\"max-width:1352px;margin-left: calc(-4% \/ 2 );margin-right: calc(-4% \/ 2 );\"><div class=\"fusion-layout-column fusion_builder_column fusion-builder-column-2 fusion_builder_column_1_1 1_1 fusion-flex-column\" style=\"--awb-bg-size:cover;--awb-width-large:100%;--awb-margin-top-large:0px;--awb-spacing-right-large:1.92%;--awb-margin-bottom-large:0px;--awb-spacing-left-large:1.92%;--awb-width-medium:100%;--awb-spacing-right-medium:1.92%;--awb-spacing-left-medium:1.92%;--awb-width-small:100%;--awb-spacing-right-small:1.92%;--awb-spacing-left-small:1.92%;\"><div class=\"fusion-column-wrapper fusion-flex-justify-content-flex-start fusion-content-layout-column\"><div class=\"fusion-text fusion-text-1\" style=\"--awb-text-transform:none;\"><p style=\"text-align: justify;\">El presente sitio web, la marca Vicente &amp; Otaolaurruchi Abogados y el dominio www.volawyers.com pertenecen a la sociedad V.O. Lawyers S.L., con domicilio social en Marbella (M\u00e1laga), Avda. Nabeul 14, Edif. Parquesol, Oficinas 11-12 y CIF B-92240746.<\/p>\n<p style=\"text-align: justify;\">La utilizaci\u00f3n de este sitio web est\u00e1 sujeta a las siguientes Condiciones Generales de Uso, por lo que le rogamos que las lea atentamente<br \/>\nCondiciones de uso y acceso \/ Protecci\u00f3n de datos:<br \/>\n1.- El acceso a este sitio web implica autom\u00e1ticamente la aceptaci\u00f3n de las presentas condiciones de uso y acceso, las cuales podr\u00e1n ser modificadas en cualquier momento y sin previo aviso por parte de V.O. Lawyers S.L.<br \/>\n2.- V.O. Lawyers S.L., as\u00ed como sus socios y empleados, est\u00e1n exentos de cualquier responsabilidad derivada del acceso y uso del sitio web, incluso en el supuesto de que se produjera alg\u00fan fallo o error que causase da\u00f1os en los equipos inform\u00e1ticas de terceras personas. El usuario accede a las p\u00e1ginas web de este sitio bajo su exclusiva responsabilidad.<br \/>\n3.- El v\u00ednculo establecido con el usuario al acceder este a los contenidos que ponemos a su disposici\u00f3n gratuitamente y con fines \u00fanicamente informativos, en modo alguno constituye una relaci\u00f3n profesional o de confianza entre V.O. Lawyers S.L. y usted, por lo que dichos contenidos no podr\u00e1n considerarse nunca como asesoramiento jur\u00eddico. Debe adem\u00e1s tener en cuenta que dichos contenidos pudieran no reflejar la \u00faltima jurisprudencia o legislaci\u00f3n sobre las cuestiones expuestas y que pueden ser modificados, desarrollados o actualizados sin notificaci\u00f3n previa.<br \/>\n4.- \u00a0Los derechos de propiedad intelectual e industrial sobre la totalidad del contenido de este sitio web, \u00a0ya sean textos, im\u00e1genes, ficheros, logotipos, combinaciones de colores, o cualquier otro elemento, su estructura y dise\u00f1o, la selecci\u00f3n y forma de presentaci\u00f3n de los materiales incluidos en la misma, corresponden a V.O. Lawyers S.L., salvo que se indique lo contrario o en supuestos en los que se proceda a reproducir informaci\u00f3n contenida o publicada en medios de comunicaci\u00f3n, cuyos derechos de propiedad intelectual corresponder\u00e1n al medio en cuesti\u00f3n.<br \/>\n5.- Los enlaces externos que contiene este sitio web le conducen a p\u00e1ginas web gestionadas por terceros, que pensamos pueden ser de su inter\u00e9s, pero sobre las cuales V.O. Lawyers S.L. no ejerce ning\u00fan tipo de control, por lo que no respondemos ni de los contenidos ni de la efectiva accesibilidad de dichas p\u00e1ginas web, y el acceso a las mismas a trav\u00e9s de esta p\u00e1gina tampoco implica que estemos necesariamente de acuerdo con su contenido.<br \/>\n6. Queda prohibido colocar enlaces a este sitio web o a cualquiera de sus p\u00e1ginas desde otros sitios sin el consentimiento previo y por escrito de V.O. Lawyers S.L.Una vez obtenido el mismo, el enlace deber\u00e1 serlo a la p\u00e1gina principal\u00a0 y a pantalla completa, no estando permitida la modificaci\u00f3n est\u00e9tica o de contenidos de la misma. En todo caso, queda terminantemente prohibida la inclusi\u00f3n de enlaces a este sitio, o a cualquiera de sus p\u00e1ginas, desde otros sitios web con contenidos que atenten contra la moral, las buenas costumbres, tengan contenido sexual expl\u00edcito o faciliten directa o indirectamente la violaci\u00f3n de derechos de propiedad intelectual de terceros.<br \/>\n7.- El acceso a este sitio web, o su uso, no conlleva necesariamente una recogida de datos personales del usuario. No obstante, al acceder a la misma V.O. Lawyers S.L. puede estar en disposici\u00f3n de obtener determinados datos personales del usuario que pueden llegar a identificarle. Dichos datos ser\u00e1n considerados y tratados, en su caso, con la \u00fanica finalidad de perfeccionar cuestiones t\u00e9cnicas del sitio web. En todo caso, se comunica que en el supuesto de que se soliciten datos personales, se informar\u00e1 debidamente al usuario conforme a la normativa vigente y, en particular, a la Ley Org\u00e1nica 3\/2018, de 5 de diciembre, de Protecci\u00f3n de Datos Personales y garant\u00eda de los Derechos Digitales. Asimismo, los datos personales ser\u00e1n almacenados en nuestros ficheros respetando la normativa vigente en Espa\u00f1a. Podr\u00e1 ejercitarse el derecho de acceso a nuestros ficheros, solicitar la modificaci\u00f3n de sus datos y la eliminaci\u00f3n de los mismos, mediante escrito a la direcci\u00f3n que a continuaci\u00f3n se se\u00f1ala indicando nombre, apellidos y direcci\u00f3n completa y adjuntar una fotocopia de su DNI o pasaporte: V.O. Lawyers S.L., Avda. Nabeul 14, Edificio Parquesol, Oficinas 11-12, Marbella 29601, M\u00e1laga.<br \/>\n8.- Las presentes condiciones de uso y acceso quedan sometidas a la legislaci\u00f3n espa\u00f1ola.<\/p>\n<\/div><\/div><\/div><\/div><\/div><\/p>\n","protected":false},"excerpt":{"rendered":"","protected":false},"author":1,"featured_media":0,"parent":0,"menu_order":0,"comment_status":"closed","ping_status":"open","template":"","meta":{"footnotes":""},"class_list":["post-3775","page","type-page","status-publish","hentry"],"_links":{"self":[{"href":"https:\/\/www.volawyers.com\/es\/wp-json\/wp\/v2\/pages\/3775","targetHints":{"allow":["GET"]}}],"collection":[{"href":"https:\/\/www.volawyers.com\/es\/wp-json\/wp\/v2\/pages"}],"about":[{"href":"https:\/\/www.volawyers.com\/es\/wp-json\/wp\/v2\/types\/page"}],"author":[{"embeddable":true,"href":"https:\/\/www.volawyers.com\/es\/wp-json\/wp\/v2\/users\/1"}],"replies":[{"embeddable":true,"href":"https:\/\/www.volawyers.com\/es\/wp-json\/wp\/v2\/comments?post=3775"}],"version-history":[{"count":3,"href":"https:\/\/www.volawyers.com\/es\/wp-json\/wp\/v2\/pages\/3775\/revisions"}],"predecessor-version":[{"id":5494,"href":"https:\/\/www.volawyers.com\/es\/wp-json\/wp\/v2\/pages\/3775\/revisions\/5494"}],"wp:attachment":[{"href":"https:\/\/www.volawyers.com\/es\/wp-json\/wp\/v2\/media?parent=3775"}],"curies":[{"name":"wp","href":"https:\/\/api.w.org\/{rel}","templated":true}]}}