{"id":3757,"date":"2013-08-12T08:40:01","date_gmt":"2013-08-12T08:40:01","guid":{"rendered":"https:\/\/www.volawyers.com\/la-firma-de-la-escritura-en-la-compra-de-propiedades\/"},"modified":"2023-10-13T18:52:10","modified_gmt":"2023-10-13T18:52:10","slug":"firma-de-la-escritura-de-compraventa","status":"publish","type":"page","link":"https:\/\/www.volawyers.com\/es\/que-necesita-saber\/compra-inmuebles\/firma-de-la-escritura-de-compraventa\/","title":{"rendered":"La firma de la escritura en la compra de propiedades"},"content":{"rendered":"<p><div class=\"fusion-fullwidth fullwidth-box fusion-builder-row-1 fusion-flex-container has-pattern-background has-mask-background nonhundred-percent-fullwidth non-hundred-percent-height-scrolling fusion-custom-z-index\" style=\"--awb-background-position:left top;--awb-border-sizes-top:0px;--awb-border-sizes-bottom:0px;--awb-border-sizes-left:0px;--awb-border-sizes-right:0px;--awb-border-radius-top-left:0px;--awb-border-radius-top-right:0px;--awb-border-radius-bottom-right:0px;--awb-border-radius-bottom-left:0px;--awb-z-index:189;--awb-padding-top:0px;--awb-padding-right:0px;--awb-padding-bottom:0px;--awb-padding-left:0px;--awb-padding-top-medium:72px;--awb-padding-bottom-medium:60px;--awb-padding-bottom-small:0px;--awb-background-color:var(--awb-color1);--awb-flex-wrap:wrap;\" ><div class=\"fusion-builder-row fusion-row fusion-flex-align-items-stretch fusion-flex-content-wrap\" style=\"max-width:calc( 1300px + 0px );margin-left: calc(-0px \/ 2 );margin-right: calc(-0px \/ 2 );\"><div class=\"fusion-layout-column fusion_builder_column fusion-builder-column-0 fusion_builder_column_1_1 1_1 fusion-flex-column fusion-flex-align-self-flex-start fusion-column-no-min-height fusion-no-small-visibility fusion-no-medium-visibility\" style=\"--awb-bg-blend:overlay;--awb-bg-size:cover;--awb-width-large:100%;--awb-margin-top-large:0px;--awb-spacing-right-large:0px;--awb-margin-bottom-large:0px;--awb-spacing-left-large:0px;--awb-width-medium:100%;--awb-order-medium:0;--awb-spacing-right-medium:0px;--awb-spacing-left-medium:0px;--awb-width-small:100%;--awb-order-small:0;--awb-spacing-right-small:0px;--awb-spacing-left-small:0px;\"><div class=\"fusion-column-wrapper fusion-column-has-shadow fusion-flex-justify-content-flex-start fusion-content-layout-column\"><div class=\"fusion-separator fusion-full-width-sep\" style=\"align-self: center;margin-left: auto;margin-right: auto;margin-top:0px;margin-bottom:0px;width:100%;\"><div class=\"fusion-separator-border sep-single sep-solid\" style=\"--awb-height:20px;--awb-amount:20px;--awb-sep-color:var(--awb-color5);border-color:var(--awb-color5);border-top-width:5px;\"><\/div><\/div><nav class=\"awb-menu awb-menu_row awb-menu_em-hover mobile-mode-collapse-to-button awb-menu_icons-left awb-menu_dc-no mobile-trigger-fullwidth-off awb-menu_mobile-toggle awb-menu_indent-left mobile-size-full-absolute loading mega-menu-loading awb-menu_desktop awb-menu_dropdown awb-menu_expand-right awb-menu_transition-fade dlc-menu-tips\" style=\"--awb-text-transform:uppercase;--awb-justify-content:space-between;--awb-items-padding-right:16px;--awb-items-padding-left:16px;--awb-active-color:var(--awb-color5);--awb-active-bg:var(--awb-color2);--awb-submenu-bg:var(--awb-color2);--awb-icons-hover-color:var(--awb-color5);--awb-main-justify-content:flex-start;--awb-mobile-justify:flex-start;--awb-mobile-caret-left:auto;--awb-mobile-caret-right:0;--awb-fusion-font-family-typography:inherit;--awb-fusion-font-style-typography:normal;--awb-fusion-font-weight-typography:400;--awb-fusion-font-family-submenu-typography:inherit;--awb-fusion-font-style-submenu-typography:normal;--awb-fusion-font-weight-submenu-typography:400;--awb-fusion-font-family-mobile-typography:inherit;--awb-fusion-font-style-mobile-typography:normal;--awb-fusion-font-weight-mobile-typography:400;\" aria-label=\"Legal Tips ES\" data-breakpoint=\"1024\" data-count=\"0\" data-transition-type=\"fade\" data-transition-time=\"300\" data-expand=\"right\"><button type=\"button\" class=\"awb-menu__m-toggle awb-menu__m-toggle_no-text\" aria-expanded=\"false\" aria-controls=\"menu-legal-tips-es\"><span class=\"awb-menu__m-toggle-inner\"><span class=\"collapsed-nav-text\"><span class=\"screen-reader-text\">Toggle Navigation<\/span><\/span><span class=\"awb-menu__m-collapse-icon awb-menu__m-collapse-icon_no-text\"><span class=\"awb-menu__m-collapse-icon-open awb-menu__m-collapse-icon-open_no-text fa-bars fas\"><\/span><span class=\"awb-menu__m-collapse-icon-close awb-menu__m-collapse-icon-close_no-text fa-times fas\"><\/span><\/span><\/span><\/button><ul id=\"menu-legal-tips-es\" class=\"fusion-menu awb-menu__main-ul awb-menu__main-ul_row\"><li  id=\"menu-item-5596\"  class=\"menu-item menu-item-type-post_type menu-item-object-page menu-item-5596 awb-menu__li awb-menu__main-li awb-menu__main-li_regular\"  data-item-id=\"5596\"><span class=\"awb-menu__main-background-default awb-menu__main-background-default_fade\"><\/span><span class=\"awb-menu__main-background-active awb-menu__main-background-active_fade\"><\/span><a  href=\"https:\/\/www.volawyers.com\/es\/que-necesita-saber\/compra-inmuebles\/documento-reserva-compra-propiedades\/\" class=\"awb-menu__main-a awb-menu__main-a_regular\"><span class=\"menu-text\">Compra<\/span><\/a><\/li><li  id=\"menu-item-5129\"  class=\"menu-item menu-item-type-post_type menu-item-object-page menu-item-5129 awb-menu__li awb-menu__main-li awb-menu__main-li_regular\"  data-item-id=\"5129\"><span class=\"awb-menu__main-background-default awb-menu__main-background-default_fade\"><\/span><span class=\"awb-menu__main-background-active awb-menu__main-background-active_fade\"><\/span><a  href=\"https:\/\/www.volawyers.com\/es\/que-necesita-saber\/la-venta-de-propiedades-en-espana\/\" class=\"awb-menu__main-a awb-menu__main-a_regular\"><span class=\"menu-text\">Venta<\/span><\/a><\/li><li  id=\"menu-item-5132\"  class=\"menu-item menu-item-type-post_type menu-item-object-page menu-item-5132 awb-menu__li awb-menu__main-li awb-menu__main-li_regular\"  data-item-id=\"5132\"><span class=\"awb-menu__main-background-default awb-menu__main-background-default_fade\"><\/span><span class=\"awb-menu__main-background-active awb-menu__main-background-active_fade\"><\/span><a  href=\"https:\/\/www.volawyers.com\/es\/que-necesita-saber\/impuestos-anuales-para-los-extranjeros-propietarios-de-viviendas\/\" class=\"awb-menu__main-a awb-menu__main-a_regular\"><span class=\"menu-text\">Impuestos<\/span><\/a><\/li><li  id=\"menu-item-5133\"  class=\"menu-item menu-item-type-post_type menu-item-object-page menu-item-5133 awb-menu__li awb-menu__main-li awb-menu__main-li_regular\"  data-item-id=\"5133\"><span class=\"awb-menu__main-background-default awb-menu__main-background-default_fade\"><\/span><span class=\"awb-menu__main-background-active awb-menu__main-background-active_fade\"><\/span><a  href=\"https:\/\/www.volawyers.com\/es\/que-necesita-saber\/gastos-mantenimiento-propiedad\/\" class=\"awb-menu__main-a awb-menu__main-a_regular\"><span class=\"menu-text\">Otros gastos<\/span><\/a><\/li><li  id=\"menu-item-5134\"  class=\"menu-item menu-item-type-post_type menu-item-object-page menu-item-5134 awb-menu__li awb-menu__main-li awb-menu__main-li_regular\"  data-item-id=\"5134\"><span class=\"awb-menu__main-background-default awb-menu__main-background-default_fade\"><\/span><span class=\"awb-menu__main-background-active awb-menu__main-background-active_fade\"><\/span><a  href=\"https:\/\/www.volawyers.com\/es\/que-necesita-saber\/testamentos\/\" class=\"awb-menu__main-a awb-menu__main-a_regular\"><span class=\"menu-text\">Testamentos<\/span><\/a><\/li><li  id=\"menu-item-5135\"  class=\"menu-item menu-item-type-post_type menu-item-object-page menu-item-5135 awb-menu__li awb-menu__main-li awb-menu__main-li_regular\"  data-item-id=\"5135\"><span class=\"awb-menu__main-background-default awb-menu__main-background-default_fade\"><\/span><span class=\"awb-menu__main-background-active awb-menu__main-background-active_fade\"><\/span><a  href=\"https:\/\/www.volawyers.com\/es\/que-necesita-saber\/herencias\/\" class=\"awb-menu__main-a awb-menu__main-a_regular\"><span class=\"menu-text\">Herencias<\/span><\/a><\/li><li  id=\"menu-item-5618\"  class=\"menu-item menu-item-type-post_type menu-item-object-page menu-item-5618 awb-menu__li awb-menu__main-li awb-menu__main-li_regular\"  data-item-id=\"5618\"><span class=\"awb-menu__main-background-default awb-menu__main-background-default_fade\"><\/span><span class=\"awb-menu__main-background-active awb-menu__main-background-active_fade\"><\/span><a  href=\"https:\/\/www.volawyers.com\/es\/que-necesita-saber\/hipotecas\/las-hipotecas-en-espana\/\" class=\"awb-menu__main-a awb-menu__main-a_regular\"><span class=\"menu-text\">Hipotecas<\/span><\/a><\/li><li  id=\"menu-item-5141\"  class=\"menu-item menu-item-type-post_type menu-item-object-page menu-item-5141 awb-menu__li awb-menu__main-li awb-menu__main-li_regular\"  data-item-id=\"5141\"><span class=\"awb-menu__main-background-default awb-menu__main-background-default_fade\"><\/span><span class=\"awb-menu__main-background-active awb-menu__main-background-active_fade\"><\/span><a  href=\"https:\/\/www.volawyers.com\/es\/que-necesita-saber\/el-alquiler-de-propiedades-en-espana\/\" class=\"awb-menu__main-a awb-menu__main-a_regular\"><span class=\"menu-text\">Alquileres<\/span><\/a><\/li><li  id=\"menu-item-5120\"  class=\"menu-item menu-item-type-post_type menu-item-object-page menu-item-5120 awb-menu__li awb-menu__main-li awb-menu__main-li_regular\"  data-item-id=\"5120\"><span class=\"awb-menu__main-background-default awb-menu__main-background-default_fade\"><\/span><span class=\"awb-menu__main-background-active awb-menu__main-background-active_fade\"><\/span><a  href=\"https:\/\/www.volawyers.com\/es\/que-necesita-saber\/atencion-sanitaria\/\" class=\"awb-menu__main-a awb-menu__main-a_regular\"><span class=\"menu-text\">Sanidad<\/span><\/a><\/li><\/ul><\/nav><\/div><\/div><div class=\"fusion-layout-column fusion_builder_column fusion-builder-column-1 fusion_builder_column_1_1 1_1 fusion-flex-column green-border rounded-border\" style=\"--awb-padding-top:60px;--awb-padding-right:60px;--awb-padding-bottom:20px;--awb-padding-left:60px;--awb-padding-bottom-medium:16px;--awb-padding-top-small:20px;--awb-padding-bottom-small:20px;--awb-bg-color:var(--awb-color1);--awb-bg-color-hover:var(--awb-color1);--awb-bg-size:cover;--awb-border-color:var(--awb-color3);--awb-border-style:solid;--awb-width-large:100%;--awb-margin-top-large:0px;--awb-spacing-right-large:0px;--awb-margin-bottom-large:20px;--awb-spacing-left-large:0px;--awb-width-medium:100%;--awb-order-medium:0;--awb-spacing-right-medium:0px;--awb-spacing-left-medium:0px;--awb-width-small:100%;--awb-order-small:0;--awb-spacing-right-small:0px;--awb-spacing-left-small:0px;\"><div class=\"fusion-column-wrapper fusion-column-has-shadow fusion-flex-justify-content-flex-start fusion-content-layout-column\"><div class=\"fusion-title title fusion-title-1 fusion-sep-none fusion-title-center fusion-title-text fusion-title-size-one\"><h1 class=\"fusion-title-heading title-heading-center\" style=\"margin:0;\">La firma de la escritura en la compra de propiedades<\/h1><\/div><\/div><\/div><\/div><\/div><div class=\"fusion-fullwidth fullwidth-box fusion-builder-row-2 fusion-flex-container nonhundred-percent-fullwidth non-hundred-percent-height-scrolling\" style=\"--awb-border-radius-top-left:0px;--awb-border-radius-top-right:0px;--awb-border-radius-bottom-right:0px;--awb-border-radius-bottom-left:0px;--awb-padding-bottom:50px;--awb-flex-wrap:wrap;\" ><div class=\"fusion-builder-row fusion-row fusion-flex-align-items-flex-start fusion-flex-content-wrap\" style=\"max-width:1352px;margin-left: calc(-4% \/ 2 );margin-right: calc(-4% \/ 2 );\"><div class=\"fusion-layout-column fusion_builder_column fusion-builder-column-2 fusion_builder_column_1_1 1_1 fusion-flex-column\" style=\"--awb-bg-size:cover;--awb-width-large:100%;--awb-margin-top-large:0px;--awb-spacing-right-large:1.92%;--awb-margin-bottom-large:0px;--awb-spacing-left-large:1.92%;--awb-width-medium:100%;--awb-spacing-right-medium:1.92%;--awb-spacing-left-medium:1.92%;--awb-width-small:100%;--awb-spacing-right-small:1.92%;--awb-spacing-left-small:1.92%;\"><div class=\"fusion-column-wrapper fusion-flex-justify-content-flex-start fusion-content-layout-column\"><div class=\"fusion-text fusion-text-1 fusion-text-no-margin\" style=\"--awb-text-transform:none;--awb-margin-bottom:40px;\"><p>El proceso de compra termina con la firma de la escritura p\u00fablica de compraventa por parte de comprador y vendedor. En ese momento el vendedor otorga t\u00edtulo de propiedad al comprador y \u00e9ste entrega el resto del precio acordado. La firma de la escritura de compraventa se formaliza ante notario. El notario es un servidor p\u00fablico y, por tanto, independiente, que da fe p\u00fablica de que las partes han acordado la transacci\u00f3n y de que lo han hecho conforme a la ley. Como paso previo, el notario solicita informaci\u00f3n registral actualizada de la finca con el fin de comprobar que no existen cargas o anotaciones de embargo de \u00faltima hora, e inmediatamente despu\u00e9s de la firma de la escritura remite al Registro de la Propiedad por v\u00eda telem\u00e1tica una copia del t\u00edtulo, de manera que en el registro conste desde ese momento qui\u00e9nes son los nuevos propietarios.<\/p>\n<p>Durante todo el proceso de firma en notar\u00eda, nuestros clientes est\u00e1n permanentemente acompa\u00f1ados por su abogado, quien supervisa la documentaci\u00f3n, comprueba que todo est\u00e9 en orden y act\u00faa como int\u00e9rprete. Si hubiera compromisos profesionales o personales que impidieran a los clientes acudir a notar\u00eda en la fecha se\u00f1alada, nosotros comparecer\u00edamos en su nombre y derecho para firmar la escritura. En estos casos es necesario que los clientes hayan otorgado previamente un poder notarial en nuestro favor.<\/p>\n<p>El poder se puede firmar ante un notario en Espa\u00f1a, la opci\u00f3n m\u00e1s sencilla y econ\u00f3mica, en cualquier Embajada o Consulado de Espa\u00f1a en el extranjero o ante un notario p\u00fablico en el pa\u00eds de residencia del cliente, en cuyo caso el documento deber\u00e1 estar traducido al espa\u00f1ol y legalizado con la denominada Apostilla de la Convenci\u00f3n de la Haya. Los poderes incluyen facultades gen\u00e9ricas que nos permiten realizar otros tr\u00e1mites m\u00e1s all\u00e1 de la propia firma de la escritura, como, por ejemplo, contratar los suministros de agua y luz, actuar como representante fiscal, domiciliar recibos, obtener permisos, etc., por lo que siempre recomendamos a los clientes que lo otorguen independientemente de que puedan o no asistir a la firma.<\/p>\n<\/div><div class=\"fusion-builder-row fusion-builder-row-inner fusion-row fusion-flex-align-items-flex-start fusion-flex-content-wrap\" style=\"width:104% !important;max-width:104% !important;margin-left: calc(-4% \/ 2 );margin-right: calc(-4% \/ 2 );\"><div class=\"fusion-layout-column fusion_builder_column_inner fusion-builder-nested-column-0 fusion_builder_column_inner_1_2 1_2 fusion-flex-column\" style=\"--awb-bg-size:cover;--awb-width-large:50%;--awb-margin-top-large:0px;--awb-spacing-right-large:3.84%;--awb-margin-bottom-large:20px;--awb-spacing-left-large:3.84%;--awb-width-medium:50%;--awb-order-medium:0;--awb-spacing-right-medium:3.84%;--awb-spacing-left-medium:3.84%;--awb-width-small:100%;--awb-order-small:0;--awb-spacing-right-small:1.92%;--awb-spacing-left-small:1.92%;\"><div class=\"fusion-column-wrapper fusion-column-has-shadow fusion-flex-justify-content-flex-start fusion-content-layout-column\"><div class=\"fusion-text fusion-text-2\" style=\"--awb-text-transform:none;\"><p><a title=\"Obtenci\u00f3n del NIE\" href=\"https:\/\/www.volawyers.com\/es\/que-necesita-saber\/compra-inmuebles\/obtencion-del-nie\/\">Anterior: Obtenci\u00f3n del NIE<\/a><\/p>\n<\/div><\/div><\/div><div class=\"fusion-layout-column fusion_builder_column_inner fusion-builder-nested-column-1 fusion_builder_column_inner_1_2 1_2 fusion-flex-column\" style=\"--awb-bg-size:cover;--awb-width-large:50%;--awb-margin-top-large:0px;--awb-spacing-right-large:3.84%;--awb-margin-bottom-large:20px;--awb-spacing-left-large:3.84%;--awb-width-medium:50%;--awb-order-medium:0;--awb-spacing-right-medium:3.84%;--awb-spacing-left-medium:3.84%;--awb-width-small:100%;--awb-order-small:0;--awb-spacing-right-small:1.92%;--awb-spacing-left-small:1.92%;\"><div class=\"fusion-column-wrapper fusion-column-has-shadow fusion-flex-justify-content-flex-start fusion-content-layout-column\"><div class=\"fusion-text fusion-text-3\" style=\"--awb-text-transform:none;\"><p style=\"text-align: right;\"><a title=\"Inscripci\u00f3n de la escritura, cambios de titularidad y contrataciones\" href=\"https:\/\/www.volawyers.com\/es\/que-necesita-saber\/compra-inmuebles\/inscripcion-de-la-escritura-en-el-registro\/\">Siguiente:\u00a0Inscripci\u00f3n de la escritura, cambios de titularidad y contrataciones<\/a><\/p>\n<\/div><\/div><\/div><\/div><div class=\"fusion-builder-row fusion-builder-row-inner fusion-row fusion-flex-align-items-flex-start fusion-flex-content-wrap\" style=\"width:104% !important;max-width:104% !important;margin-left: calc(-4% \/ 2 );margin-right: calc(-4% \/ 2 );\"><div class=\"fusion-layout-column fusion_builder_column_inner fusion-builder-nested-column-2 fusion_builder_column_inner_1_2 1_2 fusion-flex-column\" style=\"--awb-bg-size:cover;--awb-width-large:50%;--awb-margin-top-large:0px;--awb-spacing-right-large:3.84%;--awb-margin-bottom-large:20px;--awb-spacing-left-large:3.84%;--awb-width-medium:50%;--awb-order-medium:0;--awb-spacing-right-medium:3.84%;--awb-spacing-left-medium:3.84%;--awb-width-small:100%;--awb-order-small:0;--awb-spacing-right-small:1.92%;--awb-spacing-left-small:1.92%;\"><div class=\"fusion-column-wrapper fusion-column-has-shadow fusion-flex-justify-content-flex-start fusion-content-layout-column\"><div class=\"fusion-text fusion-text-4\" style=\"--awb-text-transform:none;\"><p style=\"text-align: left;\">P\u00e1gina 5\/7<\/p>\n<\/div><\/div><\/div><div class=\"fusion-layout-column fusion_builder_column_inner fusion-builder-nested-column-3 fusion_builder_column_inner_1_2 1_2 fusion-flex-column\" style=\"--awb-bg-size:cover;--awb-width-large:50%;--awb-margin-top-large:0px;--awb-spacing-right-large:3.84%;--awb-margin-bottom-large:20px;--awb-spacing-left-large:3.84%;--awb-width-medium:50%;--awb-order-medium:0;--awb-spacing-right-medium:3.84%;--awb-spacing-left-medium:3.84%;--awb-width-small:100%;--awb-order-small:0;--awb-spacing-right-small:1.92%;--awb-spacing-left-small:1.92%;\"><div class=\"fusion-column-wrapper fusion-column-has-shadow fusion-flex-justify-content-flex-start fusion-content-layout-column\"><div class=\"fusion-text fusion-text-5\" style=\"--awb-text-transform:none;\"><p style=\"text-align: right;\">Ir a la p\u00e1gina: <a href=\"https:\/\/www.volawyers.com\/es\/que-necesita-saber\/compra-inmuebles\/documento-reserva-compra-propiedades\/\">1<\/a> <a href=\"https:\/\/www.volawyers.com\/es\/que-necesita-saber\/compra-inmuebles\/estudio-de-la-propiedad\/\">2<\/a> <a href=\"https:\/\/www.volawyers.com\/es\/que-necesita-saber\/compra-inmuebles\/firma-del-contrato-privado\/\">3<\/a> <a href=\"https:\/\/www.volawyers.com\/es\/que-necesita-saber\/compra-inmuebles\/obtencion-del-nie\/\">4<\/a> 5 <a href=\"https:\/\/www.volawyers.com\/es\/que-necesita-saber\/compra-inmuebles\/inscripcion-de-la-escritura-en-el-registro\/\">6<\/a> <a href=\"https:\/\/www.volawyers.com\/es\/que-necesita-saber\/compra-inmuebles\/impuestos-y-gastos-derivados-de-la-compra\/\">7<\/a><\/p>\n<\/div><\/div><\/div><\/div><\/div><\/div><\/div><\/div><\/p>\n","protected":false},"excerpt":{"rendered":"","protected":false},"author":1,"featured_media":0,"parent":3724,"menu_order":0,"comment_status":"closed","ping_status":"open","template":"","meta":{"footnotes":""},"class_list":["post-3757","page","type-page","status-publish","hentry"],"_links":{"self":[{"href":"https:\/\/www.volawyers.com\/es\/wp-json\/wp\/v2\/pages\/3757","targetHints":{"allow":["GET"]}}],"collection":[{"href":"https:\/\/www.volawyers.com\/es\/wp-json\/wp\/v2\/pages"}],"about":[{"href":"https:\/\/www.volawyers.com\/es\/wp-json\/wp\/v2\/types\/page"}],"author":[{"embeddable":true,"href":"https:\/\/www.volawyers.com\/es\/wp-json\/wp\/v2\/users\/1"}],"replies":[{"embeddable":true,"href":"https:\/\/www.volawyers.com\/es\/wp-json\/wp\/v2\/comments?post=3757"}],"version-history":[{"count":5,"href":"https:\/\/www.volawyers.com\/es\/wp-json\/wp\/v2\/pages\/3757\/revisions"}],"predecessor-version":[{"id":5608,"href":"https:\/\/www.volawyers.com\/es\/wp-json\/wp\/v2\/pages\/3757\/revisions\/5608"}],"up":[{"embeddable":true,"href":"https:\/\/www.volawyers.com\/es\/wp-json\/wp\/v2\/pages\/3724"}],"wp:attachment":[{"href":"https:\/\/www.volawyers.com\/es\/wp-json\/wp\/v2\/media?parent=3757"}],"curies":[{"name":"wp","href":"https:\/\/api.w.org\/{rel}","templated":true}]}}