{"id":3742,"date":"2013-08-10T21:55:49","date_gmt":"2013-08-10T21:55:49","guid":{"rendered":"https:\/\/www.volawyers.com\/las-herencias-en-espana\/"},"modified":"2023-08-10T23:42:39","modified_gmt":"2023-08-10T23:42:39","slug":"herencias","status":"publish","type":"page","link":"https:\/\/www.volawyers.com\/es\/que-necesita-saber\/herencias\/","title":{"rendered":"Las herencias y donaciones en Espa\u00f1a"},"content":{"rendered":"<p><div class=\"fusion-fullwidth fullwidth-box fusion-builder-row-1 fusion-flex-container has-pattern-background has-mask-background nonhundred-percent-fullwidth non-hundred-percent-height-scrolling fusion-custom-z-index\" style=\"--awb-background-position:left top;--awb-border-sizes-top:0px;--awb-border-sizes-bottom:0px;--awb-border-sizes-left:0px;--awb-border-sizes-right:0px;--awb-border-radius-top-left:0px;--awb-border-radius-top-right:0px;--awb-border-radius-bottom-right:0px;--awb-border-radius-bottom-left:0px;--awb-z-index:189;--awb-padding-top:0px;--awb-padding-right:0px;--awb-padding-bottom:0px;--awb-padding-left:0px;--awb-padding-top-medium:72px;--awb-padding-bottom-medium:60px;--awb-padding-bottom-small:0px;--awb-background-color:var(--awb-color1);--awb-flex-wrap:wrap;\" ><div class=\"fusion-builder-row fusion-row fusion-flex-align-items-stretch fusion-flex-content-wrap\" style=\"max-width:calc( 1300px + 0px );margin-left: calc(-0px \/ 2 );margin-right: calc(-0px \/ 2 );\"><div class=\"fusion-layout-column fusion_builder_column fusion-builder-column-0 fusion_builder_column_1_1 1_1 fusion-flex-column fusion-flex-align-self-flex-start fusion-column-no-min-height fusion-no-small-visibility fusion-no-medium-visibility\" style=\"--awb-bg-blend:overlay;--awb-bg-size:cover;--awb-width-large:100%;--awb-margin-top-large:0px;--awb-spacing-right-large:0px;--awb-margin-bottom-large:0px;--awb-spacing-left-large:0px;--awb-width-medium:100%;--awb-order-medium:0;--awb-spacing-right-medium:0px;--awb-spacing-left-medium:0px;--awb-width-small:100%;--awb-order-small:0;--awb-spacing-right-small:0px;--awb-spacing-left-small:0px;\"><div class=\"fusion-column-wrapper fusion-column-has-shadow fusion-flex-justify-content-flex-start fusion-content-layout-column\"><div class=\"fusion-separator fusion-full-width-sep\" style=\"align-self: center;margin-left: auto;margin-right: auto;margin-top:0px;margin-bottom:0px;width:100%;\"><div class=\"fusion-separator-border sep-single sep-solid\" style=\"--awb-height:20px;--awb-amount:20px;--awb-sep-color:var(--awb-color5);border-color:var(--awb-color5);border-top-width:5px;\"><\/div><\/div><nav class=\"awb-menu awb-menu_row awb-menu_em-hover mobile-mode-collapse-to-button awb-menu_icons-left awb-menu_dc-no mobile-trigger-fullwidth-off awb-menu_mobile-toggle awb-menu_indent-left mobile-size-full-absolute loading mega-menu-loading awb-menu_desktop awb-menu_dropdown awb-menu_expand-right awb-menu_transition-fade dlc-menu-tips\" style=\"--awb-text-transform:uppercase;--awb-justify-content:space-between;--awb-items-padding-right:16px;--awb-items-padding-left:16px;--awb-active-color:var(--awb-color5);--awb-active-bg:var(--awb-color2);--awb-submenu-bg:var(--awb-color2);--awb-icons-hover-color:var(--awb-color5);--awb-main-justify-content:flex-start;--awb-mobile-justify:flex-start;--awb-mobile-caret-left:auto;--awb-mobile-caret-right:0;--awb-fusion-font-family-typography:inherit;--awb-fusion-font-style-typography:normal;--awb-fusion-font-weight-typography:400;--awb-fusion-font-family-submenu-typography:inherit;--awb-fusion-font-style-submenu-typography:normal;--awb-fusion-font-weight-submenu-typography:400;--awb-fusion-font-family-mobile-typography:inherit;--awb-fusion-font-style-mobile-typography:normal;--awb-fusion-font-weight-mobile-typography:400;\" aria-label=\"Legal Tips ES\" data-breakpoint=\"1024\" data-count=\"0\" data-transition-type=\"fade\" data-transition-time=\"300\" data-expand=\"right\"><button type=\"button\" class=\"awb-menu__m-toggle awb-menu__m-toggle_no-text\" aria-expanded=\"false\" aria-controls=\"menu-legal-tips-es\"><span class=\"awb-menu__m-toggle-inner\"><span class=\"collapsed-nav-text\"><span class=\"screen-reader-text\">Toggle Navigation<\/span><\/span><span class=\"awb-menu__m-collapse-icon awb-menu__m-collapse-icon_no-text\"><span class=\"awb-menu__m-collapse-icon-open awb-menu__m-collapse-icon-open_no-text fa-bars fas\"><\/span><span class=\"awb-menu__m-collapse-icon-close awb-menu__m-collapse-icon-close_no-text fa-times fas\"><\/span><\/span><\/span><\/button><ul id=\"menu-legal-tips-es\" class=\"fusion-menu awb-menu__main-ul awb-menu__main-ul_row\"><li  id=\"menu-item-5596\"  class=\"menu-item menu-item-type-post_type menu-item-object-page menu-item-5596 awb-menu__li awb-menu__main-li awb-menu__main-li_regular\"  data-item-id=\"5596\"><span class=\"awb-menu__main-background-default awb-menu__main-background-default_fade\"><\/span><span class=\"awb-menu__main-background-active awb-menu__main-background-active_fade\"><\/span><a  href=\"https:\/\/www.volawyers.com\/es\/que-necesita-saber\/compra-inmuebles\/documento-reserva-compra-propiedades\/\" class=\"awb-menu__main-a awb-menu__main-a_regular\"><span class=\"menu-text\">Compra<\/span><\/a><\/li><li  id=\"menu-item-5129\"  class=\"menu-item menu-item-type-post_type menu-item-object-page menu-item-5129 awb-menu__li awb-menu__main-li awb-menu__main-li_regular\"  data-item-id=\"5129\"><span class=\"awb-menu__main-background-default awb-menu__main-background-default_fade\"><\/span><span class=\"awb-menu__main-background-active awb-menu__main-background-active_fade\"><\/span><a  href=\"https:\/\/www.volawyers.com\/es\/que-necesita-saber\/la-venta-de-propiedades-en-espana\/\" class=\"awb-menu__main-a awb-menu__main-a_regular\"><span class=\"menu-text\">Venta<\/span><\/a><\/li><li  id=\"menu-item-5132\"  class=\"menu-item menu-item-type-post_type menu-item-object-page menu-item-5132 awb-menu__li awb-menu__main-li awb-menu__main-li_regular\"  data-item-id=\"5132\"><span class=\"awb-menu__main-background-default awb-menu__main-background-default_fade\"><\/span><span class=\"awb-menu__main-background-active awb-menu__main-background-active_fade\"><\/span><a  href=\"https:\/\/www.volawyers.com\/es\/que-necesita-saber\/impuestos-anuales-para-los-extranjeros-propietarios-de-viviendas\/\" class=\"awb-menu__main-a awb-menu__main-a_regular\"><span class=\"menu-text\">Impuestos<\/span><\/a><\/li><li  id=\"menu-item-5133\"  class=\"menu-item menu-item-type-post_type menu-item-object-page menu-item-5133 awb-menu__li awb-menu__main-li awb-menu__main-li_regular\"  data-item-id=\"5133\"><span class=\"awb-menu__main-background-default awb-menu__main-background-default_fade\"><\/span><span class=\"awb-menu__main-background-active awb-menu__main-background-active_fade\"><\/span><a  href=\"https:\/\/www.volawyers.com\/es\/que-necesita-saber\/gastos-mantenimiento-propiedad\/\" class=\"awb-menu__main-a awb-menu__main-a_regular\"><span class=\"menu-text\">Otros gastos<\/span><\/a><\/li><li  id=\"menu-item-5134\"  class=\"menu-item menu-item-type-post_type menu-item-object-page menu-item-5134 awb-menu__li awb-menu__main-li awb-menu__main-li_regular\"  data-item-id=\"5134\"><span class=\"awb-menu__main-background-default awb-menu__main-background-default_fade\"><\/span><span class=\"awb-menu__main-background-active awb-menu__main-background-active_fade\"><\/span><a  href=\"https:\/\/www.volawyers.com\/es\/que-necesita-saber\/testamentos\/\" class=\"awb-menu__main-a awb-menu__main-a_regular\"><span class=\"menu-text\">Testamentos<\/span><\/a><\/li><li  id=\"menu-item-5135\"  class=\"menu-item menu-item-type-post_type menu-item-object-page menu-item-5135 awb-menu__li awb-menu__main-li awb-menu__main-li_regular\"  data-item-id=\"5135\"><span class=\"awb-menu__main-background-default awb-menu__main-background-default_fade\"><\/span><span class=\"awb-menu__main-background-active awb-menu__main-background-active_fade\"><\/span><a  href=\"https:\/\/www.volawyers.com\/es\/que-necesita-saber\/herencias\/\" class=\"awb-menu__main-a awb-menu__main-a_regular\"><span class=\"menu-text\">Herencias<\/span><\/a><\/li><li  id=\"menu-item-5618\"  class=\"menu-item menu-item-type-post_type menu-item-object-page menu-item-5618 awb-menu__li awb-menu__main-li awb-menu__main-li_regular\"  data-item-id=\"5618\"><span class=\"awb-menu__main-background-default awb-menu__main-background-default_fade\"><\/span><span class=\"awb-menu__main-background-active awb-menu__main-background-active_fade\"><\/span><a  href=\"https:\/\/www.volawyers.com\/es\/que-necesita-saber\/hipotecas\/las-hipotecas-en-espana\/\" class=\"awb-menu__main-a awb-menu__main-a_regular\"><span class=\"menu-text\">Hipotecas<\/span><\/a><\/li><li  id=\"menu-item-5141\"  class=\"menu-item menu-item-type-post_type menu-item-object-page menu-item-5141 awb-menu__li awb-menu__main-li awb-menu__main-li_regular\"  data-item-id=\"5141\"><span class=\"awb-menu__main-background-default awb-menu__main-background-default_fade\"><\/span><span class=\"awb-menu__main-background-active awb-menu__main-background-active_fade\"><\/span><a  href=\"https:\/\/www.volawyers.com\/es\/que-necesita-saber\/el-alquiler-de-propiedades-en-espana\/\" class=\"awb-menu__main-a awb-menu__main-a_regular\"><span class=\"menu-text\">Alquileres<\/span><\/a><\/li><li  id=\"menu-item-5120\"  class=\"menu-item menu-item-type-post_type menu-item-object-page menu-item-5120 awb-menu__li awb-menu__main-li awb-menu__main-li_regular\"  data-item-id=\"5120\"><span class=\"awb-menu__main-background-default awb-menu__main-background-default_fade\"><\/span><span class=\"awb-menu__main-background-active awb-menu__main-background-active_fade\"><\/span><a  href=\"https:\/\/www.volawyers.com\/es\/que-necesita-saber\/atencion-sanitaria\/\" class=\"awb-menu__main-a awb-menu__main-a_regular\"><span class=\"menu-text\">Sanidad<\/span><\/a><\/li><\/ul><\/nav><\/div><\/div><div class=\"fusion-layout-column fusion_builder_column fusion-builder-column-1 fusion_builder_column_1_1 1_1 fusion-flex-column green-border rounded-border\" style=\"--awb-padding-top:60px;--awb-padding-right:60px;--awb-padding-bottom:20px;--awb-padding-left:60px;--awb-padding-bottom-medium:16px;--awb-padding-top-small:20px;--awb-padding-bottom-small:20px;--awb-bg-color:var(--awb-color1);--awb-bg-color-hover:var(--awb-color1);--awb-bg-size:cover;--awb-border-color:var(--awb-color3);--awb-border-style:solid;--awb-width-large:100%;--awb-margin-top-large:0px;--awb-spacing-right-large:0px;--awb-margin-bottom-large:20px;--awb-spacing-left-large:0px;--awb-width-medium:100%;--awb-order-medium:0;--awb-spacing-right-medium:0px;--awb-spacing-left-medium:0px;--awb-width-small:100%;--awb-order-small:0;--awb-spacing-right-small:0px;--awb-spacing-left-small:0px;\"><div class=\"fusion-column-wrapper fusion-column-has-shadow fusion-flex-justify-content-flex-start fusion-content-layout-column\"><div class=\"fusion-title title fusion-title-1 fusion-sep-none fusion-title-center fusion-title-text fusion-title-size-one\"><h1 class=\"fusion-title-heading title-heading-center\" style=\"margin:0;\">Las herencias y donaciones en Espa\u00f1a<\/h1><\/div><\/div><\/div><\/div><\/div><div class=\"fusion-fullwidth fullwidth-box fusion-builder-row-2 fusion-flex-container has-pattern-background has-mask-background nonhundred-percent-fullwidth non-hundred-percent-height-scrolling fusion-custom-z-index\" style=\"--awb-border-radius-top-left:0px;--awb-border-radius-top-right:0px;--awb-border-radius-bottom-right:0px;--awb-border-radius-bottom-left:0px;--awb-z-index:123;--awb-padding-bottom:50px;--awb-flex-wrap:wrap;\" ><div class=\"fusion-builder-row fusion-row fusion-flex-align-items-flex-start fusion-flex-content-wrap\" style=\"max-width:1352px;margin-left: calc(-4% \/ 2 );margin-right: calc(-4% \/ 2 );\"><div class=\"fusion-layout-column fusion_builder_column fusion-builder-column-2 fusion_builder_column_1_1 1_1 fusion-flex-column\" style=\"--awb-bg-size:cover;--awb-width-large:100%;--awb-margin-top-large:0px;--awb-spacing-right-large:1.92%;--awb-margin-bottom-large:0px;--awb-spacing-left-large:1.92%;--awb-width-medium:100%;--awb-spacing-right-medium:1.92%;--awb-spacing-left-medium:1.92%;--awb-width-small:100%;--awb-spacing-right-small:1.92%;--awb-spacing-left-small:1.92%;\"><div class=\"fusion-column-wrapper fusion-flex-justify-content-flex-start fusion-content-layout-column\"><div class=\"fusion-text fusion-text-1\" style=\"--awb-text-transform:none;\"><p>En Espa\u00f1a las sucesiones mortis causa (herencia por fallecimiento) y las adquisiciones inter vivos (donaci\u00f3n en vida) est\u00e1n sujetas a impuesto.<\/p>\n<p>El Impuesto sobre Sucesiones y Donaciones es un tributo cedido por el Estado a las Comunidades Aut\u00f3nomas (gobiernos regionales), como parte del sistema de financiaci\u00f3n auton\u00f3mica. Cada Comunidad dispone de capacidad normativa para modificar el tipo impositivo, las exenciones, las bonificaciones y otros elementos del impuesto, por lo que, en funci\u00f3n del lugar donde radiquen los bienes objeto de tributaci\u00f3n, la cuota resultante variar\u00e1. Se puede dar incluso el caso de que no haya que pagar nada.<\/p>\n<p>Hasta el pasado 1 de enero de 2015, la normativa auton\u00f3mica sobre el Impuesto de Sucesiones y Donaciones se aplicaba \u00fanicamente cuando tanto el causante (la persona fallecida) como el sujeto pasivo (el beneficiario) eran residentes en Espa\u00f1a. Cuando el causante y\/o los beneficiarios no resid\u00edan en territorio espa\u00f1ol, el impuesto se calculaba con arreglo a la ley estatal. En estos casos, los obligados tributarios soportaban una mayor carga impositiva, al no aplicarse los beneficios fiscales auton\u00f3micos, por lo que el Tribunal de Justicia Europeo en sentencia sobre la demanda interpuesta por la Comisi\u00f3n Europea fall\u00f3 en contra de Espa\u00f1a por considerar discriminatorio el trato diferenciador entre residentes y no residentes, de manera que el Gobierno tuvo que igualar el tratamiento fiscal de ambos permitiendo a los no residentes en Espa\u00f1a, pero residentes en la UE o en el Espacio Econ\u00f3mico Europeo (EEE) liquidar conforme a la legislaci\u00f3n auton\u00f3mica que les corresponda.<\/p>\n<p>El Tribunal Supremo, a trav\u00e9s de var\u00edas sentencias emitidas durante el a\u00f1o 2018, di\u00f3 un paso m\u00e1s al reconocer la aplicaci\u00f3n de esta normativa sobre el Impuesto de Sucesiones y Donaciones a cualquier ciudadano independientemente de que estos residan dentro o fuera de la UE o del Espacio Econ\u00f3mico Europeo.<br \/>\nEn lo que respecta al impuesto de sucesiones, la principal diferencia con otros pa\u00edses de nuestro entorno radica en que en Espa\u00f1a no hay exenci\u00f3n autom\u00e1tica entre c\u00f3nyuges o parejas de hecho, as\u00ed como que en Espa\u00f1a son los herederos, y cada uno conforme a sus circunstancias y parentesco, los sujetos pasivos del impuesto de sucesiones a diferencia de otros ordenamientos jur\u00eddicos donde es la masa hereditaria (el conjunto de bienes y derechos que forman parte de la herencia) los que resultan gravados.<\/p>\n<p>Cuando los sujetos pasivos, es decir, los beneficiarios de los bienes y derechos, no tienen fijada su residencia fiscal en Espa\u00f1a, el tipo impositivo arranca en el 7,65% para los primeros 7.993,46 \u20ac y alcanza el 34% cuando se superan los 797.555,08 \u20ac, siendo estas cifras el importe que heredar\u00eda cada uno de los beneficiarios, no la cantidad que conforma el caudal hereditario. No obstante, dependiendo de la ubicaci\u00f3n de los bienes de la herencia estar\u00e1n sujetos a distintas legislaciones auton\u00f3micas en la materia que suelen ser mucho m\u00e1s favorables que la ley general estatal, como es el caso de la Andaluza entre otras.<\/p>\n<p>Los sujetos pasivos pueden beneficiarse de una serie de reducciones en funci\u00f3n del grado de parentesco con el causante. Los grupos que determinan el importe de las reducciones son los siguientes:<\/p>\n<p>po I: Hijos naturales y adoptados menores de 21 a\u00f1os.<\/p>\n<p>Grupo II: Hijos naturales y adoptados de 21 a\u00f1os en adelante, c\u00f3nyuges (incluyendo uniones de hecho inscritas en el registro correspondiente), padres, abuelos y nietos.<br \/>\nLas reducciones para los Grupos I y II ascienden a 15.956,87 \u20ac por beneficiario, m\u00e1s 3.990,72 \u20ac por cada a\u00f1o por debajo de veintiuno que tenga el heredero, sin que la reducci\u00f3n pueda exceder de 47.858,59 \u20ac.<\/p>\n<p>Grupo III: Colaterales de segundo grado (hermanos) y tercer grado (sobrinos y t\u00edos).<br \/>\nLas reducciones se reducen a 7.993,46 \u20ac por beneficiario.<\/p>\n<p>Grupo IV: Colaterales de cuarto grado (primos), grados m\u00e1s distantes y extra\u00f1os. En este grupo se incluyen las parejas de hecho no inscritas.<br \/>\nEste grupo no tiene derecho a ninguna reducci\u00f3n.<\/p>\n<p>Los sujetos pasivos que presenten minusval\u00edas reconocidas podr\u00e1n acogerse, adem\u00e1s, a una reducci\u00f3n adicional.<br \/>\nPor \u00faltimo, se aplica un coeficiente multiplicador que var\u00eda en funci\u00f3n del patrimonio que el heredero posea en Espa\u00f1a y de su grado de parentesco con el causante. Este coeficiente b\u00e1sicamente incrementa el impuesto cuando el patrimonio preexistente del heredero en Espa\u00f1a sea superior a 402.678,11 \u20ac y\/o su grado de parentesco sea tercero o cuarto.<\/p>\n<p>El c\u00e1lculo del impuesto de sucesiones es, sin duda, uno de los m\u00e1s complejos dentro del sistema tributario espa\u00f1ol, debido principalmente a la diversidad jur\u00eddica, a la obligatoriedad de presentarlo mediante autoliquidaci\u00f3n y a que cada caso es \u00fanico.<\/p>\n<p>La aceptaci\u00f3n y adjudicaci\u00f3n de los bienes y derechos que conforman la herencia se formalizar\u00e1 ante notario mediante Escritura P\u00fablica. En el caso de bienes inmuebles, la escritura deber\u00e1 ser inscrita en el Registro de la Propiedad competente y ser\u00e1 preciso liquidar el Impuesto sobre el Incremento del Valor de los Terrenos (Plusval\u00eda). Todo este proceso conlleva obviamente una serie de gastos adicionales (honorarios profesionales del abogado, minutas de notario y registrador, coste de tramitaci\u00f3n de la escritura, etc.).<\/p>\n<p>Actualmente los herederos que est\u00e9n englobados en los grupos I y II de parentesco (c\u00f3nyuges, hijos, padres, nietos y abuelos) en las herencias de bienes que se encuentren localizados en su mayor\u00eda en Andaluc\u00eda est\u00e1n pr\u00e1cticamente exentos del impuesto de Sucesiones gracias al cambio legislativo incorporado por el Real Decreto 1\/2019 por el que se manten\u00eda la reducci\u00f3n de 1.000.000 de Euros por heredero que se deja fuera de tributaci\u00f3n y se bonifica el 99% de la cuota del impuesto para adquisiciones por c\u00f3nyuges y parientes directos sobre cualquier exceso sobre ese primer mill\u00f3n exento de tributaci\u00f3n.<\/p>\n<p>En Vicente &amp; Otaolaurruchi Abogados somos especialistas en derecho hereditario. Si lo desea, llevaremos a cabo un estudio pormenorizado de su patrimonio y de su situaci\u00f3n personal, al objeto de que pueda prever las consecuencias de su hipot\u00e9tico fallecimiento y limitar as\u00ed sus efectos. Igualmente, si es usted el beneficiario de los bienes y derechos hereditarios, le asistiremos con mucho gusto durante todo el proceso de adjudicaci\u00f3n de herencia y liquidaci\u00f3n de impuestos.<\/p>\n<p><strong>\u00bfTiene a\u00fan dudas con relaci\u00f3n a este tema? Visite la secci\u00f3n <a href=\"https:\/\/www.volawyers.com\/es\/preguntas-frequentes\/testamentos-y-herencias\/\">preguntas frecuentes sobre las herencias<\/a> o las <a href=\"https:\/\/www.volawyers.com\/es\/tag\/herencias\/\" target=\"_blank\" rel=\"noopener\">entradas sobre el tema Herencias en nuestro BLOG<\/a>.<\/strong><\/p>\n<\/div><\/div><\/div><\/div><\/div><\/p>\n","protected":false},"excerpt":{"rendered":"","protected":false},"author":1,"featured_media":0,"parent":3679,"menu_order":0,"comment_status":"closed","ping_status":"closed","template":"","meta":{"footnotes":""},"class_list":["post-3742","page","type-page","status-publish","hentry"],"_links":{"self":[{"href":"https:\/\/www.volawyers.com\/es\/wp-json\/wp\/v2\/pages\/3742","targetHints":{"allow":["GET"]}}],"collection":[{"href":"https:\/\/www.volawyers.com\/es\/wp-json\/wp\/v2\/pages"}],"about":[{"href":"https:\/\/www.volawyers.com\/es\/wp-json\/wp\/v2\/types\/page"}],"author":[{"embeddable":true,"href":"https:\/\/www.volawyers.com\/es\/wp-json\/wp\/v2\/users\/1"}],"replies":[{"embeddable":true,"href":"https:\/\/www.volawyers.com\/es\/wp-json\/wp\/v2\/comments?post=3742"}],"version-history":[{"count":3,"href":"https:\/\/www.volawyers.com\/es\/wp-json\/wp\/v2\/pages\/3742\/revisions"}],"predecessor-version":[{"id":5491,"href":"https:\/\/www.volawyers.com\/es\/wp-json\/wp\/v2\/pages\/3742\/revisions\/5491"}],"up":[{"embeddable":true,"href":"https:\/\/www.volawyers.com\/es\/wp-json\/wp\/v2\/pages\/3679"}],"wp:attachment":[{"href":"https:\/\/www.volawyers.com\/es\/wp-json\/wp\/v2\/media?parent=3742"}],"curies":[{"name":"wp","href":"https:\/\/api.w.org\/{rel}","templated":true}]}}