{"id":3718,"date":"2013-08-10T14:03:55","date_gmt":"2013-08-10T14:03:55","guid":{"rendered":"https:\/\/www.volawyers.com\/testamentos-y-herencias\/"},"modified":"2023-08-11T07:07:40","modified_gmt":"2023-08-11T07:07:40","slug":"testamentos-y-herencias","status":"publish","type":"page","link":"https:\/\/www.volawyers.com\/es\/faqs\/testamentos-y-herencias\/","title":{"rendered":"Testamentos y Herencias"},"content":{"rendered":"<p><div class=\"fusion-fullwidth fullwidth-box fusion-builder-row-1 fusion-flex-container nonhundred-percent-fullwidth non-hundred-percent-height-scrolling\" style=\"--awb-background-position:left top;--awb-border-sizes-top:0px;--awb-border-sizes-bottom:0px;--awb-border-sizes-left:0px;--awb-border-sizes-right:0px;--awb-border-radius-top-left:0px;--awb-border-radius-top-right:0px;--awb-border-radius-bottom-right:0px;--awb-border-radius-bottom-left:0px;--awb-padding-top:0px;--awb-padding-right:0px;--awb-padding-bottom:0px;--awb-padding-left:0px;--awb-padding-top-medium:72px;--awb-padding-bottom-medium:60px;--awb-padding-bottom-small:0px;--awb-background-color:var(--awb-color1);--awb-flex-wrap:wrap;\" ><div class=\"fusion-builder-row fusion-row fusion-flex-align-items-stretch fusion-flex-content-wrap\" style=\"max-width:calc( 1300px + 0px );margin-left: calc(-0px \/ 2 );margin-right: calc(-0px \/ 2 );\"><div class=\"fusion-layout-column fusion_builder_column fusion-builder-column-0 fusion_builder_column_1_1 1_1 fusion-flex-column fusion-flex-align-self-flex-start fusion-column-no-min-height fusion-no-small-visibility fusion-no-medium-visibility\" style=\"--awb-bg-blend:overlay;--awb-bg-size:cover;--awb-width-large:100%;--awb-margin-top-large:0px;--awb-spacing-right-large:0px;--awb-margin-bottom-large:0px;--awb-spacing-left-large:0px;--awb-width-medium:100%;--awb-order-medium:0;--awb-spacing-right-medium:0px;--awb-spacing-left-medium:0px;--awb-width-small:100%;--awb-order-small:0;--awb-spacing-right-small:0px;--awb-spacing-left-small:0px;\"><div class=\"fusion-column-wrapper fusion-column-has-shadow fusion-flex-justify-content-flex-start fusion-content-layout-column\"><div class=\"fusion-separator fusion-full-width-sep\" style=\"align-self: center;margin-left: auto;margin-right: auto;margin-top:0px;margin-bottom:0px;width:100%;\"><div class=\"fusion-separator-border sep-single sep-solid\" style=\"--awb-height:20px;--awb-amount:20px;--awb-sep-color:var(--awb-color5);border-color:var(--awb-color5);border-top-width:5px;\"><\/div><\/div><nav class=\"awb-menu awb-menu_row awb-menu_em-hover mobile-mode-collapse-to-button awb-menu_icons-left awb-menu_dc-no mobile-trigger-fullwidth-off awb-menu_mobile-toggle awb-menu_indent-left mobile-size-full-absolute loading mega-menu-loading awb-menu_desktop awb-menu_dropdown awb-menu_expand-right awb-menu_transition-fade dlc-menu-tips\" style=\"--awb-text-transform:uppercase;--awb-justify-content:space-between;--awb-items-padding-right:16px;--awb-items-padding-left:16px;--awb-active-color:var(--awb-color5);--awb-active-bg:var(--awb-color2);--awb-icons-hover-color:var(--awb-color5);--awb-main-justify-content:flex-start;--awb-mobile-justify:flex-start;--awb-mobile-caret-left:auto;--awb-mobile-caret-right:0;--awb-fusion-font-family-typography:inherit;--awb-fusion-font-style-typography:normal;--awb-fusion-font-weight-typography:400;--awb-fusion-font-family-submenu-typography:inherit;--awb-fusion-font-style-submenu-typography:normal;--awb-fusion-font-weight-submenu-typography:400;--awb-fusion-font-family-mobile-typography:inherit;--awb-fusion-font-style-mobile-typography:normal;--awb-fusion-font-weight-mobile-typography:400;\" aria-label=\"Faqs ES (SHORT)\" data-breakpoint=\"1024\" data-count=\"0\" data-transition-type=\"fade\" data-transition-time=\"300\" data-expand=\"right\"><button type=\"button\" class=\"awb-menu__m-toggle awb-menu__m-toggle_no-text\" aria-expanded=\"false\" aria-controls=\"menu-faqs-es-short\"><span class=\"awb-menu__m-toggle-inner\"><span class=\"collapsed-nav-text\"><span class=\"screen-reader-text\">Toggle Navigation<\/span><\/span><span class=\"awb-menu__m-collapse-icon awb-menu__m-collapse-icon_no-text\"><span class=\"awb-menu__m-collapse-icon-open awb-menu__m-collapse-icon-open_no-text fa-bars fas\"><\/span><span class=\"awb-menu__m-collapse-icon-close awb-menu__m-collapse-icon-close_no-text fa-times fas\"><\/span><\/span><\/span><\/button><ul id=\"menu-faqs-es-short\" class=\"fusion-menu awb-menu__main-ul awb-menu__main-ul_row\"><li  id=\"menu-item-4997\"  class=\"menu-item menu-item-type-post_type menu-item-object-page menu-item-4997 awb-menu__li awb-menu__main-li awb-menu__main-li_regular\"  data-item-id=\"4997\"><span class=\"awb-menu__main-background-default awb-menu__main-background-default_fade\"><\/span><span class=\"awb-menu__main-background-active awb-menu__main-background-active_fade\"><\/span><a  href=\"https:\/\/www.volawyers.com\/es\/faqs\/compra-de-bienes-inmuebles\/\" class=\"awb-menu__main-a awb-menu__main-a_regular\"><span class=\"menu-text\">Compra inmuebles<\/span><\/a><\/li><li  id=\"menu-item-5002\"  class=\"menu-item menu-item-type-post_type menu-item-object-page menu-item-5002 awb-menu__li awb-menu__main-li awb-menu__main-li_regular\"  data-item-id=\"5002\"><span class=\"awb-menu__main-background-default awb-menu__main-background-default_fade\"><\/span><span class=\"awb-menu__main-background-active awb-menu__main-background-active_fade\"><\/span><a  href=\"https:\/\/www.volawyers.com\/es\/faqs\/venta-de-bienes-inmuebles\/\" class=\"awb-menu__main-a awb-menu__main-a_regular\"><span class=\"menu-text\">Venta inmuebles<\/span><\/a><\/li><li  id=\"menu-item-4998\"  class=\"menu-item menu-item-type-post_type menu-item-object-page menu-item-4998 awb-menu__li awb-menu__main-li awb-menu__main-li_regular\"  data-item-id=\"4998\"><span class=\"awb-menu__main-background-default awb-menu__main-background-default_fade\"><\/span><span class=\"awb-menu__main-background-active awb-menu__main-background-active_fade\"><\/span><a  href=\"https:\/\/www.volawyers.com\/es\/faqs\/hipotecas-y-financiacion\/\" class=\"awb-menu__main-a awb-menu__main-a_regular\"><span class=\"menu-text\">Hipotecas<\/span><\/a><\/li><li  id=\"menu-item-4996\"  class=\"menu-item menu-item-type-post_type menu-item-object-page menu-item-4996 awb-menu__li awb-menu__main-li awb-menu__main-li_regular\"  data-item-id=\"4996\"><span class=\"awb-menu__main-background-default awb-menu__main-background-default_fade\"><\/span><span class=\"awb-menu__main-background-active awb-menu__main-background-active_fade\"><\/span><a  href=\"https:\/\/www.volawyers.com\/es\/faqs\/alquileres-e-inquilinos-en-espana\/\" class=\"awb-menu__main-a awb-menu__main-a_regular\"><span class=\"menu-text\">Alquileres<\/span><\/a><\/li><li  id=\"menu-item-4999\"  class=\"menu-item menu-item-type-post_type menu-item-object-page menu-item-4999 awb-menu__li awb-menu__main-li awb-menu__main-li_regular\"  data-item-id=\"4999\"><span class=\"awb-menu__main-background-default awb-menu__main-background-default_fade\"><\/span><span class=\"awb-menu__main-background-active awb-menu__main-background-active_fade\"><\/span><a  href=\"https:\/\/www.volawyers.com\/es\/faqs\/impuestos-y-gastos-anuales\/\" class=\"awb-menu__main-a awb-menu__main-a_regular\"><span class=\"menu-text\">Impuestos<\/span><\/a><\/li><li  id=\"menu-item-5001\"  class=\"menu-item menu-item-type-post_type menu-item-object-page menu-item-5001 awb-menu__li awb-menu__main-li awb-menu__main-li_regular\"  data-item-id=\"5001\"><span class=\"awb-menu__main-background-default awb-menu__main-background-default_fade\"><\/span><span class=\"awb-menu__main-background-active awb-menu__main-background-active_fade\"><\/span><a  href=\"https:\/\/www.volawyers.com\/es\/faqs\/testamentos-y-herencias\/\" class=\"awb-menu__main-a awb-menu__main-a_regular\"><span class=\"menu-text\">Herencias<\/span><\/a><\/li><li  id=\"menu-item-5000\"  class=\"menu-item menu-item-type-post_type menu-item-object-page menu-item-5000 awb-menu__li awb-menu__main-li awb-menu__main-li_regular\"  data-item-id=\"5000\"><span class=\"awb-menu__main-background-default awb-menu__main-background-default_fade\"><\/span><span class=\"awb-menu__main-background-active awb-menu__main-background-active_fade\"><\/span><a  href=\"https:\/\/www.volawyers.com\/es\/faqs\/sociedades\/\" class=\"awb-menu__main-a awb-menu__main-a_regular\"><span class=\"menu-text\">Sociedades<\/span><\/a><\/li><\/ul><\/nav><\/div><\/div><div class=\"fusion-layout-column fusion_builder_column fusion-builder-column-1 fusion_builder_column_1_1 1_1 fusion-flex-column green-border rounded-border\" style=\"--awb-padding-top:60px;--awb-padding-right:60px;--awb-padding-bottom:20px;--awb-padding-left:60px;--awb-padding-bottom-medium:16px;--awb-padding-top-small:20px;--awb-padding-bottom-small:20px;--awb-bg-color:var(--awb-color1);--awb-bg-color-hover:var(--awb-color1);--awb-bg-size:cover;--awb-border-color:var(--awb-color3);--awb-border-style:solid;--awb-width-large:100%;--awb-margin-top-large:0px;--awb-spacing-right-large:0px;--awb-margin-bottom-large:20px;--awb-spacing-left-large:0px;--awb-width-medium:100%;--awb-order-medium:0;--awb-spacing-right-medium:0px;--awb-spacing-left-medium:0px;--awb-width-small:100%;--awb-order-small:0;--awb-spacing-right-small:0px;--awb-spacing-left-small:0px;\"><div class=\"fusion-column-wrapper fusion-column-has-shadow fusion-flex-justify-content-flex-start fusion-content-layout-column\"><div class=\"fusion-title title fusion-title-1 fusion-sep-none fusion-title-center fusion-title-text fusion-title-size-one\"><h1 class=\"fusion-title-heading title-heading-center\" style=\"margin:0;\">Testamentos y Herencias<\/h1><\/div><\/div><\/div><\/div><\/div><div class=\"fusion-fullwidth fullwidth-box fusion-builder-row-2 fusion-flex-container nonhundred-percent-fullwidth non-hundred-percent-height-scrolling\" style=\"--awb-border-radius-top-left:0px;--awb-border-radius-top-right:0px;--awb-border-radius-bottom-right:0px;--awb-border-radius-bottom-left:0px;--awb-padding-bottom:50px;--awb-flex-wrap:wrap;\" ><div class=\"fusion-builder-row fusion-row fusion-flex-align-items-flex-start fusion-flex-content-wrap\" style=\"max-width:1352px;margin-left: calc(-4% \/ 2 );margin-right: calc(-4% \/ 2 );\"><div class=\"fusion-layout-column fusion_builder_column fusion-builder-column-2 fusion_builder_column_1_1 1_1 fusion-flex-column\" style=\"--awb-bg-size:cover;--awb-width-large:100%;--awb-margin-top-large:0px;--awb-spacing-right-large:1.92%;--awb-margin-bottom-large:0px;--awb-spacing-left-large:1.92%;--awb-width-medium:100%;--awb-spacing-right-medium:1.92%;--awb-spacing-left-medium:1.92%;--awb-width-small:100%;--awb-spacing-right-small:1.92%;--awb-spacing-left-small:1.92%;\"><div class=\"fusion-column-wrapper fusion-flex-justify-content-flex-start fusion-content-layout-column\"><div class=\"fusion-text fusion-text-1\" style=\"--awb-text-transform:none;\"><h3>\u2013 \u00bfExiste la figura del trust en Espa\u00f1a?<\/h3>\n<p>No. La ley espa\u00f1ola no recoge una figura similar al trust. Lo m\u00e1s parecido ser\u00eda una fundaci\u00f3n, que en Espa\u00f1a debe tener un fin de inter\u00e9s p\u00fablico, es decir, el beneficiario debe ser la poblaci\u00f3n en general. A diferencia del trust, en caso de disoluci\u00f3n los bienes de una fundaci\u00f3n no se distribuyen entre los beneficiarios.<\/p>\n<h3>\u00a0\u2013 \u00bfHay alg\u00fan plazo para pagar el Impuesto de Sucesiones?<\/h3>\n<p>S\u00ed. El Impuesto de Sucesiones debe liquidarse antes de que transcurran seis meses desde la fecha de fallecimiento del causahabiente. Se puede solicitar una extensi\u00f3n del plazo por otros seis meses, previa solicitud del sujeto pasivo antes de que se cumplan cinco meses del fallecimiento. Esta extensi\u00f3n deber\u00e1 ser aprobada por la oficina liquidadora del impuesto. En caso de que se conceda dicha pr\u00f3rroga, se tendr\u00e1 que abonar el inter\u00e9s de demora correspondiente.<\/p>\n<h3>\u00a0\u2013 \u00bfTiene el heredero que pagar las deudas del fallecido?<\/h3>\n<p>S\u00ed, salvo que la herencia se acepte a beneficio de inventario, en cuyo caso, se abonar\u00e1n las deudas y se heredar\u00e1 el remanente.<\/p>\n<h3>\u00a0\u2013 \u00bfQu\u00e9 es el usufructo vitalicio?<\/h3>\n<p>El usufructo consiste en el uso y disfrute exclusivo y de por vida de un bien sobre el que no se ostenta la titularidad. En estos casos el propietario (nudo propietario) es titular del bien, pero no puede usarlo ni disfrutarlo mientras subsista el usufructo. El usufructo m\u00e1s com\u00fan se da cuando uno de los miembros de un matrimonio fallece habiendo nombrado herederos a sus hijos. El c\u00f3nyuge sup\u00e9rstite se convierte en usufructuario y mantiene el derecho y disfrute de los bienes durante toda su vida.<\/p>\n<h3>\u00a0\u2013 \u00bfSe puede renunciar a la herencia del c\u00f3nyuge en favor de los hijos?<\/h3>\n<p>S\u00ed. Deber\u00e1 hacerlo constar en escritura p\u00fablica.<\/p>\n<h3>\u00a0\u2013 \u00bfPueden los herederos repartirse la herencia de una manera distinta a la dispuesta por el testador en su testamento?<\/h3>\n<p>S\u00ed, siempre que todos los herederos sean mayores de edad, capaces legalmente y est\u00e9n de acuerdo en hacerlo.<\/p>\n<h3>\u00a0\u2013 \u00bfPuedo firmar varios testamentos? \u00bfC\u00f3mo revoco el testamento si mis circunstancias cambian?<\/h3>\n<p>S\u00ed, puede firmar y revocar tantos testamentos como desee. Cuando firme uno, el que haya firmado con anterioridad quedar\u00e1 autom\u00e1ticamente revocado. Los testamentos que otorgue ante un notario espa\u00f1ol quedar\u00e1n registrados en el Registro de \u00daltimas Voluntades en Madrid. A su fallecimiento, el \u00fanico testamento v\u00e1lido ser\u00e1 el que aparezca en dicho registro como el \u00faltimo firmado.<\/p>\n<h3>\u00a0\u2013 \u00bfNecesito especificar todos mis bienes a la hora de hacer testamento?<\/h3>\n<p>No es necesario. Cuando el testador es un extranjero no residente en Espa\u00f1a, lo habitual es referirse de modo general a los bienes y derechos que posea aqu\u00ed, sin especificar ninguno. De esta manera, si los bienes cambian, no habr\u00e1 que modificar el testamento.<\/p>\n<h3>\u00a0\u2013 \u00bfD\u00f3nde se guarda mi testamento una vez firmado?<\/h3>\n<p>El original de su testamento queda en el protocolo y bajo la custodia del notario autorizante. Usted recibe una Copia Simple sellada por la notar\u00eda. Adem\u00e1s, queda constancia de su otorgamiento en el Registro de \u00daltimas Voluntades en Madrid. De esta manera, los beneficiarios podr\u00e1n acceder a \u00e9l a su fallecimiento, previa solicitud.<\/p>\n<h3>\u00a0\u2013 Tengo hijos menores de edad. \u00bfPuedo designar un tutor en mi testamento? \u00bfY podr\u00e1 \u00e9ste disponer libremente de los bienes hasta la mayor\u00eda de edad de mis hijos?<\/h3>\n<p>S\u00ed, puede designar un tutor en su testamento, pero \u00e9ste tendr\u00e1 que aceptar posteriormente el cargo. El tutor necesitar\u00e1 autorizaci\u00f3n judicial para realizar actos de disposici\u00f3n de los bienes de los menores.<\/p>\n<h3>\u00a0\u2013 \u00bfPuede el banco bloquear las cuentas de una persona fallecida?<\/h3>\n<p>El dinero depositado en las cuentas es un activo de la herencia y, por tanto, el banco est\u00e1 obligado a bloquearlas hasta que se acredite documentalmente qui\u00e9nes son los herederos legales y que se ha efectuado el pago del Impuesto de Sucesiones. En cualquier caso, las cuentas siguen estando operativas, es decir, se podr\u00e1n hacer ingresos y se seguir\u00e1n cargando en ellas los recibos que pueda haber domiciliados.<\/p>\n<\/div><\/div><\/div><\/div><\/div><\/p>\n","protected":false},"excerpt":{"rendered":"","protected":false},"author":1,"featured_media":0,"parent":3682,"menu_order":0,"comment_status":"closed","ping_status":"open","template":"","meta":{"footnotes":""},"class_list":["post-3718","page","type-page","status-publish","hentry"],"_links":{"self":[{"href":"https:\/\/www.volawyers.com\/es\/wp-json\/wp\/v2\/pages\/3718","targetHints":{"allow":["GET"]}}],"collection":[{"href":"https:\/\/www.volawyers.com\/es\/wp-json\/wp\/v2\/pages"}],"about":[{"href":"https:\/\/www.volawyers.com\/es\/wp-json\/wp\/v2\/types\/page"}],"author":[{"embeddable":true,"href":"https:\/\/www.volawyers.com\/es\/wp-json\/wp\/v2\/users\/1"}],"replies":[{"embeddable":true,"href":"https:\/\/www.volawyers.com\/es\/wp-json\/wp\/v2\/comments?post=3718"}],"version-history":[{"count":3,"href":"https:\/\/www.volawyers.com\/es\/wp-json\/wp\/v2\/pages\/3718\/revisions"}],"predecessor-version":[{"id":5514,"href":"https:\/\/www.volawyers.com\/es\/wp-json\/wp\/v2\/pages\/3718\/revisions\/5514"}],"up":[{"embeddable":true,"href":"https:\/\/www.volawyers.com\/es\/wp-json\/wp\/v2\/pages\/3682"}],"wp:attachment":[{"href":"https:\/\/www.volawyers.com\/es\/wp-json\/wp\/v2\/media?parent=3718"}],"curies":[{"name":"wp","href":"https:\/\/api.w.org\/{rel}","templated":true}]}}