{"id":3673,"date":"2013-08-03T18:08:57","date_gmt":"2013-08-03T18:08:57","guid":{"rendered":"https:\/\/www.volawyers.com\/que-hacemos\/"},"modified":"2023-08-10T23:31:47","modified_gmt":"2023-08-10T23:31:47","slug":"que-hacemos","status":"publish","type":"page","link":"https:\/\/www.volawyers.com\/es\/que-hacemos\/","title":{"rendered":"Qu\u00e9 hacemos"},"content":{"rendered":"<div class=\"fusion-fullwidth fullwidth-box fusion-builder-row-1 fusion-flex-container nonhundred-percent-fullwidth non-hundred-percent-height-scrolling\" style=\"--awb-background-position:left top;--awb-border-sizes-top:0px;--awb-border-sizes-bottom:0px;--awb-border-sizes-left:0px;--awb-border-sizes-right:0px;--awb-border-radius-top-left:0px;--awb-border-radius-top-right:0px;--awb-border-radius-bottom-right:0px;--awb-border-radius-bottom-left:0px;--awb-padding-top:0px;--awb-padding-right:0px;--awb-padding-bottom:0px;--awb-padding-left:0px;--awb-padding-top-medium:72px;--awb-padding-bottom-medium:60px;--awb-padding-bottom-small:0px;--awb-background-color:var(--awb-color1);--awb-flex-wrap:wrap;\" ><div class=\"fusion-builder-row fusion-row fusion-flex-align-items-stretch fusion-flex-content-wrap\" style=\"max-width:calc( 1300px + 0px );margin-left: calc(-0px \/ 2 );margin-right: calc(-0px \/ 2 );\"><div class=\"fusion-layout-column fusion_builder_column fusion-builder-column-0 fusion_builder_column_1_1 1_1 fusion-flex-column fusion-flex-align-self-flex-start fusion-column-no-min-height fusion-no-small-visibility fusion-no-medium-visibility\" style=\"--awb-bg-blend:overlay;--awb-bg-size:cover;--awb-width-large:100%;--awb-margin-top-large:0px;--awb-spacing-right-large:0px;--awb-margin-bottom-large:0px;--awb-spacing-left-large:0px;--awb-width-medium:100%;--awb-order-medium:0;--awb-spacing-right-medium:0px;--awb-spacing-left-medium:0px;--awb-width-small:100%;--awb-order-small:0;--awb-spacing-right-small:0px;--awb-spacing-left-small:0px;\"><div class=\"fusion-column-wrapper fusion-column-has-shadow fusion-flex-justify-content-flex-start fusion-content-layout-column\"><div class=\"fusion-separator fusion-full-width-sep\" style=\"align-self: center;margin-left: auto;margin-right: auto;margin-top:0px;margin-bottom:0px;width:100%;\"><div class=\"fusion-separator-border sep-single sep-solid\" style=\"--awb-height:20px;--awb-amount:20px;--awb-sep-color:var(--awb-color5);border-color:var(--awb-color5);border-top-width:5px;\"><\/div><\/div><\/div><\/div><div class=\"fusion-layout-column fusion_builder_column fusion-builder-column-1 fusion_builder_column_1_1 1_1 fusion-flex-column green-border rounded-border\" style=\"--awb-padding-top:60px;--awb-padding-right:60px;--awb-padding-bottom:50px;--awb-padding-left:60px;--awb-padding-bottom-medium:16px;--awb-padding-top-small:10px;--awb-bg-color:var(--awb-color1);--awb-bg-color-hover:var(--awb-color1);--awb-bg-size:cover;--awb-border-color:var(--awb-color3);--awb-border-style:solid;--awb-width-large:100%;--awb-margin-top-large:0px;--awb-spacing-right-large:0px;--awb-margin-bottom-large:20px;--awb-spacing-left-large:0px;--awb-width-medium:100%;--awb-order-medium:0;--awb-spacing-right-medium:0px;--awb-spacing-left-medium:0px;--awb-width-small:100%;--awb-order-small:0;--awb-spacing-right-small:0px;--awb-spacing-left-small:0px;\"><div class=\"fusion-column-wrapper fusion-column-has-shadow fusion-flex-justify-content-flex-start fusion-content-layout-column\"><div class=\"fusion-title title fusion-title-1 fusion-sep-none fusion-title-center fusion-title-text fusion-title-size-one\"><h1 class=\"fusion-title-heading title-heading-center\" style=\"margin:0;\">Qu\u00e9 hacemos<\/h1><\/div><div class=\"fusion-separator\" style=\"align-self: center;margin-left: auto;margin-right: auto;margin-top:10px;margin-bottom:70px;width:100%;max-width:170px;\"><div class=\"fusion-separator-border sep-single sep-solid\" style=\"--awb-height:20px;--awb-amount:20px;--awb-sep-color:var(--awb-color5);border-color:var(--awb-color5);border-top-width:5px;\"><\/div><\/div><div class=\"fusion-builder-row fusion-builder-row-inner fusion-row fusion-flex-align-items-stretch fusion-flex-content-wrap\" style=\"width:calc( 100% + 0px ) !important;max-width:calc( 100% + 0px ) !important;margin-left: calc(-0px \/ 2 );margin-right: calc(-0px \/ 2 );\"><div class=\"fusion-layout-column fusion_builder_column_inner fusion-builder-nested-column-0 fusion_builder_column_inner_1_2 1_2 fusion-flex-column fusion-flex-align-self-center\" style=\"--awb-bg-size:cover;--awb-width-large:50%;--awb-margin-top-large:0px;--awb-spacing-right-large:32px;--awb-margin-bottom-large:0px;--awb-spacing-left-large:0px;--awb-width-medium:75%;--awb-order-medium:0;--awb-spacing-right-medium:32px;--awb-spacing-left-medium:0px;--awb-width-small:100%;--awb-order-small:0;--awb-spacing-right-small:0px;--awb-spacing-left-small:0px;\"><div class=\"fusion-column-wrapper fusion-column-has-shadow fusion-flex-justify-content-flex-start fusion-content-layout-column\"><div class=\"fusion-title title fusion-title-2 fusion-title-text fusion-title-size-five\" style=\"--awb-text-color:var(--awb-color5);\"><div class=\"title-sep-container title-sep-container-left fusion-no-large-visibility fusion-no-medium-visibility fusion-no-small-visibility\"><div class=\"title-sep sep-single sep-dotted\" style=\"border-color:var(--awb-color3);\"><\/div><\/div><span class=\"awb-title-spacer fusion-no-large-visibility fusion-no-medium-visibility fusion-no-small-visibility\"><\/span><h5 class=\"fusion-title-heading title-heading-left\" style=\"margin:0;\">Derecho Inmobiliario<\/h5><span class=\"awb-title-spacer\"><\/span><div class=\"title-sep-container title-sep-container-right\"><div class=\"title-sep sep-single sep-dotted\" style=\"border-color:var(--awb-color3);\"><\/div><\/div><\/div><div class=\"fusion-text fusion-text-1\" style=\"--awb-text-transform:none;\"><ul>\n<li>Compra y venta de inmuebles<\/li>\n<li>Asesoramiento integral a la promoci\u00f3n inmobiliaria<\/li>\n<li>Asistencia legal en la autopromoci\u00f3n<\/li>\n<li>Declaraciones de obra nueva y divisi\u00f3n horizontal<\/li>\n<li>Legalizaci\u00f3n de obras<\/li>\n<li>Obtenci\u00f3n de hipotecas y financiaci\u00f3n<\/li>\n<li>Alquiler de propiedades (para uso residencial y comercial)<\/li>\n<li>Disoluci\u00f3n de comunidades de bienes<\/li>\n<li>Constituci\u00f3n de derechos reales sobre inmuebles (usufructos, servidumbres, etc.)<\/li>\n<li>Representaci\u00f3n ante Comunidades de Propietarios y asistencia a juntas<\/li>\n<li>Inscripci\u00f3n o modificaci\u00f3n de datos en el Catastro Inmobiliario<\/li>\n<li>Compra y venta de bienes muebles (acciones, veh\u00edculos, yates)<\/li>\n<li>Cesi\u00f3n de puestos de atraque<\/li>\n<li>Divisi\u00f3n, segregaci\u00f3n y agrupaci\u00f3n de parcelas<\/li>\n<li>Alta para el ejercicio de la actividad de alquiler de alojamientos tur\u00edsticos<\/li>\n<\/ul>\n<\/div><div class=\"fusion-title title fusion-title-3 fusion-title-text fusion-title-size-five\" style=\"--awb-text-color:var(--awb-color5);\"><div class=\"title-sep-container title-sep-container-left fusion-no-large-visibility fusion-no-medium-visibility fusion-no-small-visibility\"><div class=\"title-sep sep-single sep-dotted\" style=\"border-color:var(--awb-color3);\"><\/div><\/div><span class=\"awb-title-spacer fusion-no-large-visibility fusion-no-medium-visibility fusion-no-small-visibility\"><\/span><h5 class=\"fusion-title-heading title-heading-left\" style=\"margin:0;\">Derecho de Familia y Sucesorio<\/h5><span class=\"awb-title-spacer\"><\/span><div class=\"title-sep-container title-sep-container-right\"><div class=\"title-sep sep-single sep-dotted\" style=\"border-color:var(--awb-color3);\"><\/div><\/div><\/div><div class=\"fusion-text fusion-text-2\" style=\"--awb-text-transform:none;\"><ul>\n<li>Testamentos<\/li>\n<li>Adjudicaci\u00f3n de herencias<\/li>\n<li>Donaciones<\/li>\n<li>Constituci\u00f3n de pensiones vitalicias<\/li>\n<li>Obtenci\u00f3n de certificados (defunci\u00f3n, \u00faltimas voluntades)<\/li>\n<li>Mediaci\u00f3n de conflictos<\/li>\n<li>Acuerdos prematrimoniales<\/li>\n<\/ul>\n<\/div><div class=\"fusion-title title fusion-title-4 fusion-title-text fusion-title-size-five\" style=\"--awb-text-color:var(--awb-color5);\"><div class=\"title-sep-container title-sep-container-left fusion-no-large-visibility fusion-no-medium-visibility fusion-no-small-visibility\"><div class=\"title-sep sep-single sep-dotted\" style=\"border-color:var(--awb-color3);\"><\/div><\/div><span class=\"awb-title-spacer fusion-no-large-visibility fusion-no-medium-visibility fusion-no-small-visibility\"><\/span><h5 class=\"fusion-title-heading title-heading-left\" style=\"margin:0;\">Textos Legales<\/h5><span class=\"awb-title-spacer\"><\/span><div class=\"title-sep-container title-sep-container-right\"><div class=\"title-sep sep-single sep-dotted\" style=\"border-color:var(--awb-color3);\"><\/div><\/div><\/div><div class=\"fusion-text fusion-text-3\" style=\"--awb-text-transform:none;\"><ul>\n<li>Preparaci\u00f3n de poderes en dos idiomas<\/li>\n<li>Redacci\u00f3n de contratos<\/li>\n<li>Informes legales<\/li>\n<li>Traducci\u00f3n de documentos<\/li>\n<\/ul>\n<\/div><div class=\"fusion-title title fusion-title-5 fusion-title-text fusion-title-size-five\" style=\"--awb-text-color:var(--awb-color5);\"><div class=\"title-sep-container title-sep-container-left fusion-no-large-visibility fusion-no-medium-visibility fusion-no-small-visibility\"><div class=\"title-sep sep-single sep-dotted\" style=\"border-color:var(--awb-color3);\"><\/div><\/div><span class=\"awb-title-spacer fusion-no-large-visibility fusion-no-medium-visibility fusion-no-small-visibility\"><\/span><h5 class=\"fusion-title-heading title-heading-left\" style=\"margin:0;\">Procedimientos Judiciales<\/h5><span class=\"awb-title-spacer\"><\/span><div class=\"title-sep-container title-sep-container-right\"><div class=\"title-sep sep-single sep-dotted\" style=\"border-color:var(--awb-color3);\"><\/div><\/div><\/div><div class=\"fusion-text fusion-text-4\" style=\"--awb-text-transform:none;\"><ul>\n<li>Litigios<\/li>\n<li>Mediaci\u00f3n en conflictos<\/li>\n<\/ul>\n<\/div><\/div><\/div><div class=\"fusion-layout-column fusion_builder_column_inner fusion-builder-nested-column-1 fusion_builder_column_inner_1_2 1_2 fusion-flex-column fusion-flex-align-self-flex-start\" style=\"--awb-bg-size:cover;--awb-width-large:50%;--awb-margin-top-large:0px;--awb-spacing-right-large:0px;--awb-margin-bottom-large:0px;--awb-spacing-left-large:0px;--awb-width-medium:75%;--awb-order-medium:0;--awb-spacing-right-medium:0px;--awb-spacing-left-medium:0px;--awb-width-small:100%;--awb-order-small:1;--awb-spacing-right-small:0px;--awb-margin-bottom-small:24px;--awb-spacing-left-small:0px;\"><div class=\"fusion-column-wrapper fusion-column-has-shadow fusion-flex-justify-content-flex-start fusion-content-layout-column\"><div class=\"fusion-title title fusion-title-6 fusion-title-text fusion-title-size-five\" style=\"--awb-text-color:var(--awb-color5);\"><div class=\"title-sep-container title-sep-container-left fusion-no-large-visibility fusion-no-medium-visibility fusion-no-small-visibility\"><div class=\"title-sep sep-single sep-dotted\" style=\"border-color:var(--awb-color3);\"><\/div><\/div><span class=\"awb-title-spacer fusion-no-large-visibility fusion-no-medium-visibility fusion-no-small-visibility\"><\/span><h5 class=\"fusion-title-heading title-heading-left\" style=\"margin:0;\">Tributaci\u00f3n<\/h5><span class=\"awb-title-spacer\"><\/span><div class=\"title-sep-container title-sep-container-right\"><div class=\"title-sep sep-single sep-dotted\" style=\"border-color:var(--awb-color3);\"><\/div><\/div><\/div><div class=\"fusion-text fusion-text-5\" style=\"--awb-text-transform:none;\"><ul>\n<li>Asesoramiento fiscal a no residentes<\/li>\n<li>Inspecci\u00f3n de tributos de no residentes<\/li>\n<li>Presentaci\u00f3n de declaraciones anuales (Renta y Patrimonio)<\/li>\n<li>Representaci\u00f3n fiscal en Espa\u00f1a<\/li>\n<li>Obtenci\u00f3n del N\u00famero de Identificaci\u00f3n de Extranjeros (NIE)<\/li>\n<li>Obtenci\u00f3n del C\u00f3digo de Identificaci\u00f3n Fiscal (CIF)<\/li>\n<li>Alta o baja en el Censo de Obligados Tributarios<\/li>\n<li>Pago de impuestos y tasas municipales<\/li>\n<\/ul>\n<\/div><div class=\"fusion-title title fusion-title-7 fusion-title-text fusion-title-size-five\" style=\"--awb-text-color:var(--awb-color5);\"><div class=\"title-sep-container title-sep-container-left fusion-no-large-visibility fusion-no-medium-visibility fusion-no-small-visibility\"><div class=\"title-sep sep-single sep-dotted\" style=\"border-color:var(--awb-color3);\"><\/div><\/div><span class=\"awb-title-spacer fusion-no-large-visibility fusion-no-medium-visibility fusion-no-small-visibility\"><\/span><h5 class=\"fusion-title-heading title-heading-left\" style=\"margin:0;\">Derecho Mercantil<\/h5><span class=\"awb-title-spacer\"><\/span><div class=\"title-sep-container title-sep-container-right\"><div class=\"title-sep sep-single sep-dotted\" style=\"border-color:var(--awb-color3);\"><\/div><\/div><\/div><div class=\"fusion-text fusion-text-6\" style=\"--awb-text-transform:none;\"><ul>\n<li>Constituci\u00f3n y disoluci\u00f3n de sociedades<\/li>\n<li>Ampliaciones de capital<\/li>\n<li>Puesta en marcha de negocios<\/li>\n<li>Redacci\u00f3n de estatutos sociales<\/li>\n<\/ul>\n<\/div><div class=\"fusion-title title fusion-title-8 fusion-title-text fusion-title-size-five\" style=\"--awb-text-color:var(--awb-color5);\"><div class=\"title-sep-container title-sep-container-left fusion-no-large-visibility fusion-no-medium-visibility fusion-no-small-visibility\"><div class=\"title-sep sep-single sep-dotted\" style=\"border-color:var(--awb-color3);\"><\/div><\/div><span class=\"awb-title-spacer fusion-no-large-visibility fusion-no-medium-visibility fusion-no-small-visibility\"><\/span><h5 class=\"fusion-title-heading title-heading-left\" style=\"margin:0;\">Derecho Administrativo<\/h5><span class=\"awb-title-spacer\"><\/span><div class=\"title-sep-container title-sep-container-right\"><div class=\"title-sep sep-single sep-dotted\" style=\"border-color:var(--awb-color3);\"><\/div><\/div><\/div><div class=\"fusion-text fusion-text-7\" style=\"--awb-text-transform:none;\"><ul>\n<li>Presentaci\u00f3n de escritos e instancias ante las distintas Administraciones P\u00fablicas<\/li>\n<li>Reclamaciones y recursos en v\u00eda administrativa o contencioso-administrativa<\/li>\n<li>Solicitud y obtenci\u00f3n de permisos (residencia, trabajo, armas, caza y pesca)<\/li>\n<li>Tr\u00e1mites ante Tr\u00e1fico (matriculaciones, cambios de titularidad o domicilio, duplicados, bajas)<\/li>\n<li>Solicitud y obtenci\u00f3n de todo tipo de certificados (antecedentes penales, residencia)<\/li>\n<li>Solicitud y tramitaci\u00f3n de la Golden Visa para ciudadanos no residentes en la UE<\/li>\n<\/ul>\n<\/div><div class=\"fusion-title title fusion-title-9 fusion-title-text fusion-title-size-five\" style=\"--awb-text-color:var(--awb-color5);\"><div class=\"title-sep-container title-sep-container-left fusion-no-large-visibility fusion-no-medium-visibility fusion-no-small-visibility\"><div class=\"title-sep sep-single sep-dotted\" style=\"border-color:var(--awb-color3);\"><\/div><\/div><span class=\"awb-title-spacer fusion-no-large-visibility fusion-no-medium-visibility fusion-no-small-visibility\"><\/span><h5 class=\"fusion-title-heading title-heading-left\" style=\"margin:0;\">Otros Servicios<\/h5><span class=\"awb-title-spacer\"><\/span><div class=\"title-sep-container title-sep-container-right\"><div class=\"title-sep sep-single sep-dotted\" style=\"border-color:var(--awb-color3);\"><\/div><\/div><\/div><div class=\"fusion-text fusion-text-8\" style=\"--awb-text-transform:none;\"><ul>\n<li>Contrataci\u00f3n \/ cancelaci\u00f3n de suministros (luz, agua, gas, tel\u00e9fono, internet)<\/li>\n<li>Pago de deudas y reclamaciones contra empresas suministradoras<\/li>\n<li>Contrataci\u00f3n de seguros de hogar, vida, veh\u00edculos y alquiler<\/li>\n<\/ul>\n<\/div><div class=\"fusion-text fusion-text-9\" style=\"--awb-text-transform:none;\"><p><img decoding=\"async\" class=\"lazyload alignleft wp-image-172\" src=\"https:\/\/volawyers.com\/v22dlc\/wp-content\/uploads\/2013\/08\/expertice-219x300.jpg\" data-orig-src=\"https:\/\/volawyers.com\/v22dlc\/wp-content\/uploads\/2013\/08\/expertice-219x300.jpg\" alt=\"VO Lawyers - Find our services\" width=\"62\" height=\"85\" srcset=\"data:image\/svg+xml,%3Csvg%20xmlns%3D%27http%3A%2F%2Fwww.w3.org%2F2000%2Fsvg%27%20width%3D%2762%27%20height%3D%2785%27%20viewBox%3D%270%200%2062%2085%27%3E%3Crect%20width%3D%2762%27%20height%3D%2785%27%20fill-opacity%3D%220%22%2F%3E%3C%2Fsvg%3E\" data-srcset=\"https:\/\/volawyers.com\/wp-content\/uploads\/2013\/08\/expertice-219x300.jpg 219w, https:\/\/volawyers.com\/wp-content\/uploads\/2013\/08\/expertice.jpg 273w\" data-sizes=\"auto\" data-orig-sizes=\"(max-width: 62px) 100vw, 62px\" \/><\/p>\n<p>\u00c9ste es un listado de algunos de los servicios que habitualmente prestamos a nuestros clientes.<\/p>\n<p>Si el servicio que requiere no aparece en este listado, le sugerimos que nos consulte igualmente. Intentaremos ayudarle o, al menos, recomendarle alg\u00fan profesional en esa \u00e1rea concreta de especializaci\u00f3n.<\/p>\n<\/div><\/div><\/div><\/div><\/div><\/div><\/div><\/div>\n","protected":false},"excerpt":{"rendered":"","protected":false},"author":1,"featured_media":0,"parent":0,"menu_order":0,"comment_status":"closed","ping_status":"open","template":"100-width.php","meta":{"footnotes":""},"class_list":["post-3673","page","type-page","status-publish","hentry"],"_links":{"self":[{"href":"https:\/\/www.volawyers.com\/es\/wp-json\/wp\/v2\/pages\/3673","targetHints":{"allow":["GET"]}}],"collection":[{"href":"https:\/\/www.volawyers.com\/es\/wp-json\/wp\/v2\/pages"}],"about":[{"href":"https:\/\/www.volawyers.com\/es\/wp-json\/wp\/v2\/types\/page"}],"author":[{"embeddable":true,"href":"https:\/\/www.volawyers.com\/es\/wp-json\/wp\/v2\/users\/1"}],"replies":[{"embeddable":true,"href":"https:\/\/www.volawyers.com\/es\/wp-json\/wp\/v2\/comments?post=3673"}],"version-history":[{"count":4,"href":"https:\/\/www.volawyers.com\/es\/wp-json\/wp\/v2\/pages\/3673\/revisions"}],"predecessor-version":[{"id":5487,"href":"https:\/\/www.volawyers.com\/es\/wp-json\/wp\/v2\/pages\/3673\/revisions\/5487"}],"wp:attachment":[{"href":"https:\/\/www.volawyers.com\/es\/wp-json\/wp\/v2\/media?parent=3673"}],"curies":[{"name":"wp","href":"https:\/\/api.w.org\/{rel}","templated":true}]}}