{"id":3797,"date":"2015-10-16T19:47:05","date_gmt":"2015-10-16T19:47:05","guid":{"rendered":"https:\/\/www.volawyers.com\/koupe-nemovitosti-ve-spanelsku-rezervacni-smlouva\/"},"modified":"2023-08-10T19:25:09","modified_gmt":"2023-08-10T19:25:09","slug":"koupe-nemovitosti-ve-spanelsku-rezervacni-smlouva","status":"publish","type":"page","link":"https:\/\/www.volawyers.com\/cs\/co-byste-meli-vedet\/koupe-ve-spanelsku\/koupe-nemovitosti-ve-spanelsku-rezervacni-smlouva\/","title":{"rendered":"Koup\u011b nemovitosti ve \u0160pan\u011blsku: rezerva\u010dn\u00ed smlouva"},"content":{"rendered":"<p><div class=\"fusion-fullwidth fullwidth-box fusion-builder-row-1 fusion-flex-container has-pattern-background has-mask-background nonhundred-percent-fullwidth non-hundred-percent-height-scrolling fusion-custom-z-index\" style=\"--awb-background-position:left top;--awb-border-sizes-top:0px;--awb-border-sizes-bottom:0px;--awb-border-sizes-left:0px;--awb-border-sizes-right:0px;--awb-border-radius-top-left:0px;--awb-border-radius-top-right:0px;--awb-border-radius-bottom-right:0px;--awb-border-radius-bottom-left:0px;--awb-z-index:189;--awb-padding-top:0px;--awb-padding-right:0px;--awb-padding-bottom:0px;--awb-padding-left:0px;--awb-padding-top-medium:72px;--awb-padding-bottom-medium:60px;--awb-padding-bottom-small:0px;--awb-background-color:var(--awb-color1);--awb-flex-wrap:wrap;\" ><div class=\"fusion-builder-row fusion-row fusion-flex-align-items-stretch fusion-flex-content-wrap\" style=\"max-width:calc( 1300px + 0px );margin-left: calc(-0px \/ 2 );margin-right: calc(-0px \/ 2 );\"><div class=\"fusion-layout-column fusion_builder_column fusion-builder-column-0 fusion_builder_column_1_1 1_1 fusion-flex-column fusion-flex-align-self-flex-start fusion-column-no-min-height fusion-no-small-visibility fusion-no-medium-visibility\" style=\"--awb-bg-blend:overlay;--awb-bg-size:cover;--awb-width-large:100%;--awb-margin-top-large:0px;--awb-spacing-right-large:0px;--awb-margin-bottom-large:0px;--awb-spacing-left-large:0px;--awb-width-medium:100%;--awb-order-medium:0;--awb-spacing-right-medium:0px;--awb-spacing-left-medium:0px;--awb-width-small:100%;--awb-order-small:0;--awb-spacing-right-small:0px;--awb-spacing-left-small:0px;\"><div class=\"fusion-column-wrapper fusion-column-has-shadow fusion-flex-justify-content-flex-start fusion-content-layout-column\"><div class=\"fusion-separator fusion-full-width-sep\" style=\"align-self: center;margin-left: auto;margin-right: auto;margin-top:0px;margin-bottom:0px;width:100%;\"><div class=\"fusion-separator-border sep-single sep-solid\" style=\"--awb-height:20px;--awb-amount:20px;--awb-sep-color:var(--awb-color5);border-color:var(--awb-color5);border-top-width:5px;\"><\/div><\/div><nav class=\"awb-menu awb-menu_row awb-menu_em-hover mobile-mode-collapse-to-button awb-menu_icons-left awb-menu_dc-no mobile-trigger-fullwidth-off awb-menu_mobile-toggle awb-menu_indent-left mobile-size-full-absolute loading mega-menu-loading awb-menu_desktop awb-menu_dropdown awb-menu_expand-right awb-menu_transition-fade dlc-menu-tips\" style=\"--awb-text-transform:uppercase;--awb-justify-content:space-between;--awb-items-padding-right:16px;--awb-items-padding-left:16px;--awb-active-color:var(--awb-color5);--awb-active-bg:var(--awb-color2);--awb-submenu-bg:var(--awb-color2);--awb-icons-hover-color:var(--awb-color5);--awb-main-justify-content:flex-start;--awb-mobile-justify:flex-start;--awb-mobile-caret-left:auto;--awb-mobile-caret-right:0;--awb-fusion-font-family-typography:inherit;--awb-fusion-font-style-typography:normal;--awb-fusion-font-weight-typography:400;--awb-fusion-font-family-submenu-typography:inherit;--awb-fusion-font-style-submenu-typography:normal;--awb-fusion-font-weight-submenu-typography:400;--awb-fusion-font-family-mobile-typography:inherit;--awb-fusion-font-style-mobile-typography:normal;--awb-fusion-font-weight-mobile-typography:400;\" aria-label=\"Legal Tips CS\" data-breakpoint=\"1024\" data-count=\"0\" data-transition-type=\"fade\" data-transition-time=\"300\" data-expand=\"right\"><button type=\"button\" class=\"awb-menu__m-toggle awb-menu__m-toggle_no-text\" aria-expanded=\"false\" aria-controls=\"menu-legal-tips-cs\"><span class=\"awb-menu__m-toggle-inner\"><span class=\"collapsed-nav-text\"><span class=\"screen-reader-text\">Toggle Navigation<\/span><\/span><span class=\"awb-menu__m-collapse-icon awb-menu__m-collapse-icon_no-text\"><span class=\"awb-menu__m-collapse-icon-open awb-menu__m-collapse-icon-open_no-text fa-bars fas\"><\/span><span class=\"awb-menu__m-collapse-icon-close awb-menu__m-collapse-icon-close_no-text fa-times fas\"><\/span><\/span><\/span><\/button><ul id=\"menu-legal-tips-cs\" class=\"fusion-menu awb-menu__main-ul awb-menu__main-ul_row\"><li  id=\"menu-item-5599\"  class=\"menu-item menu-item-type-post_type menu-item-object-page menu-item-5599 awb-menu__li awb-menu__main-li awb-menu__main-li_regular\"  data-item-id=\"5599\"><span class=\"awb-menu__main-background-default awb-menu__main-background-default_fade\"><\/span><span class=\"awb-menu__main-background-active awb-menu__main-background-active_fade\"><\/span><a  href=\"https:\/\/www.volawyers.com\/cs\/co-byste-meli-vedet\/koupe-ve-spanelsku\/koupe-nemovitosti-ve-spanelsku-rezervacni-smlouva\/\" class=\"awb-menu__main-a awb-menu__main-a_regular\"><span class=\"menu-text\">Koup\u011b<\/span><\/a><\/li><li  id=\"menu-item-5150\"  class=\"menu-item menu-item-type-post_type menu-item-object-page menu-item-5150 awb-menu__li awb-menu__main-li awb-menu__main-li_regular\"  data-item-id=\"5150\"><span class=\"awb-menu__main-background-default awb-menu__main-background-default_fade\"><\/span><span class=\"awb-menu__main-background-active awb-menu__main-background-active_fade\"><\/span><a  href=\"https:\/\/www.volawyers.com\/cs\/co-byste-meli-vedet\/prodej-nemovitosti-ve-spanelsku-2\/\" class=\"awb-menu__main-a awb-menu__main-a_regular\"><span class=\"menu-text\">Prodej<\/span><\/a><\/li><li  id=\"menu-item-5153\"  class=\"menu-item menu-item-type-post_type menu-item-object-page menu-item-5153 awb-menu__li awb-menu__main-li awb-menu__main-li_regular\"  data-item-id=\"5153\"><span class=\"awb-menu__main-background-default awb-menu__main-background-default_fade\"><\/span><span class=\"awb-menu__main-background-active awb-menu__main-background-active_fade\"><\/span><a  href=\"https:\/\/www.volawyers.com\/cs\/co-byste-meli-vedet\/rocni-dane-vyplyvajici-z-vlastnictvi-nemovitosti-ve-spanelsku\/\" class=\"awb-menu__main-a awb-menu__main-a_regular\"><span class=\"menu-text\">Dan\u011b<\/span><\/a><\/li><li  id=\"menu-item-5154\"  class=\"menu-item menu-item-type-post_type menu-item-object-page menu-item-5154 awb-menu__li awb-menu__main-li awb-menu__main-li_regular\"  data-item-id=\"5154\"><span class=\"awb-menu__main-background-default awb-menu__main-background-default_fade\"><\/span><span class=\"awb-menu__main-background-active awb-menu__main-background-active_fade\"><\/span><a  href=\"https:\/\/www.volawyers.com\/cs\/co-byste-meli-vedet\/provozni-vydaje-ve-spanelsku\/\" class=\"awb-menu__main-a awb-menu__main-a_regular\"><span class=\"menu-text\">Provozn\u00ed v\u00fddaje<\/span><\/a><\/li><li  id=\"menu-item-5155\"  class=\"menu-item menu-item-type-post_type menu-item-object-page menu-item-5155 awb-menu__li awb-menu__main-li awb-menu__main-li_regular\"  data-item-id=\"5155\"><span class=\"awb-menu__main-background-default awb-menu__main-background-default_fade\"><\/span><span class=\"awb-menu__main-background-active awb-menu__main-background-active_fade\"><\/span><a  href=\"https:\/\/www.volawyers.com\/cs\/co-byste-meli-vedet\/spanelska-zavet\/\" class=\"awb-menu__main-a awb-menu__main-a_regular\"><span class=\"menu-text\">Z\u00e1v\u011bti<\/span><\/a><\/li><li  id=\"menu-item-5156\"  class=\"menu-item menu-item-type-post_type menu-item-object-page menu-item-5156 awb-menu__li awb-menu__main-li awb-menu__main-li_regular\"  data-item-id=\"5156\"><span class=\"awb-menu__main-background-default awb-menu__main-background-default_fade\"><\/span><span class=\"awb-menu__main-background-active awb-menu__main-background-active_fade\"><\/span><a  href=\"https:\/\/www.volawyers.com\/cs\/co-byste-meli-vedet\/dedictvi-a-dary-ve-spanelsku\/\" class=\"awb-menu__main-a awb-menu__main-a_regular\"><span class=\"menu-text\">D\u011bdictv\u00ed<\/span><\/a><\/li><li  id=\"menu-item-5615\"  class=\"menu-item menu-item-type-post_type menu-item-object-page menu-item-5615 awb-menu__li awb-menu__main-li awb-menu__main-li_regular\"  data-item-id=\"5615\"><span class=\"awb-menu__main-background-default awb-menu__main-background-default_fade\"><\/span><span class=\"awb-menu__main-background-active awb-menu__main-background-active_fade\"><\/span><a  href=\"https:\/\/www.volawyers.com\/cs\/co-byste-meli-vedet\/hypoteky\/hypoteky-ve-spanelsku-ziskejte-uver-na-koupi-sve-nemovitosti\/\" class=\"awb-menu__main-a awb-menu__main-a_regular\"><span class=\"menu-text\">Hypot\u00e9ky<\/span><\/a><\/li><li  id=\"menu-item-5162\"  class=\"menu-item menu-item-type-post_type menu-item-object-page menu-item-5162 awb-menu__li awb-menu__main-li awb-menu__main-li_regular\"  data-item-id=\"5162\"><span class=\"awb-menu__main-background-default awb-menu__main-background-default_fade\"><\/span><span class=\"awb-menu__main-background-active awb-menu__main-background-active_fade\"><\/span><a  href=\"https:\/\/www.volawyers.com\/cs\/co-byste-meli-vedet\/pronajem-nemovitosti-ve-spanelsku\/\" class=\"awb-menu__main-a awb-menu__main-a_regular\"><span class=\"menu-text\">Pron\u00e1jmy<\/span><\/a><\/li><li  id=\"menu-item-5163\"  class=\"menu-item menu-item-type-post_type menu-item-object-page menu-item-5163 awb-menu__li awb-menu__main-li awb-menu__main-li_regular\"  data-item-id=\"5163\"><span class=\"awb-menu__main-background-default awb-menu__main-background-default_fade\"><\/span><span class=\"awb-menu__main-background-active awb-menu__main-background-active_fade\"><\/span><a  href=\"https:\/\/www.volawyers.com\/cs\/co-byste-meli-vedet\/zdravotni-pece-ve-spanelsku\/\" class=\"awb-menu__main-a awb-menu__main-a_regular\"><span class=\"menu-text\">Zdravotn\u00ed p\u00e9\u010de<\/span><\/a><\/li><\/ul><\/nav><\/div><\/div><div class=\"fusion-layout-column fusion_builder_column fusion-builder-column-1 fusion_builder_column_1_1 1_1 fusion-flex-column green-border rounded-border\" style=\"--awb-padding-top:60px;--awb-padding-right:60px;--awb-padding-bottom:20px;--awb-padding-left:60px;--awb-padding-bottom-medium:16px;--awb-padding-top-small:20px;--awb-padding-bottom-small:20px;--awb-bg-color:var(--awb-color1);--awb-bg-color-hover:var(--awb-color1);--awb-bg-size:cover;--awb-border-color:var(--awb-color3);--awb-border-style:solid;--awb-width-large:100%;--awb-margin-top-large:0px;--awb-spacing-right-large:0px;--awb-margin-bottom-large:20px;--awb-spacing-left-large:0px;--awb-width-medium:100%;--awb-order-medium:0;--awb-spacing-right-medium:0px;--awb-spacing-left-medium:0px;--awb-width-small:100%;--awb-order-small:0;--awb-spacing-right-small:0px;--awb-spacing-left-small:0px;\"><div class=\"fusion-column-wrapper fusion-column-has-shadow fusion-flex-justify-content-flex-start fusion-content-layout-column\"><div class=\"fusion-title title fusion-title-1 fusion-title-center fusion-title-text fusion-title-size-one\"><div class=\"title-sep-container title-sep-container-left\"><div class=\"title-sep sep- sep-solid\" style=\"border-color:var(--awb-color3);\"><\/div><\/div><span class=\"awb-title-spacer\"><\/span><h1 class=\"fusion-title-heading title-heading-center\" style=\"margin:0;text-transform:none;\">Koup\u011b nemovitosti ve \u0160pan\u011blsku: rezerva\u010dn\u00ed smlouva<\/h1><span class=\"awb-title-spacer\"><\/span><div class=\"title-sep-container title-sep-container-right\"><div class=\"title-sep sep- sep-solid\" style=\"border-color:var(--awb-color3);\"><\/div><\/div><\/div><\/div><\/div><\/div><\/div><div class=\"fusion-fullwidth fullwidth-box fusion-builder-row-2 fusion-flex-container nonhundred-percent-fullwidth non-hundred-percent-height-scrolling\" style=\"--awb-border-radius-top-left:0px;--awb-border-radius-top-right:0px;--awb-border-radius-bottom-right:0px;--awb-border-radius-bottom-left:0px;--awb-padding-bottom:50px;--awb-flex-wrap:wrap;\" ><div class=\"fusion-builder-row fusion-row fusion-flex-align-items-flex-start fusion-flex-content-wrap\" style=\"max-width:1352px;margin-left: calc(-4% \/ 2 );margin-right: calc(-4% \/ 2 );\"><div class=\"fusion-layout-column fusion_builder_column fusion-builder-column-2 fusion_builder_column_1_1 1_1 fusion-flex-column\" style=\"--awb-bg-size:cover;--awb-width-large:100%;--awb-margin-top-large:0px;--awb-spacing-right-large:1.92%;--awb-margin-bottom-large:0px;--awb-spacing-left-large:1.92%;--awb-width-medium:100%;--awb-spacing-right-medium:1.92%;--awb-spacing-left-medium:1.92%;--awb-width-small:100%;--awb-spacing-right-small:1.92%;--awb-spacing-left-small:1.92%;\"><div class=\"fusion-column-wrapper fusion-flex-justify-content-flex-start fusion-content-layout-column\"><div class=\"fusion-text fusion-text-1 fusion-text-no-margin\" style=\"--awb-text-transform:none;--awb-margin-bottom:40px;\"><p>D\u0159\u00edve, ne\u017e dojde ke koupi nemovitosti ve \u0160pan\u011blsku, d\u016frazn\u011b doporu\u010dujeme, abyste se spojili s m\u00edstn\u00edm nez\u00e1visl\u00fdm advok\u00e1tem, kter\u00fd v\u00e1m bude r\u00e1dcem i pr\u016fvodcem b\u011bhem cel\u00e9ho procesu, bude st\u0159e\u017eit va\u0161e pen\u00edze a postar\u00e1 se o to, aby va\u0161e pr\u00e1va a z\u00e1jmy byly bezpe\u010dn\u011b ochr\u00e1n\u011bny.\u00a0V\u00e1\u0161 pr\u00e1vn\u00ed z\u00e1stupce m\u016f\u017ee a m\u00e1 prov\u011b\u0159it pr\u00e1vn\u00ed zp\u016fsobilost prod\u00e1vaj\u00edc\u00ed strany, stavitele \u010di dal\u0161\u00edch prost\u0159edn\u00edk\u016f, p\u0159ipravit a zkontrolovat ka\u017ed\u00fd dokument, kter\u00fd se bude podepisovat a kter\u00fd m\u016f\u017ee p\u0159\u00edpadn\u011b ohrozit va\u0161e z\u00e1jmy. Mus\u00ed se ujistit, \u017ee ve\u0161ker\u00e9 pr\u00e1vn\u00ed normy jsou spln\u011bny, a prov\u011b\u0159it, \u017ee na nemovitosti nev\u00e1znou \u017e\u00e1dn\u00e9 dluhy, b\u0159emena \u010di z\u00e1vazky. M\u00edstn\u00ed advok\u00e1t nejen \u017ee zn\u00e1 danou legislativu, ale tak\u00e9 relevantn\u00ed oblast a mo\u017en\u00e9 komplikace \u010di naopak v\u00fdhody t\u00e9 \u010di on\u00e9 varianty k v\u00fdb\u011bru. Jeho znalosti v\u00e1m mohou b\u00fdt jen ku prosp\u011bchu. V advok\u00e1tn\u00ed kancel\u00e1\u0159i Vicente &amp; Otaolaurruchi budeme velmi pot\u011b\u0161eni, pokud n\u00e1s poct\u00edte svou d\u016fv\u011brou a sv\u011b\u0159\u00edte se do na\u0161ich rukou b\u011bhem procesu koup\u011b va\u0161\u00ed nemovitosti ve \u0160pan\u011blsku.<\/p>\n<p>Na\u0161\u00ed prvn\u00ed radou je, abyste si na\u0161li alespo\u0148 jednoho m\u00edstn\u00edho realitn\u00edho makl\u00e9\u0159e, kter\u00fd v\u00e1m pom\u016f\u017ee s v\u00fdb\u011brem nemovitosti p\u0159esn\u011b podle va\u0161ich p\u0159edstav. Zainteresov\u00e1n\u00ed makl\u00e9\u0159e do procesu v\u00e1m u\u0161et\u0159\u00ed \u010das, pen\u00edze\u00a0a nep\u0159\u00edjemn\u00e1 p\u0159ekvapen\u00ed. Nemovitost nen\u00ed jen samotn\u00e1 stavba. Dal\u0161\u00ed aspekty jako soused\u00e9, orientace, vzd\u00e1lenost od sportovi\u0161\u0165 \u010di zdravotn\u00edch st\u0159edisek, bezpe\u010dnost, p\u0159\u00edjezdov\u00e9 komunikace, atd. to v\u0161e je t\u0159eba vz\u00edt v potaz p\u0159i v\u00fdb\u011bru bydlen\u00ed.<\/p>\n<p>Po v\u00fdb\u011bru nemovitosti je vhodn\u00e9 zaplatit z\u00e1lohu a podepsat rezervaci. Z\u00e1lohou b\u00fdv\u00e1 n\u00edzk\u00e1 \u010d\u00e1stka (v rozmez\u00ed 3.000 a 10.000 Eur) a z\u016fst\u00e1v\u00e1 b\u011b\u017en\u011b u realitn\u00ed kancel\u00e1\u0159e nebo pr\u00e1vn\u00edho z\u00e1stupce prod\u00e1vaj\u00edc\u00ed strany. Slou\u017e\u00ed k zaji\u0161t\u011bn\u00ed koup\u011b, k tomu, aby byla nemovitost sta\u017eena z trhu a neposledn\u011b i k zaji\u0161t\u011bn\u00ed jej\u00ed ceny. Je d\u016fle\u017eit\u00e9 zd\u016fraznit, \u017ee v p\u0159\u00edpad\u011b, \u017ee se kupuj\u00edc\u00ed rozhodne nepokra\u010dovat\u00a0v koupi, z\u00e1loha propad\u00e1, mimo dohodu o opaku, a to nap\u0159\u00edklad tehdy, pokud nen\u00ed z\u00edsk\u00e1no pl\u00e1novan\u00e9 financov\u00e1n\u00ed nebo v p\u0159\u00edpad\u011b, \u017ee vyjdou na sv\u011btlo probl\u00e9my pr\u00e1vn\u00edho \u010di stavebn\u00edho charakteru, kter\u00e9 by vy\u00fastily v nedoporu\u010den\u00ed koup\u011b.<\/p>\n<p>V tomto smyslu velmi doporu\u010dujeme na\u0161im klient\u016fm, aby p\u0159ed podpisem rezervace s realitn\u00ed kancel\u00e1\u0159\u00ed \u010di p\u0159\u00edmo se soukromou osobou, n\u00e1m tento dokument postoupili k prov\u011b\u0159en\u00ed a schv\u00e1len\u00ed. P\u0159esto\u017ee specifick\u00e9 podm\u00ednky dohody budou p\u0159eneseny do kupn\u00ed smlouvy, n\u011bkter\u00e9 z\u00e1sadn\u00ed aspekty, kter\u00e9 se vyskytnou v rezervaci, jako term\u00edny, cena, v\u00fddaje jednotliv\u00fdch stran, atd. bude nutno respektovat a posteriori. Z\u00e1loha se b\u011b\u017en\u011b hrad\u00ed kreditn\u00ed kartou \u010di bankovn\u00edm p\u0159evodem.<\/p>\n<p>Osobn\u00ed \u0161eky ani platby v hotovosti neb\u00fdvaj\u00ed b\u011b\u017en\u00e9,\u00a0v posledn\u00edm p\u0159\u00edpad\u011b d\u00edky sou\u010dasn\u00fdm pr\u00e1vn\u00edm omezen\u00edm.<\/p>\n<\/div><div class=\"fusion-builder-row fusion-builder-row-inner fusion-row fusion-flex-align-items-flex-start fusion-flex-content-wrap\" style=\"width:104% !important;max-width:104% !important;margin-left: calc(-4% \/ 2 );margin-right: calc(-4% \/ 2 );\"><div class=\"fusion-layout-column fusion_builder_column_inner fusion-builder-nested-column-0 fusion_builder_column_inner_1_2 1_2 fusion-flex-column\" style=\"--awb-bg-size:cover;--awb-width-large:50%;--awb-margin-top-large:0px;--awb-spacing-right-large:3.84%;--awb-margin-bottom-large:20px;--awb-spacing-left-large:3.84%;--awb-width-medium:100%;--awb-order-medium:0;--awb-spacing-right-medium:1.92%;--awb-spacing-left-medium:1.92%;--awb-width-small:100%;--awb-order-small:0;--awb-spacing-right-small:1.92%;--awb-spacing-left-small:1.92%;\"><div class=\"fusion-column-wrapper fusion-column-has-shadow fusion-flex-justify-content-flex-start fusion-content-layout-column\"><\/div><\/div><div class=\"fusion-layout-column fusion_builder_column_inner fusion-builder-nested-column-1 fusion_builder_column_inner_1_2 1_2 fusion-flex-column\" style=\"--awb-bg-size:cover;--awb-width-large:50%;--awb-margin-top-large:0px;--awb-spacing-right-large:3.84%;--awb-margin-bottom-large:20px;--awb-spacing-left-large:3.84%;--awb-width-medium:100%;--awb-order-medium:0;--awb-spacing-right-medium:1.92%;--awb-spacing-left-medium:1.92%;--awb-width-small:100%;--awb-order-small:0;--awb-spacing-right-small:1.92%;--awb-spacing-left-small:1.92%;\"><div class=\"fusion-column-wrapper fusion-column-has-shadow fusion-flex-justify-content-flex-start fusion-content-layout-column\"><div class=\"fusion-text fusion-text-2\" style=\"--awb-text-transform:none;\"><p style=\"text-align: right;\"><a title=\"Prov\u011b\u0159en\u00ed nemovitosti a dohoda smluvn\u00edch podm\u00ednek\" href=\"https:\/\/www.volawyers.com\/cs\/co-byste-meli-vedet\/koupe-ve-spanelsku\/koupe-ve-spanelsku-provereni-nemovitosti\/\">P\u0159\u00ed\u0161t\u00ed: Prov\u011b\u0159en\u00ed nemovitosti a dohoda smluvn\u00edch podm\u00ednek<\/a><\/p>\n<\/div><\/div><\/div><\/div><div class=\"fusion-builder-row fusion-builder-row-inner fusion-row fusion-flex-align-items-flex-start fusion-flex-content-wrap\" style=\"width:104% !important;max-width:104% !important;margin-left: calc(-4% \/ 2 );margin-right: calc(-4% \/ 2 );\"><div class=\"fusion-layout-column fusion_builder_column_inner fusion-builder-nested-column-2 fusion_builder_column_inner_1_2 1_2 fusion-flex-column\" style=\"--awb-bg-size:cover;--awb-width-large:50%;--awb-margin-top-large:0px;--awb-spacing-right-large:3.84%;--awb-margin-bottom-large:20px;--awb-spacing-left-large:3.84%;--awb-width-medium:100%;--awb-order-medium:0;--awb-spacing-right-medium:1.92%;--awb-spacing-left-medium:1.92%;--awb-width-small:100%;--awb-order-small:0;--awb-spacing-right-small:1.92%;--awb-spacing-left-small:1.92%;\"><div class=\"fusion-column-wrapper fusion-column-has-shadow fusion-flex-justify-content-flex-start fusion-content-layout-column\"><div class=\"fusion-text fusion-text-3\" style=\"--awb-text-transform:none;\"><p style=\"text-align: left;\">Str\u00e1nka 1\/7<\/p>\n<\/div><\/div><\/div><div class=\"fusion-layout-column fusion_builder_column_inner fusion-builder-nested-column-3 fusion_builder_column_inner_1_2 1_2 fusion-flex-column\" style=\"--awb-bg-size:cover;--awb-width-large:50%;--awb-margin-top-large:0px;--awb-spacing-right-large:3.84%;--awb-margin-bottom-large:20px;--awb-spacing-left-large:3.84%;--awb-width-medium:100%;--awb-order-medium:0;--awb-spacing-right-medium:1.92%;--awb-spacing-left-medium:1.92%;--awb-width-small:100%;--awb-order-small:0;--awb-spacing-right-small:1.92%;--awb-spacing-left-small:1.92%;\"><div class=\"fusion-column-wrapper fusion-column-has-shadow fusion-flex-justify-content-flex-start fusion-content-layout-column\"><div class=\"fusion-text fusion-text-4\" style=\"--awb-text-transform:none;\"><p style=\"text-align: right;\">Str\u00e1nka: 1 <a href=\"https:\/\/www.volawyers.com\/cs\/co-byste-meli-vedet\/koupe-ve-spanelsku\/koupe-ve-spanelsku-provereni-nemovitosti\/\">2<\/a> <a href=\"https:\/\/www.volawyers.com\/cs\/co-byste-meli-vedet\/koupe-ve-spanelsku\/podpis-smlouvy\/\">3<\/a> <a href=\"https:\/\/www.volawyers.com\/cs\/co-byste-meli-vedet\/koupe-ve-spanelsku\/ziskani-nie-danove-identifikacni-cislo-pro-cizince\/\">4<\/a> <a href=\"https:\/\/www.volawyers.com\/cs\/co-byste-meli-vedet\/koupe-ve-spanelsku\/podpis-kupni-smlouvy-u-notare-a-prevzeti-nemovitosti\/\">5<\/a> <a href=\"https:\/\/www.volawyers.com\/cs\/co-byste-meli-vedet\/koupe-ve-spanelsku\/vklad-do-spanelskeho-katastru-nemovitosti\/\">6<\/a> <a href=\"https:\/\/www.volawyers.com\/cs\/co-byste-meli-vedet\/koupe-ve-spanelsku\/vydaje-a-dane-spojene-s-koupi-nemovitosti-ve-spanelsku\/\">7<\/a><\/p>\n<\/div><\/div><\/div><\/div><\/div><\/div><\/div><\/div><\/p>\n","protected":false},"excerpt":{"rendered":"","protected":false},"author":1,"featured_media":0,"parent":3725,"menu_order":0,"comment_status":"closed","ping_status":"closed","template":"","meta":{"footnotes":""},"class_list":["post-3797","page","type-page","status-publish","hentry"],"_links":{"self":[{"href":"https:\/\/www.volawyers.com\/cs\/wp-json\/wp\/v2\/pages\/3797","targetHints":{"allow":["GET"]}}],"collection":[{"href":"https:\/\/www.volawyers.com\/cs\/wp-json\/wp\/v2\/pages"}],"about":[{"href":"https:\/\/www.volawyers.com\/cs\/wp-json\/wp\/v2\/types\/page"}],"author":[{"embeddable":true,"href":"https:\/\/www.volawyers.com\/cs\/wp-json\/wp\/v2\/users\/1"}],"replies":[{"embeddable":true,"href":"https:\/\/www.volawyers.com\/cs\/wp-json\/wp\/v2\/comments?post=3797"}],"version-history":[{"count":2,"href":"https:\/\/www.volawyers.com\/cs\/wp-json\/wp\/v2\/pages\/3797\/revisions"}],"predecessor-version":[{"id":5299,"href":"https:\/\/www.volawyers.com\/cs\/wp-json\/wp\/v2\/pages\/3797\/revisions\/5299"}],"up":[{"embeddable":true,"href":"https:\/\/www.volawyers.com\/cs\/wp-json\/wp\/v2\/pages\/3725"}],"wp:attachment":[{"href":"https:\/\/www.volawyers.com\/cs\/wp-json\/wp\/v2\/media?parent=3797"}],"curies":[{"name":"wp","href":"https:\/\/api.w.org\/{rel}","templated":true}]}}