{"id":3776,"date":"2013-08-13T10:20:43","date_gmt":"2013-08-13T10:20:43","guid":{"rendered":"https:\/\/www.volawyers.com\/podminky-uziti\/"},"modified":"2023-08-10T22:30:50","modified_gmt":"2023-08-10T22:30:50","slug":"podminky-uziti","status":"publish","type":"page","link":"https:\/\/www.volawyers.com\/cs\/podminky-uziti\/","title":{"rendered":"Podm\u00ednky u\u017eit\u00ed"},"content":{"rendered":"<p><div class=\"fusion-fullwidth fullwidth-box fusion-builder-row-1 fusion-flex-container nonhundred-percent-fullwidth non-hundred-percent-height-scrolling\" style=\"--awb-background-position:left top;--awb-border-sizes-top:0px;--awb-border-sizes-bottom:0px;--awb-border-sizes-left:0px;--awb-border-sizes-right:0px;--awb-border-radius-top-left:0px;--awb-border-radius-top-right:0px;--awb-border-radius-bottom-right:0px;--awb-border-radius-bottom-left:0px;--awb-padding-top:0px;--awb-padding-right:0px;--awb-padding-bottom:0px;--awb-padding-left:0px;--awb-padding-top-medium:72px;--awb-padding-bottom-medium:60px;--awb-padding-bottom-small:0px;--awb-background-color:var(--awb-color1);--awb-flex-wrap:wrap;\" ><div class=\"fusion-builder-row fusion-row fusion-flex-align-items-stretch fusion-flex-content-wrap\" style=\"max-width:calc( 1300px + 0px );margin-left: calc(-0px \/ 2 );margin-right: calc(-0px \/ 2 );\"><div class=\"fusion-layout-column fusion_builder_column fusion-builder-column-0 fusion_builder_column_1_1 1_1 fusion-flex-column fusion-flex-align-self-flex-start fusion-column-no-min-height fusion-no-small-visibility fusion-no-medium-visibility\" style=\"--awb-bg-blend:overlay;--awb-bg-size:cover;--awb-width-large:100%;--awb-margin-top-large:0px;--awb-spacing-right-large:0px;--awb-margin-bottom-large:0px;--awb-spacing-left-large:0px;--awb-width-medium:100%;--awb-order-medium:0;--awb-spacing-right-medium:0px;--awb-spacing-left-medium:0px;--awb-width-small:100%;--awb-order-small:0;--awb-spacing-right-small:0px;--awb-spacing-left-small:0px;\"><div class=\"fusion-column-wrapper fusion-column-has-shadow fusion-flex-justify-content-flex-start fusion-content-layout-column\"><div class=\"fusion-separator fusion-full-width-sep\" style=\"align-self: center;margin-left: auto;margin-right: auto;margin-top:0px;margin-bottom:0px;width:100%;\"><div class=\"fusion-separator-border sep-single sep-solid\" style=\"--awb-height:20px;--awb-amount:20px;--awb-sep-color:var(--awb-color5);border-color:var(--awb-color5);border-top-width:5px;\"><\/div><\/div><\/div><\/div><div class=\"fusion-layout-column fusion_builder_column fusion-builder-column-1 fusion_builder_column_1_1 1_1 fusion-flex-column green-border rounded-border\" style=\"--awb-padding-top:60px;--awb-padding-right:60px;--awb-padding-bottom:5px;--awb-padding-left:60px;--awb-padding-bottom-medium:16px;--awb-padding-top-small:20px;--awb-padding-bottom-small:20px;--awb-bg-color:var(--awb-color1);--awb-bg-color-hover:var(--awb-color1);--awb-bg-size:cover;--awb-border-color:var(--awb-color3);--awb-border-style:solid;--awb-width-large:100%;--awb-margin-top-large:0px;--awb-spacing-right-large:0px;--awb-margin-bottom-large:20px;--awb-spacing-left-large:0px;--awb-width-medium:100%;--awb-order-medium:0;--awb-spacing-right-medium:0px;--awb-spacing-left-medium:0px;--awb-width-small:100%;--awb-order-small:0;--awb-spacing-right-small:0px;--awb-spacing-left-small:0px;\"><div class=\"fusion-column-wrapper fusion-column-has-shadow fusion-flex-justify-content-flex-start fusion-content-layout-column\"><div class=\"fusion-title title fusion-title-1 fusion-title-center fusion-title-text fusion-title-size-one\"><div class=\"title-sep-container title-sep-container-left\"><div class=\"title-sep sep- sep-solid\" style=\"border-color:var(--awb-color3);\"><\/div><\/div><span class=\"awb-title-spacer\"><\/span><h1 class=\"fusion-title-heading title-heading-center\" style=\"margin:0;text-transform:none;\">Podm\u00ednky u\u017eit\u00ed<\/h1><span class=\"awb-title-spacer\"><\/span><div class=\"title-sep-container title-sep-container-right\"><div class=\"title-sep sep- sep-solid\" style=\"border-color:var(--awb-color3);\"><\/div><\/div><\/div><div class=\"fusion-separator\" style=\"align-self: center;margin-left: auto;margin-right: auto;margin-top:10px;margin-bottom:40px;width:100%;max-width:170px;\"><div class=\"fusion-separator-border sep-single sep-solid\" style=\"--awb-height:20px;--awb-amount:20px;--awb-sep-color:var(--awb-color5);border-color:var(--awb-color5);border-top-width:5px;\"><\/div><\/div><\/div><\/div><\/div><\/div><div class=\"fusion-fullwidth fullwidth-box fusion-builder-row-2 fusion-flex-container nonhundred-percent-fullwidth non-hundred-percent-height-scrolling\" style=\"--awb-border-radius-top-left:0px;--awb-border-radius-top-right:0px;--awb-border-radius-bottom-right:0px;--awb-border-radius-bottom-left:0px;--awb-flex-wrap:wrap;\" ><div class=\"fusion-builder-row fusion-row fusion-flex-align-items-flex-start fusion-flex-content-wrap\" style=\"max-width:1352px;margin-left: calc(-4% \/ 2 );margin-right: calc(-4% \/ 2 );\"><div class=\"fusion-layout-column fusion_builder_column fusion-builder-column-2 fusion_builder_column_1_1 1_1 fusion-flex-column\" style=\"--awb-bg-size:cover;--awb-width-large:100%;--awb-margin-top-large:0px;--awb-spacing-right-large:1.92%;--awb-margin-bottom-large:0px;--awb-spacing-left-large:1.92%;--awb-width-medium:100%;--awb-spacing-right-medium:1.92%;--awb-spacing-left-medium:1.92%;--awb-width-small:100%;--awb-spacing-right-small:1.92%;--awb-spacing-left-small:1.92%;\"><div class=\"fusion-column-wrapper fusion-flex-justify-content-flex-start fusion-content-layout-column\"><div class=\"fusion-text fusion-text-1\"><p style=\"text-align: justify;\">Tyto webov\u00e9 str\u00e1nky, zna\u010dka Vicente &amp; Otaolaurruchi Abogados \u00a0a dom\u00e9na <a href=\"http:\/\/www.volawyers.com\">www.volawyers.com<\/a> \u00a0pat\u0159\u00ed spole\u010dnosti V.O. Lawyers S.L., se s\u00eddlem: Marbella (M\u00e1laga), Avda. Nabeul 14, Edif. Parquesol, Oficinas 11-12 y CIF J-92240746.<\/p>\n<p style=\"text-align: justify;\">U\u017eit\u00ed t\u011bchto webov\u00fdch str\u00e1nek podl\u00e9h\u00e1 n\u00e1sleduj\u00edc\u00edm V\u0161eobecn\u00fdm podm\u00ednk\u00e1m, a tak \u017e\u00e1d\u00e1me o jejich podrobn\u00e9 p\u0159e\u010dten\u00ed<\/p>\n<p style=\"text-align: justify;\">Podm\u00ednky u\u017eit\u00ed a p\u0159\u00edstupu \/ Ochrana dat:<\/p>\n<p style=\"text-align: justify;\">1.- P\u0159\u00edstup na tyto webov\u00e9 str\u00e1nky automaticky znamen\u00e1 souhlas s t\u011bmito podm\u00ednkami u\u017eit\u00ed a p\u0159\u00edstupu. Tyto mohou b\u00fdt kdykoli a bez p\u0159edchoz\u00edho upozorn\u011bn\u00ed modifikov\u00e1ny ze strany V.O. Lawyers S.L.<\/p>\n<p style=\"text-align: justify;\">2.- V.O. Lawyers S.L., stejn\u011b tak, jako jeho spole\u010dn\u00edci a zam\u011bstnanci, jsou spro\u0161t\u011bni jak\u00e9koli zodpov\u011bdnosti vych\u00e1zej\u00edc\u00ed z p\u0159\u00edstupu a u\u017eit\u00ed t\u011bchto webov\u00fdch str\u00e1nek. V\u010detn\u011b mo\u017enosti, \u017ee by vznikla jak\u00e1koli chyba, je\u017e by zp\u016fsobila po\u0161kozen\u00ed informa\u010dn\u00edho za\u0159\u00edzen\u00ed t\u0159et\u00edch osob. U\u017eivatel vstupuje na tyto webov\u00e9 str\u00e1nky na svou vlastn\u00ed zodpov\u011bdnost.<\/p>\n<p style=\"text-align: justify;\">3.- Spojen\u00ed, je\u017e navazujeme s u\u017eivatelem jeho p\u0159\u00edstupem k obsahu, jen\u017e zde d\u00e1v\u00e1me k dispozici zdarma a s c\u00edlem pouze informa\u010dn\u00edm,<br \/>\nv \u017e\u00e1dn\u00e9m p\u0159\u00edpad\u011b nezakl\u00e1d\u00e1 profesn\u00ed vazbu mezi V.O. Lawyers S.L. a u\u017eivatelem, a tud\u00ed\u017e zm\u00edn\u011bn\u00fd obsah nem\u016f\u017ee b\u00fdt nikdy pova\u017eov\u00e1n za pr\u00e1vn\u00ed poradenstv\u00ed. M\u011bli byste tak\u00e9 br\u00e1t na z\u0159etel, \u017ee obsah nemus\u00ed reflektovat posledn\u00ed judikaturu, \u010di pr\u00e1vn\u00ed normy ke zm\u00edn\u011bn\u00fdm t\u00e9mat\u016fm, a \u017ee tyto mohou b\u00fdt modifikov\u00e1ny, roz\u0161\u00ed\u0159eny a aktualizov\u00e1ny bez p\u0159edchoz\u00edho upozorn\u011bn\u00ed.<\/p>\n<p style=\"text-align: justify;\">4.- \u00a0Vlastnick\u00e1 pr\u00e1va na celkov\u00fd obsah t\u011bchto webov\u00fdch str\u00e1nek, a\u0165 u\u017e jde o texty, \u010dl\u00e1nky, vyobrazen\u00ed, z\u00e1lo\u017eky, logotypy, barevn\u00e9 kombinace nebo jak\u00fdkoli dal\u0161\u00ed prvek, struktura a design, v\u00fdb\u011br a zp\u016fsob prezentace u\u017eit\u00fdch materi\u00e1l\u016f, n\u00e1le\u017e\u00ed V.O. Lawyers S.L., mimo upozorn\u011bn\u00ed na opak v p\u0159\u00edpadech, \u017ee jde o uveden\u00ed informac\u00ed obsa\u017een\u00fdch \u010di publikovan\u00fdch v m\u00e9di\u00edch, kde vlastnick\u00e1 pr\u00e1va n\u00e1le\u017e\u00ed indikovan\u00fdm zdroj\u016fm.<\/p>\n<p style=\"text-align: justify;\">5.- Extern\u00ed odkazy obsa\u017eeny na t\u011bchto webov\u00fdch str\u00e1nk\u00e1ch vedou na webov\u00e9 str\u00e1nky spravovan\u00e9 t\u0159et\u00edmi stranami, o nich\u017e se domn\u00edv\u00e1me, \u017ee mohou b\u00fdt k u\u017eitku. Nad nimi v\u0161ak V.O. Lawyers S.L. nem\u00e1 \u017e\u00e1dnou kontrolu a tud\u00ed\u017e nezodpov\u00edd\u00e1me za obsah ani dostupnost t\u011bchto str\u00e1nek. P\u0159\u00edstup k nim p\u0159es na\u0161e webov\u00e9 str\u00e1nky tak\u00e9 neznamen\u00e1, \u017ee nutn\u011b souhlas\u00edme s jejich obsahem.<\/p>\n<p style=\"text-align: justify;\">6. Je zak\u00e1z\u00e1no na tyto webov\u00e9 str\u00e1nky um\u00eds\u0165ovat odkazy odjinud bez p\u0159edchoz\u00edho p\u00edsemn\u00e9ho souhlasu V.O. Lawyers S.L. Po jeho z\u00edsk\u00e1n\u00ed bude odkaz um\u00edst\u011bn na \u00favodn\u00ed str\u00e1nku bez jak\u00e9koli estetick\u00e9 \u010di obsahov\u00e9 modifikace. V ka\u017ed\u00e9m p\u0159\u00edpad\u011b je absolutn\u011b zak\u00e1z\u00e1no na tyto webov\u00e9 str\u00e1nky um\u00eds\u0165ovat odkazy, je\u017e \u00fato\u010d\u00ed na mor\u00e1lku, dobr\u00e9 mravy, maj\u00ed sexu\u00e1ln\u00ed obsah nebo p\u0159\u00edmo \u010di nep\u0159\u00edmo umo\u017e\u0148uj\u00ed poru\u0161ovat vlastnick\u00e1 pr\u00e1va t\u0159et\u00edch stran.<\/p>\n<p style=\"text-align: justify;\">7.- P\u0159\u00edstup na tyto webov\u00e9 str\u00e1nky nebo jejich u\u017eit\u00ed nutn\u011b neznamen\u00e1 sb\u011br osobn\u00edch \u00fadaj\u016f u\u017eivatele. Vstupem na n\u011b ov\u0161em V.O. Lawyers S.L. m\u016f\u017ee b\u00fdt v pozici z\u00edsk\u00e1n\u00ed ur\u010dit\u00fdch osobn\u00edch dat u\u017eivatele, je\u017e jej p\u0159\u00edpadn\u011b mohou identifikovat. Takov\u00e9 \u00fadaje budou br\u00e1ny a bude s nimi nakl\u00e1d\u00e1no pouze tak, aby vylep\u0161ily technickou str\u00e1nku tohoto webu. V ka\u017ed\u00e9m p\u0159\u00edpad\u011b se oznamuje, \u017ee v p\u0159\u00edpad\u011b, kdy budou po\u017eadov\u00e1ny osobn\u00ed \u00fadaje, u\u017eivatel bude n\u00e1le\u017eit\u011b informov\u00e1n v souladu s platn\u00fdmi pr\u00e1vn\u00edmi p\u0159edpisy, speci\u00e1ln\u011b s odkazem na Z\u00e1kon o ochran\u011b dat osobn\u00edho charakteru (15\/1999, platn\u00fd od 13.prosince).<\/p>\n<p style=\"text-align: justify;\">Osobn\u00ed data budou tak\u00e9 skladov\u00e1na v na\u0161ich archivech v souladu s platn\u00fdmi \u0161pan\u011blsk\u00fdmi normami. Bude mo\u017eno po\u017e\u00e1dat o p\u0159\u00edstup do na\u0161eho archivu, po\u017e\u00e1dat o zm\u011bnu dat nabo jejich vymaz\u00e1n\u00ed a to p\u00edsemn\u011b na n\u00e1sleduj\u00edc\u00ed adrese:\u00a0 V.O. Lawyers S.L., Avda. Nabeul 14, Edificio Parquesol, Oficinas 11-12, Marbella 29601, M\u00e1laga. V \u017e\u00e1dosti je t\u0159eba uv\u00e9st jm\u00e9no, p\u0159\u00edjmen\u00ed, adresu a p\u0159ilo\u017eit kopii platn\u00e9ho osobn\u00edho dokladu.<\/p>\n<p style=\"text-align: justify;\">8.- Uveden\u00e9 podm\u00ednky u\u017eit\u00ed a p\u0159\u00edstupu podl\u00e9haj\u00ed \u0161pan\u011blsk\u00e9 legislativ\u011b.<\/p>\n<\/div><\/div><\/div><\/div><\/div><\/p>\n","protected":false},"excerpt":{"rendered":"","protected":false},"author":1,"featured_media":0,"parent":0,"menu_order":0,"comment_status":"closed","ping_status":"open","template":"","meta":{"footnotes":""},"class_list":["post-3776","page","type-page","status-publish","hentry"],"_links":{"self":[{"href":"https:\/\/www.volawyers.com\/cs\/wp-json\/wp\/v2\/pages\/3776","targetHints":{"allow":["GET"]}}],"collection":[{"href":"https:\/\/www.volawyers.com\/cs\/wp-json\/wp\/v2\/pages"}],"about":[{"href":"https:\/\/www.volawyers.com\/cs\/wp-json\/wp\/v2\/types\/page"}],"author":[{"embeddable":true,"href":"https:\/\/www.volawyers.com\/cs\/wp-json\/wp\/v2\/users\/1"}],"replies":[{"embeddable":true,"href":"https:\/\/www.volawyers.com\/cs\/wp-json\/wp\/v2\/comments?post=3776"}],"version-history":[{"count":3,"href":"https:\/\/www.volawyers.com\/cs\/wp-json\/wp\/v2\/pages\/3776\/revisions"}],"predecessor-version":[{"id":5388,"href":"https:\/\/www.volawyers.com\/cs\/wp-json\/wp\/v2\/pages\/3776\/revisions\/5388"}],"wp:attachment":[{"href":"https:\/\/www.volawyers.com\/cs\/wp-json\/wp\/v2\/media?parent=3776"}],"curies":[{"name":"wp","href":"https:\/\/api.w.org\/{rel}","templated":true}]}}