{"id":3770,"date":"2013-08-12T08:53:03","date_gmt":"2013-08-12T08:53:03","guid":{"rendered":"https:\/\/www.volawyers.com\/dane-a-vydaje-spojene-s-koupi\/"},"modified":"2023-08-10T19:13:12","modified_gmt":"2023-08-10T19:13:12","slug":"vydaje-a-dane-spojene-s-koupi-nemovitosti-ve-spanelsku","status":"publish","type":"page","link":"https:\/\/www.volawyers.com\/cs\/co-byste-meli-vedet\/koupe-ve-spanelsku\/vydaje-a-dane-spojene-s-koupi-nemovitosti-ve-spanelsku\/","title":{"rendered":"V\u00fddaje a dan\u011b spojen\u00e9 s koup\u00ed nemovitosti ve \u0160pan\u011blsku"},"content":{"rendered":"<p><div class=\"fusion-fullwidth fullwidth-box fusion-builder-row-1 fusion-flex-container has-pattern-background has-mask-background nonhundred-percent-fullwidth non-hundred-percent-height-scrolling fusion-custom-z-index\" style=\"--awb-background-position:left top;--awb-border-sizes-top:0px;--awb-border-sizes-bottom:0px;--awb-border-sizes-left:0px;--awb-border-sizes-right:0px;--awb-border-radius-top-left:0px;--awb-border-radius-top-right:0px;--awb-border-radius-bottom-right:0px;--awb-border-radius-bottom-left:0px;--awb-z-index:189;--awb-padding-top:0px;--awb-padding-right:0px;--awb-padding-bottom:0px;--awb-padding-left:0px;--awb-padding-top-medium:72px;--awb-padding-bottom-medium:60px;--awb-padding-bottom-small:0px;--awb-background-color:var(--awb-color1);--awb-flex-wrap:wrap;\" ><div class=\"fusion-builder-row fusion-row fusion-flex-align-items-stretch fusion-flex-content-wrap\" style=\"max-width:calc( 1300px + 0px );margin-left: calc(-0px \/ 2 );margin-right: calc(-0px \/ 2 );\"><div class=\"fusion-layout-column fusion_builder_column fusion-builder-column-0 fusion_builder_column_1_1 1_1 fusion-flex-column fusion-flex-align-self-flex-start fusion-column-no-min-height fusion-no-small-visibility fusion-no-medium-visibility\" style=\"--awb-bg-blend:overlay;--awb-bg-size:cover;--awb-width-large:100%;--awb-margin-top-large:0px;--awb-spacing-right-large:0px;--awb-margin-bottom-large:0px;--awb-spacing-left-large:0px;--awb-width-medium:100%;--awb-order-medium:0;--awb-spacing-right-medium:0px;--awb-spacing-left-medium:0px;--awb-width-small:100%;--awb-order-small:0;--awb-spacing-right-small:0px;--awb-spacing-left-small:0px;\"><div class=\"fusion-column-wrapper fusion-column-has-shadow fusion-flex-justify-content-flex-start fusion-content-layout-column\"><div class=\"fusion-separator fusion-full-width-sep\" style=\"align-self: center;margin-left: auto;margin-right: auto;margin-top:0px;margin-bottom:0px;width:100%;\"><div class=\"fusion-separator-border sep-single sep-solid\" style=\"--awb-height:20px;--awb-amount:20px;--awb-sep-color:var(--awb-color5);border-color:var(--awb-color5);border-top-width:5px;\"><\/div><\/div><nav class=\"awb-menu awb-menu_row awb-menu_em-hover mobile-mode-collapse-to-button awb-menu_icons-left awb-menu_dc-no mobile-trigger-fullwidth-off awb-menu_mobile-toggle awb-menu_indent-left mobile-size-full-absolute loading mega-menu-loading awb-menu_desktop awb-menu_dropdown awb-menu_expand-right awb-menu_transition-fade dlc-menu-tips\" style=\"--awb-text-transform:uppercase;--awb-justify-content:space-between;--awb-items-padding-right:16px;--awb-items-padding-left:16px;--awb-active-color:var(--awb-color5);--awb-active-bg:var(--awb-color2);--awb-submenu-bg:var(--awb-color2);--awb-icons-hover-color:var(--awb-color5);--awb-main-justify-content:flex-start;--awb-mobile-justify:flex-start;--awb-mobile-caret-left:auto;--awb-mobile-caret-right:0;--awb-fusion-font-family-typography:inherit;--awb-fusion-font-style-typography:normal;--awb-fusion-font-weight-typography:400;--awb-fusion-font-family-submenu-typography:inherit;--awb-fusion-font-style-submenu-typography:normal;--awb-fusion-font-weight-submenu-typography:400;--awb-fusion-font-family-mobile-typography:inherit;--awb-fusion-font-style-mobile-typography:normal;--awb-fusion-font-weight-mobile-typography:400;\" aria-label=\"Legal Tips CS\" data-breakpoint=\"1024\" data-count=\"0\" data-transition-type=\"fade\" data-transition-time=\"300\" data-expand=\"right\"><button type=\"button\" class=\"awb-menu__m-toggle awb-menu__m-toggle_no-text\" aria-expanded=\"false\" aria-controls=\"menu-legal-tips-cs\"><span class=\"awb-menu__m-toggle-inner\"><span class=\"collapsed-nav-text\"><span class=\"screen-reader-text\">Toggle Navigation<\/span><\/span><span class=\"awb-menu__m-collapse-icon awb-menu__m-collapse-icon_no-text\"><span class=\"awb-menu__m-collapse-icon-open awb-menu__m-collapse-icon-open_no-text fa-bars fas\"><\/span><span class=\"awb-menu__m-collapse-icon-close awb-menu__m-collapse-icon-close_no-text fa-times fas\"><\/span><\/span><\/span><\/button><ul id=\"menu-legal-tips-cs\" class=\"fusion-menu awb-menu__main-ul awb-menu__main-ul_row\"><li  id=\"menu-item-5599\"  class=\"menu-item menu-item-type-post_type menu-item-object-page menu-item-5599 awb-menu__li awb-menu__main-li awb-menu__main-li_regular\"  data-item-id=\"5599\"><span class=\"awb-menu__main-background-default awb-menu__main-background-default_fade\"><\/span><span class=\"awb-menu__main-background-active awb-menu__main-background-active_fade\"><\/span><a  href=\"https:\/\/www.volawyers.com\/cs\/co-byste-meli-vedet\/koupe-ve-spanelsku\/koupe-nemovitosti-ve-spanelsku-rezervacni-smlouva\/\" class=\"awb-menu__main-a awb-menu__main-a_regular\"><span class=\"menu-text\">Koup\u011b<\/span><\/a><\/li><li  id=\"menu-item-5150\"  class=\"menu-item menu-item-type-post_type menu-item-object-page menu-item-5150 awb-menu__li awb-menu__main-li awb-menu__main-li_regular\"  data-item-id=\"5150\"><span class=\"awb-menu__main-background-default awb-menu__main-background-default_fade\"><\/span><span class=\"awb-menu__main-background-active awb-menu__main-background-active_fade\"><\/span><a  href=\"https:\/\/www.volawyers.com\/cs\/co-byste-meli-vedet\/prodej-nemovitosti-ve-spanelsku-2\/\" class=\"awb-menu__main-a awb-menu__main-a_regular\"><span class=\"menu-text\">Prodej<\/span><\/a><\/li><li  id=\"menu-item-5153\"  class=\"menu-item menu-item-type-post_type menu-item-object-page menu-item-5153 awb-menu__li awb-menu__main-li awb-menu__main-li_regular\"  data-item-id=\"5153\"><span class=\"awb-menu__main-background-default awb-menu__main-background-default_fade\"><\/span><span class=\"awb-menu__main-background-active awb-menu__main-background-active_fade\"><\/span><a  href=\"https:\/\/www.volawyers.com\/cs\/co-byste-meli-vedet\/rocni-dane-vyplyvajici-z-vlastnictvi-nemovitosti-ve-spanelsku\/\" class=\"awb-menu__main-a awb-menu__main-a_regular\"><span class=\"menu-text\">Dan\u011b<\/span><\/a><\/li><li  id=\"menu-item-5154\"  class=\"menu-item menu-item-type-post_type menu-item-object-page menu-item-5154 awb-menu__li awb-menu__main-li awb-menu__main-li_regular\"  data-item-id=\"5154\"><span class=\"awb-menu__main-background-default awb-menu__main-background-default_fade\"><\/span><span class=\"awb-menu__main-background-active awb-menu__main-background-active_fade\"><\/span><a  href=\"https:\/\/www.volawyers.com\/cs\/co-byste-meli-vedet\/provozni-vydaje-ve-spanelsku\/\" class=\"awb-menu__main-a awb-menu__main-a_regular\"><span class=\"menu-text\">Provozn\u00ed v\u00fddaje<\/span><\/a><\/li><li  id=\"menu-item-5155\"  class=\"menu-item menu-item-type-post_type menu-item-object-page menu-item-5155 awb-menu__li awb-menu__main-li awb-menu__main-li_regular\"  data-item-id=\"5155\"><span class=\"awb-menu__main-background-default awb-menu__main-background-default_fade\"><\/span><span class=\"awb-menu__main-background-active awb-menu__main-background-active_fade\"><\/span><a  href=\"https:\/\/www.volawyers.com\/cs\/co-byste-meli-vedet\/spanelska-zavet\/\" class=\"awb-menu__main-a awb-menu__main-a_regular\"><span class=\"menu-text\">Z\u00e1v\u011bti<\/span><\/a><\/li><li  id=\"menu-item-5156\"  class=\"menu-item menu-item-type-post_type menu-item-object-page menu-item-5156 awb-menu__li awb-menu__main-li awb-menu__main-li_regular\"  data-item-id=\"5156\"><span class=\"awb-menu__main-background-default awb-menu__main-background-default_fade\"><\/span><span class=\"awb-menu__main-background-active awb-menu__main-background-active_fade\"><\/span><a  href=\"https:\/\/www.volawyers.com\/cs\/co-byste-meli-vedet\/dedictvi-a-dary-ve-spanelsku\/\" class=\"awb-menu__main-a awb-menu__main-a_regular\"><span class=\"menu-text\">D\u011bdictv\u00ed<\/span><\/a><\/li><li  id=\"menu-item-5615\"  class=\"menu-item menu-item-type-post_type menu-item-object-page menu-item-5615 awb-menu__li awb-menu__main-li awb-menu__main-li_regular\"  data-item-id=\"5615\"><span class=\"awb-menu__main-background-default awb-menu__main-background-default_fade\"><\/span><span class=\"awb-menu__main-background-active awb-menu__main-background-active_fade\"><\/span><a  href=\"https:\/\/www.volawyers.com\/cs\/co-byste-meli-vedet\/hypoteky\/hypoteky-ve-spanelsku-ziskejte-uver-na-koupi-sve-nemovitosti\/\" class=\"awb-menu__main-a awb-menu__main-a_regular\"><span class=\"menu-text\">Hypot\u00e9ky<\/span><\/a><\/li><li  id=\"menu-item-5162\"  class=\"menu-item menu-item-type-post_type menu-item-object-page menu-item-5162 awb-menu__li awb-menu__main-li awb-menu__main-li_regular\"  data-item-id=\"5162\"><span class=\"awb-menu__main-background-default awb-menu__main-background-default_fade\"><\/span><span class=\"awb-menu__main-background-active awb-menu__main-background-active_fade\"><\/span><a  href=\"https:\/\/www.volawyers.com\/cs\/co-byste-meli-vedet\/pronajem-nemovitosti-ve-spanelsku\/\" class=\"awb-menu__main-a awb-menu__main-a_regular\"><span class=\"menu-text\">Pron\u00e1jmy<\/span><\/a><\/li><li  id=\"menu-item-5163\"  class=\"menu-item menu-item-type-post_type menu-item-object-page menu-item-5163 awb-menu__li awb-menu__main-li awb-menu__main-li_regular\"  data-item-id=\"5163\"><span class=\"awb-menu__main-background-default awb-menu__main-background-default_fade\"><\/span><span class=\"awb-menu__main-background-active awb-menu__main-background-active_fade\"><\/span><a  href=\"https:\/\/www.volawyers.com\/cs\/co-byste-meli-vedet\/zdravotni-pece-ve-spanelsku\/\" class=\"awb-menu__main-a awb-menu__main-a_regular\"><span class=\"menu-text\">Zdravotn\u00ed p\u00e9\u010de<\/span><\/a><\/li><\/ul><\/nav><\/div><\/div><div class=\"fusion-layout-column fusion_builder_column fusion-builder-column-1 fusion_builder_column_1_1 1_1 fusion-flex-column green-border rounded-border\" style=\"--awb-padding-top:60px;--awb-padding-right:60px;--awb-padding-bottom:20px;--awb-padding-left:60px;--awb-padding-bottom-medium:16px;--awb-padding-top-small:20px;--awb-padding-bottom-small:20px;--awb-bg-color:var(--awb-color1);--awb-bg-color-hover:var(--awb-color1);--awb-bg-size:cover;--awb-border-color:var(--awb-color3);--awb-border-style:solid;--awb-width-large:100%;--awb-margin-top-large:0px;--awb-spacing-right-large:0px;--awb-margin-bottom-large:20px;--awb-spacing-left-large:0px;--awb-width-medium:100%;--awb-order-medium:0;--awb-spacing-right-medium:0px;--awb-spacing-left-medium:0px;--awb-width-small:100%;--awb-order-small:0;--awb-spacing-right-small:0px;--awb-spacing-left-small:0px;\"><div class=\"fusion-column-wrapper fusion-column-has-shadow fusion-flex-justify-content-flex-start fusion-content-layout-column\"><div class=\"fusion-title title fusion-title-1 fusion-title-center fusion-title-text fusion-title-size-one\"><div class=\"title-sep-container title-sep-container-left\"><div class=\"title-sep sep- sep-solid\" style=\"border-color:var(--awb-color3);\"><\/div><\/div><span class=\"awb-title-spacer\"><\/span><h1 class=\"fusion-title-heading title-heading-center\" style=\"margin:0;text-transform:none;\">V\u00fddaje a dan\u011b spojen\u00e9 s koup\u00ed nemovitosti ve \u0160pan\u011blsku<\/h1><span class=\"awb-title-spacer\"><\/span><div class=\"title-sep-container title-sep-container-right\"><div class=\"title-sep sep- sep-solid\" style=\"border-color:var(--awb-color3);\"><\/div><\/div><\/div><\/div><\/div><\/div><\/div><div class=\"fusion-fullwidth fullwidth-box fusion-builder-row-2 fusion-flex-container nonhundred-percent-fullwidth non-hundred-percent-height-scrolling\" style=\"--awb-border-radius-top-left:0px;--awb-border-radius-top-right:0px;--awb-border-radius-bottom-right:0px;--awb-border-radius-bottom-left:0px;--awb-padding-bottom:50px;--awb-flex-wrap:wrap;\" ><div class=\"fusion-builder-row fusion-row fusion-flex-align-items-flex-start fusion-flex-content-wrap\" style=\"max-width:1352px;margin-left: calc(-4% \/ 2 );margin-right: calc(-4% \/ 2 );\"><div class=\"fusion-layout-column fusion_builder_column fusion-builder-column-2 fusion_builder_column_1_1 1_1 fusion-flex-column\" style=\"--awb-bg-size:cover;--awb-width-large:100%;--awb-margin-top-large:0px;--awb-spacing-right-large:1.92%;--awb-margin-bottom-large:0px;--awb-spacing-left-large:1.92%;--awb-width-medium:100%;--awb-spacing-right-medium:1.92%;--awb-spacing-left-medium:1.92%;--awb-width-small:100%;--awb-spacing-right-small:1.92%;--awb-spacing-left-small:1.92%;\"><div class=\"fusion-column-wrapper fusion-flex-justify-content-flex-start fusion-content-layout-column\"><div class=\"fusion-text fusion-text-1 fusion-text-no-margin\" style=\"--awb-text-transform:none;--awb-margin-bottom:40px;\"><p>V\u00fddaje spojen\u00e9 s koup\u00ed nemovitosti v\u0161eobecn\u011b jsou z\u00e1visl\u00e9 na cen\u011b transakce a b\u011b\u017en\u011b dosahuj\u00ed 10% a\u017e 13% kupn\u00ed ceny. Jsou to:<\/p>\n<p><b>Honor\u00e1\u0159 advok\u00e1ta: <\/b><\/p>\n<p>V z\u00e1vislosti na slo\u017eitosti a d\u00e9lce procesu koup\u011b se pohybuje v rozmez\u00ed 1 a 1,5% z kupn\u00ed ceny, plus platn\u00e9 DPH. M\u011bl by b\u00fdt dohodnut na za\u010d\u00e1tku smluvn\u00edho vztahu a z\u016fstat nem\u011bnn\u00fd (s v\u00fdjimkou z\u00e1sadn\u00edch odchylek a zm\u011bn od p\u016fvodn\u00edho zad\u00e1n\u00ed, a to na z\u00e1klad\u011b jasn\u00e9 \u017e\u00e1dosti klienta).<\/p>\n<p>Na\u0161i advok\u00e1ti ne\u00fa\u010dtuj\u00ed honor\u00e1\u0159 na z\u00e1klad\u011b hodinov\u00e9 sazby, ani za jednotliv\u00e9 \u00fakony (sch\u016fzky, elaborace dokument\u016f, v\u00fdjezdy, atd.). Zku\u0161enost n\u00e1m uk\u00e1zala, \u017ee takov\u00e9to \u00fa\u010dtov\u00e1n\u00ed na z\u00e1klad\u011b tarifn\u00edch tabulek advok\u00e1tn\u00ed komory je pro klienta krajn\u011b nev\u00fdhodn\u00e9. Je ov\u0161em skute\u010dnost\u00ed, \u017ee minim\u00e1ln\u00ed v\u00fd\u0161e honor\u00e1\u0159e za tento druh transakc\u00ed je 1.500 Eur plus platn\u00e9 DPH.<\/p>\n<p><b>Honor\u00e1\u0159 not\u00e1\u0159e:<\/b><\/p>\n<p>V\u0161ichni \u0161pan\u011bl\u0161t\u00ed not\u00e1\u0159i by m\u011bli \u00fa\u010dtovat stejn\u00fd honor\u00e1\u0159 za stejnou pr\u00e1ci, ov\u0161em je tak\u00e9 skute\u010dnost\u00ed, \u017ee cena not\u00e1\u0159sky ov\u011b\u0159en\u00fdch dokument\u016f je z\u00e1visl\u00e1 na r\u016fzn\u00fdch faktorech, jako nap\u0159\u00edklad na hodnot\u011b transakce, po\u010dtu zainteresovan\u00fdch stran, po\u010dtu str\u00e1nek samotn\u00e9ho dokumentu, apod. Z tohoto d\u016fvodu je velmi slo\u017eit\u00e9 odhadnout s p\u0159esnost\u00ed kone\u010dnou cenu. Pro p\u0159ibli\u017enou orientaci se m\u016f\u017ee pohybovat v rozp\u011bt\u00ed mezi 300 a 1.500 \u20ac.<\/p>\n<p><b>Honor\u00e1\u0159 katastru nemovitost\u00ed:<\/b><\/p>\n<p>Stejn\u011b jako not\u00e1\u0159stv\u00ed, katastr se \u0159\u00edd\u00ed stejnou politikou aplikace honor\u00e1\u0159\u016f, jednotnou pro cel\u00e9 \u00fazem\u00ed \u0160pan\u011blska. V\u0161eobecn\u011b \u0159e\u010deno, \u00fa\u010det za z\u00e1pis do katastru je ni\u017e\u0161\u00ed ne\u017e \u00fa\u010det not\u00e1\u0159e.<\/p>\n<p><b>Da\u0148 z p\u0159evodu majetku a Actos Jur\u00eddicos Documentados<\/b><\/p>\n<p>a)\u00a0\u00a0\u00a0\u00a0 <b>Da\u0148 z p\u0159evodu majetku<\/b><\/p>\n<p>Tato da\u0148 se plat\u00ed pouze u koup\u011b nemovitost\u00ed tzv. z druh\u00e9 ruky a plat\u00ed se po podpisu kupn\u00ed smlouvy u not\u00e1\u0159e.<\/p>\n<p>Na \u00fazem\u00ed Andalusie je tato da\u0148 progres\u00edvn\u00ed, tj. z\u00e1vis\u00ed na cen\u011b p\u0159ev\u00e1d\u011bn\u00e9 nemovitosti.\u00a0Nejni\u017e\u0161\u00ed \u00farove\u0148 je 8% pro transakce pod 400.000 Euro, v\u010detn\u011b, navy\u0161uje se na 9% mezi 400.001 a 700.000 Eury a dosahuje 10% pro transakce nad 700.001 Euro. Tady jde v\u017edy o sumu investice na jednotlivce.<\/p>\n<div>V autonomn\u00edch oblastech Murcie a Valencie je sazba dan\u011b pevn\u00e1. V prvn\u00edm p\u0159\u00edpad\u011b jde o 8% a ve druh\u00e9m o 10% z kupn\u00ed ceny.<\/div>\n<p>b)\u00a0\u00a0\u00a0\u00a0 <b>Actos Jur\u00eddicos Documentados \/ Spr\u00e1vn\u00ed poplatek<\/b><\/p>\n<p>Ekvivalent dan\u011b z p\u0159evodu majetku, kter\u00fd se t\u00fdk\u00e1 pouze novostaveb.<\/p>\n<p>V Andalusii a Valencii jde o da\u0148ovou z\u00e1t\u011b\u017e ve v\u00fd\u0161i 1,5% z ceny, v Murcii stoup\u00e1 na 2%.<\/p>\n<p>Existuj\u00ed ur\u010dit\u00e9 da\u0148ov\u00e9 \u00falevy v jednotliv\u00fdch autonomn\u00edch oblastech. Tyto se t\u00fdkaj\u00ed p\u0159edev\u0161\u00edm p\u0159\u00edpad\u016f, kdy je p\u0159edm\u011btem koup\u011b nemovitost ur\u010den\u00e1 pro trval\u00e9 bydlen\u00ed, jej\u00ed\u017e hodnota nedosahuje 130.000 Eur u mlad\u0161\u00edch 35 let, u ceny do 180.000 Eur v p\u0159\u00edpad\u011b, \u017ee kupuj\u00edc\u00ed m\u00e1 l\u00e9ka\u0159sky potvrzen\u00e9 posti\u017een\u00ed, \u010di v p\u0159\u00edpadech, kdy jde o soci\u00e1ln\u00ed bydlen\u00ed, op\u011bt ur\u010deno pro trval\u00e9 ob\u00fdv\u00e1n\u00ed.<\/p>\n<p><b>DPH <\/b><\/p>\n<p>Da\u0148 z p\u0159idan\u00e9 hodnoty se plat\u00ed v p\u0159\u00edpad\u011b koup\u011b novostaveb. V sou\u010dasn\u00e9 dob\u011b je jej\u00ed v\u00fd\u0161e 10% z ceny.<\/p>\n<p><b>Dal\u0161\u00ed v\u00fddaje<\/b><\/p>\n<p>Mimo ji\u017e zm\u00edn\u011bn\u00e9 v\u00fddaje existuje cel\u00e1 \u0159ada dal\u0161\u00edch, drobn\u011bj\u0161\u00edch, kter\u00e9 ov\u0161em\u00a0 neznamenaj\u00ed \u017e\u00e1dn\u00e9 z\u00e1sadn\u00ed nav\u00fd\u0161en\u00ed celkov\u00fdch n\u00e1klad\u016f spojen\u00fdch s koup\u00ed nemovitosti. Mezi nimi jsou nap\u0159\u00edklad poplatky spojen\u00e9 s p\u0159evodem smluv s dodavateli energi\u00ed, z\u00edsk\u00e1n\u00ed NIE, ud\u011blen\u00ed pln\u00e9 moci \u010di seps\u00e1n\u00ed \u0161pan\u011blsk\u00e9 z\u00e1v\u011bti, administrativn\u00ed poplatky.<\/p>\n<p><strong>Chcete k\u00a0dan\u00e9mu t\u00e9matu dopl\u0148uj\u00edc\u00ed informace? Nav\u0161tivte na\u0161i sekci <a href=\"https:\/\/www.volawyers.com\/cs\/caste-otazky\/koupe-nemovitosti-ve-spanelsku\/\">\u010dast\u00fdch ot\u00e1zek ke koupi nemovitosti.<\/a><\/strong><\/p>\n<\/div><div class=\"fusion-builder-row fusion-builder-row-inner fusion-row fusion-flex-align-items-flex-start fusion-flex-content-wrap\" style=\"width:104% !important;max-width:104% !important;margin-left: calc(-4% \/ 2 );margin-right: calc(-4% \/ 2 );\"><div class=\"fusion-layout-column fusion_builder_column_inner fusion-builder-nested-column-0 fusion_builder_column_inner_1_2 1_2 fusion-flex-column\" style=\"--awb-bg-size:cover;--awb-width-large:50%;--awb-margin-top-large:0px;--awb-spacing-right-large:3.84%;--awb-margin-bottom-large:20px;--awb-spacing-left-large:3.84%;--awb-width-medium:100%;--awb-order-medium:0;--awb-spacing-right-medium:1.92%;--awb-spacing-left-medium:1.92%;--awb-width-small:100%;--awb-order-small:0;--awb-spacing-right-small:1.92%;--awb-spacing-left-small:1.92%;\"><div class=\"fusion-column-wrapper fusion-column-has-shadow fusion-flex-justify-content-flex-start fusion-content-layout-column\"><div class=\"fusion-text fusion-text-2\" style=\"--awb-text-transform:none;\"><p style=\"text-align: left;\"><a title=\"Z\u00e1pis nemovitosti do katastru, zm\u011bny smluv s dodavateli energi\u00ed, apod.\" href=\"https:\/\/www.volawyers.com\/cs\/co-byste-meli-vedet\/koupe-ve-spanelsku\/vklad-do-spanelskeho-katastru-nemovitosti\/\">P\u0159edchoz\u00ed:\u00a0Z\u00e1pis nemovitosti do katastru, zm\u011bny smluv s dodavateli energi\u00ed, apod.<\/a><\/p>\n<\/div><\/div><\/div><div class=\"fusion-layout-column fusion_builder_column_inner fusion-builder-nested-column-1 fusion_builder_column_inner_1_2 1_2 fusion-flex-column\" style=\"--awb-bg-size:cover;--awb-width-large:50%;--awb-margin-top-large:0px;--awb-spacing-right-large:3.84%;--awb-margin-bottom-large:20px;--awb-spacing-left-large:3.84%;--awb-width-medium:100%;--awb-order-medium:0;--awb-spacing-right-medium:1.92%;--awb-spacing-left-medium:1.92%;--awb-width-small:100%;--awb-order-small:0;--awb-spacing-right-small:1.92%;--awb-spacing-left-small:1.92%;\"><div class=\"fusion-column-wrapper fusion-column-has-shadow fusion-flex-justify-content-flex-start fusion-content-layout-column\"><\/div><\/div><\/div><div class=\"fusion-builder-row fusion-builder-row-inner fusion-row fusion-flex-align-items-flex-start fusion-flex-content-wrap\" style=\"width:104% !important;max-width:104% !important;margin-left: calc(-4% \/ 2 );margin-right: calc(-4% \/ 2 );\"><div class=\"fusion-layout-column fusion_builder_column_inner fusion-builder-nested-column-2 fusion_builder_column_inner_1_2 1_2 fusion-flex-column\" style=\"--awb-bg-size:cover;--awb-width-large:50%;--awb-margin-top-large:0px;--awb-spacing-right-large:3.84%;--awb-margin-bottom-large:20px;--awb-spacing-left-large:3.84%;--awb-width-medium:100%;--awb-order-medium:0;--awb-spacing-right-medium:1.92%;--awb-spacing-left-medium:1.92%;--awb-width-small:100%;--awb-order-small:0;--awb-spacing-right-small:1.92%;--awb-spacing-left-small:1.92%;\"><div class=\"fusion-column-wrapper fusion-column-has-shadow fusion-flex-justify-content-flex-start fusion-content-layout-column\"><div class=\"fusion-text fusion-text-3\" style=\"--awb-text-transform:none;\"><p style=\"text-align: left;\">Str\u00e1nka 7\/7<\/p>\n<\/div><\/div><\/div><div class=\"fusion-layout-column fusion_builder_column_inner fusion-builder-nested-column-3 fusion_builder_column_inner_1_2 1_2 fusion-flex-column\" style=\"--awb-bg-size:cover;--awb-width-large:50%;--awb-margin-top-large:0px;--awb-spacing-right-large:3.84%;--awb-margin-bottom-large:20px;--awb-spacing-left-large:3.84%;--awb-width-medium:100%;--awb-order-medium:0;--awb-spacing-right-medium:1.92%;--awb-spacing-left-medium:1.92%;--awb-width-small:100%;--awb-order-small:0;--awb-spacing-right-small:1.92%;--awb-spacing-left-small:1.92%;\"><div class=\"fusion-column-wrapper fusion-column-has-shadow fusion-flex-justify-content-flex-start fusion-content-layout-column\"><div class=\"fusion-text fusion-text-4\" style=\"--awb-text-transform:none;\"><p style=\"text-align: right;\">Str\u00e1nka: <a href=\"https:\/\/www.volawyers.com\/cs\/co-byste-meli-vedet\/koupe-ve-spanelsku\/koupe-nemovitosti-ve-spanelsku-rezervacni-smlouva\/\">1<\/a> <a href=\"https:\/\/www.volawyers.com\/cs\/co-byste-meli-vedet\/koupe-ve-spanelsku\/koupe-ve-spanelsku-provereni-nemovitosti\/\">2<\/a> <a href=\"https:\/\/www.volawyers.com\/cs\/co-byste-meli-vedet\/koupe-ve-spanelsku\/kupni-smlouva-na-nemovitost-ve-spanelsku\/\">3<\/a> <a href=\"https:\/\/www.volawyers.com\/cs\/co-byste-meli-vedet\/koupe-ve-spanelsku\/ziskani-nie-danove-identifikacni-cislo-pro-cizince\/\">4<\/a> <a href=\"https:\/\/www.volawyers.com\/cs\/co-byste-meli-vedet\/koupe-ve-spanelsku\/podpis-kupni-smlouvy-u-notare-a-prevzeti-nemovitosti\/\">5<\/a> <a href=\"https:\/\/www.volawyers.com\/cs\/co-byste-meli-vedet\/koupe-ve-spanelsku\/vklad-do-spanelskeho-katastru-nemovitosti\/\">6<\/a> 7<\/p>\n<\/div><\/div><\/div><\/div><\/div><\/div><\/div><\/div><\/p>\n","protected":false},"excerpt":{"rendered":"","protected":false},"author":1,"featured_media":0,"parent":3725,"menu_order":0,"comment_status":"closed","ping_status":"open","template":"","meta":{"footnotes":""},"class_list":["post-3770","page","type-page","status-publish","hentry"],"_links":{"self":[{"href":"https:\/\/www.volawyers.com\/cs\/wp-json\/wp\/v2\/pages\/3770","targetHints":{"allow":["GET"]}}],"collection":[{"href":"https:\/\/www.volawyers.com\/cs\/wp-json\/wp\/v2\/pages"}],"about":[{"href":"https:\/\/www.volawyers.com\/cs\/wp-json\/wp\/v2\/types\/page"}],"author":[{"embeddable":true,"href":"https:\/\/www.volawyers.com\/cs\/wp-json\/wp\/v2\/users\/1"}],"replies":[{"embeddable":true,"href":"https:\/\/www.volawyers.com\/cs\/wp-json\/wp\/v2\/comments?post=3770"}],"version-history":[{"count":3,"href":"https:\/\/www.volawyers.com\/cs\/wp-json\/wp\/v2\/pages\/3770\/revisions"}],"predecessor-version":[{"id":5295,"href":"https:\/\/www.volawyers.com\/cs\/wp-json\/wp\/v2\/pages\/3770\/revisions\/5295"}],"up":[{"embeddable":true,"href":"https:\/\/www.volawyers.com\/cs\/wp-json\/wp\/v2\/pages\/3725"}],"wp:attachment":[{"href":"https:\/\/www.volawyers.com\/cs\/wp-json\/wp\/v2\/media?parent=3770"}],"curies":[{"name":"wp","href":"https:\/\/api.w.org\/{rel}","templated":true}]}}