{"id":3752,"date":"2013-08-10T22:10:38","date_gmt":"2013-08-10T22:10:38","guid":{"rendered":"https:\/\/www.volawyers.com\/zdravotni-pece-ve-spanelsku\/"},"modified":"2023-08-10T16:27:33","modified_gmt":"2023-08-10T16:27:33","slug":"zdravotni-pece-ve-spanelsku","status":"publish","type":"page","link":"https:\/\/www.volawyers.com\/cs\/co-byste-meli-vedet\/zdravotni-pece-ve-spanelsku\/","title":{"rendered":"Zdravotn\u00ed p\u00e9\u010de ve \u0160pan\u011blsku"},"content":{"rendered":"<p><div class=\"fusion-fullwidth fullwidth-box fusion-builder-row-1 fusion-flex-container has-pattern-background has-mask-background nonhundred-percent-fullwidth non-hundred-percent-height-scrolling fusion-custom-z-index\" style=\"--awb-background-position:left top;--awb-border-sizes-top:0px;--awb-border-sizes-bottom:0px;--awb-border-sizes-left:0px;--awb-border-sizes-right:0px;--awb-border-radius-top-left:0px;--awb-border-radius-top-right:0px;--awb-border-radius-bottom-right:0px;--awb-border-radius-bottom-left:0px;--awb-z-index:189;--awb-padding-top:0px;--awb-padding-right:0px;--awb-padding-bottom:0px;--awb-padding-left:0px;--awb-padding-top-medium:72px;--awb-padding-bottom-medium:60px;--awb-padding-bottom-small:0px;--awb-background-color:var(--awb-color1);--awb-flex-wrap:wrap;\" ><div class=\"fusion-builder-row fusion-row fusion-flex-align-items-stretch fusion-flex-content-wrap\" style=\"max-width:calc( 1300px + 0px );margin-left: calc(-0px \/ 2 );margin-right: calc(-0px \/ 2 );\"><div class=\"fusion-layout-column fusion_builder_column fusion-builder-column-0 fusion_builder_column_1_1 1_1 fusion-flex-column fusion-flex-align-self-flex-start fusion-column-no-min-height fusion-no-small-visibility fusion-no-medium-visibility\" style=\"--awb-bg-blend:overlay;--awb-bg-size:cover;--awb-width-large:100%;--awb-margin-top-large:0px;--awb-spacing-right-large:0px;--awb-margin-bottom-large:0px;--awb-spacing-left-large:0px;--awb-width-medium:100%;--awb-order-medium:0;--awb-spacing-right-medium:0px;--awb-spacing-left-medium:0px;--awb-width-small:100%;--awb-order-small:0;--awb-spacing-right-small:0px;--awb-spacing-left-small:0px;\"><div class=\"fusion-column-wrapper fusion-column-has-shadow fusion-flex-justify-content-flex-start fusion-content-layout-column\"><div class=\"fusion-separator fusion-full-width-sep\" style=\"align-self: center;margin-left: auto;margin-right: auto;margin-top:0px;margin-bottom:0px;width:100%;\"><div class=\"fusion-separator-border sep-single sep-solid\" style=\"--awb-height:20px;--awb-amount:20px;--awb-sep-color:var(--awb-color5);border-color:var(--awb-color5);border-top-width:5px;\"><\/div><\/div><nav class=\"awb-menu awb-menu_row awb-menu_em-hover mobile-mode-collapse-to-button awb-menu_icons-left awb-menu_dc-no mobile-trigger-fullwidth-off awb-menu_mobile-toggle awb-menu_indent-left mobile-size-full-absolute loading mega-menu-loading awb-menu_desktop awb-menu_dropdown awb-menu_expand-right awb-menu_transition-fade dlc-menu-tips\" style=\"--awb-text-transform:uppercase;--awb-justify-content:space-between;--awb-items-padding-right:16px;--awb-items-padding-left:16px;--awb-active-color:var(--awb-color5);--awb-active-bg:var(--awb-color2);--awb-submenu-bg:var(--awb-color2);--awb-icons-hover-color:var(--awb-color5);--awb-main-justify-content:flex-start;--awb-mobile-justify:flex-start;--awb-mobile-caret-left:auto;--awb-mobile-caret-right:0;--awb-fusion-font-family-typography:inherit;--awb-fusion-font-style-typography:normal;--awb-fusion-font-weight-typography:400;--awb-fusion-font-family-submenu-typography:inherit;--awb-fusion-font-style-submenu-typography:normal;--awb-fusion-font-weight-submenu-typography:400;--awb-fusion-font-family-mobile-typography:inherit;--awb-fusion-font-style-mobile-typography:normal;--awb-fusion-font-weight-mobile-typography:400;\" aria-label=\"Legal Tips CS\" data-breakpoint=\"1024\" data-count=\"0\" data-transition-type=\"fade\" data-transition-time=\"300\" data-expand=\"right\"><button type=\"button\" class=\"awb-menu__m-toggle awb-menu__m-toggle_no-text\" aria-expanded=\"false\" aria-controls=\"menu-legal-tips-cs\"><span class=\"awb-menu__m-toggle-inner\"><span class=\"collapsed-nav-text\"><span class=\"screen-reader-text\">Toggle Navigation<\/span><\/span><span class=\"awb-menu__m-collapse-icon awb-menu__m-collapse-icon_no-text\"><span class=\"awb-menu__m-collapse-icon-open awb-menu__m-collapse-icon-open_no-text fa-bars fas\"><\/span><span class=\"awb-menu__m-collapse-icon-close awb-menu__m-collapse-icon-close_no-text fa-times fas\"><\/span><\/span><\/span><\/button><ul id=\"menu-legal-tips-cs\" class=\"fusion-menu awb-menu__main-ul awb-menu__main-ul_row\"><li  id=\"menu-item-5599\"  class=\"menu-item menu-item-type-post_type menu-item-object-page menu-item-5599 awb-menu__li awb-menu__main-li awb-menu__main-li_regular\"  data-item-id=\"5599\"><span class=\"awb-menu__main-background-default awb-menu__main-background-default_fade\"><\/span><span class=\"awb-menu__main-background-active awb-menu__main-background-active_fade\"><\/span><a  href=\"https:\/\/www.volawyers.com\/cs\/co-byste-meli-vedet\/koupe-ve-spanelsku\/koupe-nemovitosti-ve-spanelsku-rezervacni-smlouva\/\" class=\"awb-menu__main-a awb-menu__main-a_regular\"><span class=\"menu-text\">Koup\u011b<\/span><\/a><\/li><li  id=\"menu-item-5150\"  class=\"menu-item menu-item-type-post_type menu-item-object-page menu-item-5150 awb-menu__li awb-menu__main-li awb-menu__main-li_regular\"  data-item-id=\"5150\"><span class=\"awb-menu__main-background-default awb-menu__main-background-default_fade\"><\/span><span class=\"awb-menu__main-background-active awb-menu__main-background-active_fade\"><\/span><a  href=\"https:\/\/www.volawyers.com\/cs\/co-byste-meli-vedet\/prodej-nemovitosti-ve-spanelsku-2\/\" class=\"awb-menu__main-a awb-menu__main-a_regular\"><span class=\"menu-text\">Prodej<\/span><\/a><\/li><li  id=\"menu-item-5153\"  class=\"menu-item menu-item-type-post_type menu-item-object-page menu-item-5153 awb-menu__li awb-menu__main-li awb-menu__main-li_regular\"  data-item-id=\"5153\"><span class=\"awb-menu__main-background-default awb-menu__main-background-default_fade\"><\/span><span class=\"awb-menu__main-background-active awb-menu__main-background-active_fade\"><\/span><a  href=\"https:\/\/www.volawyers.com\/cs\/co-byste-meli-vedet\/rocni-dane-vyplyvajici-z-vlastnictvi-nemovitosti-ve-spanelsku\/\" class=\"awb-menu__main-a awb-menu__main-a_regular\"><span class=\"menu-text\">Dan\u011b<\/span><\/a><\/li><li  id=\"menu-item-5154\"  class=\"menu-item menu-item-type-post_type menu-item-object-page menu-item-5154 awb-menu__li awb-menu__main-li awb-menu__main-li_regular\"  data-item-id=\"5154\"><span class=\"awb-menu__main-background-default awb-menu__main-background-default_fade\"><\/span><span class=\"awb-menu__main-background-active awb-menu__main-background-active_fade\"><\/span><a  href=\"https:\/\/www.volawyers.com\/cs\/co-byste-meli-vedet\/provozni-vydaje-ve-spanelsku\/\" class=\"awb-menu__main-a awb-menu__main-a_regular\"><span class=\"menu-text\">Provozn\u00ed v\u00fddaje<\/span><\/a><\/li><li  id=\"menu-item-5155\"  class=\"menu-item menu-item-type-post_type menu-item-object-page menu-item-5155 awb-menu__li awb-menu__main-li awb-menu__main-li_regular\"  data-item-id=\"5155\"><span class=\"awb-menu__main-background-default awb-menu__main-background-default_fade\"><\/span><span class=\"awb-menu__main-background-active awb-menu__main-background-active_fade\"><\/span><a  href=\"https:\/\/www.volawyers.com\/cs\/co-byste-meli-vedet\/spanelska-zavet\/\" class=\"awb-menu__main-a awb-menu__main-a_regular\"><span class=\"menu-text\">Z\u00e1v\u011bti<\/span><\/a><\/li><li  id=\"menu-item-5156\"  class=\"menu-item menu-item-type-post_type menu-item-object-page menu-item-5156 awb-menu__li awb-menu__main-li awb-menu__main-li_regular\"  data-item-id=\"5156\"><span class=\"awb-menu__main-background-default awb-menu__main-background-default_fade\"><\/span><span class=\"awb-menu__main-background-active awb-menu__main-background-active_fade\"><\/span><a  href=\"https:\/\/www.volawyers.com\/cs\/co-byste-meli-vedet\/dedictvi-a-dary-ve-spanelsku\/\" class=\"awb-menu__main-a awb-menu__main-a_regular\"><span class=\"menu-text\">D\u011bdictv\u00ed<\/span><\/a><\/li><li  id=\"menu-item-5615\"  class=\"menu-item menu-item-type-post_type menu-item-object-page menu-item-5615 awb-menu__li awb-menu__main-li awb-menu__main-li_regular\"  data-item-id=\"5615\"><span class=\"awb-menu__main-background-default awb-menu__main-background-default_fade\"><\/span><span class=\"awb-menu__main-background-active awb-menu__main-background-active_fade\"><\/span><a  href=\"https:\/\/www.volawyers.com\/cs\/co-byste-meli-vedet\/hypoteky\/hypoteky-ve-spanelsku-ziskejte-uver-na-koupi-sve-nemovitosti\/\" class=\"awb-menu__main-a awb-menu__main-a_regular\"><span class=\"menu-text\">Hypot\u00e9ky<\/span><\/a><\/li><li  id=\"menu-item-5162\"  class=\"menu-item menu-item-type-post_type menu-item-object-page menu-item-5162 awb-menu__li awb-menu__main-li awb-menu__main-li_regular\"  data-item-id=\"5162\"><span class=\"awb-menu__main-background-default awb-menu__main-background-default_fade\"><\/span><span class=\"awb-menu__main-background-active awb-menu__main-background-active_fade\"><\/span><a  href=\"https:\/\/www.volawyers.com\/cs\/co-byste-meli-vedet\/pronajem-nemovitosti-ve-spanelsku\/\" class=\"awb-menu__main-a awb-menu__main-a_regular\"><span class=\"menu-text\">Pron\u00e1jmy<\/span><\/a><\/li><li  id=\"menu-item-5163\"  class=\"menu-item menu-item-type-post_type menu-item-object-page menu-item-5163 awb-menu__li awb-menu__main-li awb-menu__main-li_regular\"  data-item-id=\"5163\"><span class=\"awb-menu__main-background-default awb-menu__main-background-default_fade\"><\/span><span class=\"awb-menu__main-background-active awb-menu__main-background-active_fade\"><\/span><a  href=\"https:\/\/www.volawyers.com\/cs\/co-byste-meli-vedet\/zdravotni-pece-ve-spanelsku\/\" class=\"awb-menu__main-a awb-menu__main-a_regular\"><span class=\"menu-text\">Zdravotn\u00ed p\u00e9\u010de<\/span><\/a><\/li><\/ul><\/nav><\/div><\/div><div class=\"fusion-layout-column fusion_builder_column fusion-builder-column-1 fusion_builder_column_1_1 1_1 fusion-flex-column green-border rounded-border\" style=\"--awb-padding-top:60px;--awb-padding-right:60px;--awb-padding-bottom:20px;--awb-padding-left:60px;--awb-padding-bottom-medium:16px;--awb-padding-top-small:20px;--awb-padding-bottom-small:20px;--awb-bg-color:var(--awb-color1);--awb-bg-color-hover:var(--awb-color1);--awb-bg-size:cover;--awb-border-color:var(--awb-color3);--awb-border-style:solid;--awb-width-large:100%;--awb-margin-top-large:0px;--awb-spacing-right-large:0px;--awb-margin-bottom-large:20px;--awb-spacing-left-large:0px;--awb-width-medium:100%;--awb-order-medium:0;--awb-spacing-right-medium:0px;--awb-spacing-left-medium:0px;--awb-width-small:100%;--awb-order-small:0;--awb-spacing-right-small:0px;--awb-spacing-left-small:0px;\"><div class=\"fusion-column-wrapper fusion-column-has-shadow fusion-flex-justify-content-flex-start fusion-content-layout-column\"><div class=\"fusion-title title fusion-title-1 fusion-title-center fusion-title-text fusion-title-size-one\"><div class=\"title-sep-container title-sep-container-left\"><div class=\"title-sep sep- sep-solid\" style=\"border-color:var(--awb-color3);\"><\/div><\/div><span class=\"awb-title-spacer\"><\/span><h1 class=\"fusion-title-heading title-heading-center\" style=\"margin:0;text-transform:none;\">Zdravotn\u00ed p\u00e9\u010de ve \u0160pan\u011blsku<\/h1><span class=\"awb-title-spacer\"><\/span><div class=\"title-sep-container title-sep-container-right\"><div class=\"title-sep sep- sep-solid\" style=\"border-color:var(--awb-color3);\"><\/div><\/div><\/div><\/div><\/div><\/div><\/div><div class=\"fusion-fullwidth fullwidth-box fusion-builder-row-2 fusion-flex-container nonhundred-percent-fullwidth non-hundred-percent-height-scrolling\" style=\"--awb-border-radius-top-left:0px;--awb-border-radius-top-right:0px;--awb-border-radius-bottom-right:0px;--awb-border-radius-bottom-left:0px;--awb-padding-bottom:50px;--awb-flex-wrap:wrap;\" ><div class=\"fusion-builder-row fusion-row fusion-flex-align-items-flex-start fusion-flex-content-wrap\" style=\"max-width:1352px;margin-left: calc(-4% \/ 2 );margin-right: calc(-4% \/ 2 );\"><div class=\"fusion-layout-column fusion_builder_column fusion-builder-column-2 fusion_builder_column_1_1 1_1 fusion-flex-column\" style=\"--awb-bg-size:cover;--awb-width-large:100%;--awb-margin-top-large:0px;--awb-spacing-right-large:1.92%;--awb-margin-bottom-large:0px;--awb-spacing-left-large:1.92%;--awb-width-medium:100%;--awb-spacing-right-medium:1.92%;--awb-spacing-left-medium:1.92%;--awb-width-small:100%;--awb-spacing-right-small:1.92%;--awb-spacing-left-small:1.92%;\"><div class=\"fusion-column-wrapper fusion-flex-justify-content-flex-start fusion-content-layout-column\"><div class=\"fusion-text fusion-text-1 fusion-text-no-margin\" style=\"--awb-text-transform:none;--awb-margin-bottom:40px;\"><h3><strong>REZIDENTI<\/strong><\/h3>\n<p>Jak\u00fdkoli ob\u010dan \u010dlensk\u00e9ho st\u00e1tu Evropsk\u00e9 unie s trval\u00fdm pobytem na \u00fazem\u00ed \u0160pan\u011blska m\u00e1 pr\u00e1vo na zdravotn\u00ed p\u00e9\u010di ve zdej\u0161\u00edch st\u00e1tn\u00edch za\u0159\u00edzen\u00edch. Pro mo\u017enost vyu\u017eit\u00ed t\u011bchto st\u00e1tn\u00edch slu\u017eeb je nutn\u00e9 si u odpov\u00eddaj\u00edc\u00edch \u00fa\u0159ad\u016f\u00a0v autonomn\u00ed oblasti, kde ob\u010dan trvale pob\u00fdv\u00e1, zajistit osobn\u00ed kartu poji\u0161t\u011bnce.<\/p>\n<h3><strong>DO\u010cASN\u00cd REZIDENTI<\/strong><\/h3>\n<p>Ob\u010dan\u00e9 jak\u00e9hokoli \u010dlensk\u00e9ho st\u00e1tu Unie a d\u00e1le pak Islandu, Norska, Lichten\u0161tejnska a \u0160v\u00fdcarska, je\u017e z d\u016fvod\u016f pracovn\u00edch, studijn\u00edch, odpo\u010dinku, \u010di jin\u00fdch do\u010dasn\u011b pob\u00fdvaj\u00ed ve \u0160pan\u011blsku, maj\u00ed tak\u00e9 v p\u0159\u00edpad\u011b pot\u0159eby mo\u017enost vyu\u017e\u00edt \u0161pan\u011blsk\u00e9ho st\u00e1tn\u00edho zdravotnictv\u00ed, a to na z\u00e1klad\u011b p\u0159edlo\u017een\u00ed Evropsk\u00e9ho pr\u016fkazu zdravotn\u00edho poji\u0161t\u011bn\u00ed.<\/p>\n<p>Tento pr\u016fkaz je osobn\u00ed a nep\u0159enosn\u00fd, m\u00e1 limitovanou platnost a je nutno\u00a0o n\u011bj po\u017e\u00e1dat v zemi p\u016fvodu p\u0159ed odjezdem do \u0160pan\u011blska. Jej\u00edmu dr\u017eiteli se dostane stejn\u00e9 l\u00e9ka\u0159sk\u00e9 p\u00e9\u010de jako rezident\u016fm. Tento pr\u016fkaz ov\u0161em platn\u00fd nebude, pokud \u00fa\u010delem do\u010dasn\u00e9ho pobytu ve \u0160pan\u011blsku je p\u0159\u00edmo ur\u010dit\u00fd specializovan\u00fd l\u00e9ka\u0159sk\u00fd z\u00e1krok \u010di l\u00e9\u010dba. V t\u011bchto p\u0159\u00edpadech bude po\u017eadov\u00e1n specifick\u00fd souhlas, autorizace<br \/>\nk takov\u00e9to l\u00e9\u010db\u011b.<\/p>\n<p>\u0160pan\u011blsk\u00fd zdravotn\u00ed syst\u00e9m si pak vy\u017e\u00e1d\u00e1 od odpov\u00eddaj\u00edc\u00edm syst\u00e9mu ze zem\u011b p\u016fvodu o\u0161et\u0159en\u00e9ho pacienta proplacen\u00ed n\u00e1klad\u016f spojen\u00fdch<br \/>\ns poskytnutou p\u00e9\u010d\u00ed.<\/p>\n<\/div><\/div><\/div><\/div><\/div><\/p>\n","protected":false},"excerpt":{"rendered":"","protected":false},"author":1,"featured_media":0,"parent":3680,"menu_order":0,"comment_status":"closed","ping_status":"closed","template":"","meta":{"footnotes":""},"class_list":["post-3752","page","type-page","status-publish","hentry"],"_links":{"self":[{"href":"https:\/\/www.volawyers.com\/cs\/wp-json\/wp\/v2\/pages\/3752","targetHints":{"allow":["GET"]}}],"collection":[{"href":"https:\/\/www.volawyers.com\/cs\/wp-json\/wp\/v2\/pages"}],"about":[{"href":"https:\/\/www.volawyers.com\/cs\/wp-json\/wp\/v2\/types\/page"}],"author":[{"embeddable":true,"href":"https:\/\/www.volawyers.com\/cs\/wp-json\/wp\/v2\/users\/1"}],"replies":[{"embeddable":true,"href":"https:\/\/www.volawyers.com\/cs\/wp-json\/wp\/v2\/comments?post=3752"}],"version-history":[{"count":2,"href":"https:\/\/www.volawyers.com\/cs\/wp-json\/wp\/v2\/pages\/3752\/revisions"}],"predecessor-version":[{"id":5216,"href":"https:\/\/www.volawyers.com\/cs\/wp-json\/wp\/v2\/pages\/3752\/revisions\/5216"}],"up":[{"embeddable":true,"href":"https:\/\/www.volawyers.com\/cs\/wp-json\/wp\/v2\/pages\/3680"}],"wp:attachment":[{"href":"https:\/\/www.volawyers.com\/cs\/wp-json\/wp\/v2\/media?parent=3752"}],"curies":[{"name":"wp","href":"https:\/\/api.w.org\/{rel}","templated":true}]}}