{"id":3743,"date":"2013-08-10T21:55:49","date_gmt":"2013-08-10T21:55:49","guid":{"rendered":"https:\/\/www.volawyers.com\/dedictvi-a-dary-ve-spanelsku\/"},"modified":"2023-08-10T17:53:46","modified_gmt":"2023-08-10T17:53:46","slug":"dedictvi-a-dary-ve-spanelsku","status":"publish","type":"page","link":"https:\/\/www.volawyers.com\/cs\/co-byste-meli-vedet\/dedictvi-a-dary-ve-spanelsku\/","title":{"rendered":"D\u011bdictv\u00ed a dary ve \u0160pan\u011blsku"},"content":{"rendered":"<p><div class=\"fusion-fullwidth fullwidth-box fusion-builder-row-1 fusion-flex-container has-pattern-background has-mask-background nonhundred-percent-fullwidth non-hundred-percent-height-scrolling fusion-custom-z-index\" style=\"--awb-background-position:left top;--awb-border-sizes-top:0px;--awb-border-sizes-bottom:0px;--awb-border-sizes-left:0px;--awb-border-sizes-right:0px;--awb-border-radius-top-left:0px;--awb-border-radius-top-right:0px;--awb-border-radius-bottom-right:0px;--awb-border-radius-bottom-left:0px;--awb-z-index:189;--awb-padding-top:0px;--awb-padding-right:0px;--awb-padding-bottom:0px;--awb-padding-left:0px;--awb-padding-top-medium:72px;--awb-padding-bottom-medium:60px;--awb-padding-bottom-small:0px;--awb-background-color:var(--awb-color1);--awb-flex-wrap:wrap;\" ><div class=\"fusion-builder-row fusion-row fusion-flex-align-items-stretch fusion-flex-content-wrap\" style=\"max-width:calc( 1300px + 0px );margin-left: calc(-0px \/ 2 );margin-right: calc(-0px \/ 2 );\"><div class=\"fusion-layout-column fusion_builder_column fusion-builder-column-0 fusion_builder_column_1_1 1_1 fusion-flex-column fusion-flex-align-self-flex-start fusion-column-no-min-height fusion-no-small-visibility fusion-no-medium-visibility\" style=\"--awb-bg-blend:overlay;--awb-bg-size:cover;--awb-width-large:100%;--awb-margin-top-large:0px;--awb-spacing-right-large:0px;--awb-margin-bottom-large:0px;--awb-spacing-left-large:0px;--awb-width-medium:100%;--awb-order-medium:0;--awb-spacing-right-medium:0px;--awb-spacing-left-medium:0px;--awb-width-small:100%;--awb-order-small:0;--awb-spacing-right-small:0px;--awb-spacing-left-small:0px;\"><div class=\"fusion-column-wrapper fusion-column-has-shadow fusion-flex-justify-content-flex-start fusion-content-layout-column\"><div class=\"fusion-separator fusion-full-width-sep\" style=\"align-self: center;margin-left: auto;margin-right: auto;margin-top:0px;margin-bottom:0px;width:100%;\"><div class=\"fusion-separator-border sep-single sep-solid\" style=\"--awb-height:20px;--awb-amount:20px;--awb-sep-color:var(--awb-color5);border-color:var(--awb-color5);border-top-width:5px;\"><\/div><\/div><nav class=\"awb-menu awb-menu_row awb-menu_em-hover mobile-mode-collapse-to-button awb-menu_icons-left awb-menu_dc-no mobile-trigger-fullwidth-off awb-menu_mobile-toggle awb-menu_indent-left mobile-size-full-absolute loading mega-menu-loading awb-menu_desktop awb-menu_dropdown awb-menu_expand-right awb-menu_transition-fade dlc-menu-tips\" style=\"--awb-text-transform:uppercase;--awb-justify-content:space-between;--awb-items-padding-right:16px;--awb-items-padding-left:16px;--awb-active-color:var(--awb-color5);--awb-active-bg:var(--awb-color2);--awb-submenu-bg:var(--awb-color2);--awb-icons-hover-color:var(--awb-color5);--awb-main-justify-content:flex-start;--awb-mobile-justify:flex-start;--awb-mobile-caret-left:auto;--awb-mobile-caret-right:0;--awb-fusion-font-family-typography:inherit;--awb-fusion-font-style-typography:normal;--awb-fusion-font-weight-typography:400;--awb-fusion-font-family-submenu-typography:inherit;--awb-fusion-font-style-submenu-typography:normal;--awb-fusion-font-weight-submenu-typography:400;--awb-fusion-font-family-mobile-typography:inherit;--awb-fusion-font-style-mobile-typography:normal;--awb-fusion-font-weight-mobile-typography:400;\" aria-label=\"Legal Tips CS\" data-breakpoint=\"1024\" data-count=\"0\" data-transition-type=\"fade\" data-transition-time=\"300\" data-expand=\"right\"><button type=\"button\" class=\"awb-menu__m-toggle awb-menu__m-toggle_no-text\" aria-expanded=\"false\" aria-controls=\"menu-legal-tips-cs\"><span class=\"awb-menu__m-toggle-inner\"><span class=\"collapsed-nav-text\"><span class=\"screen-reader-text\">Toggle Navigation<\/span><\/span><span class=\"awb-menu__m-collapse-icon awb-menu__m-collapse-icon_no-text\"><span class=\"awb-menu__m-collapse-icon-open awb-menu__m-collapse-icon-open_no-text fa-bars fas\"><\/span><span class=\"awb-menu__m-collapse-icon-close awb-menu__m-collapse-icon-close_no-text fa-times fas\"><\/span><\/span><\/span><\/button><ul id=\"menu-legal-tips-cs\" class=\"fusion-menu awb-menu__main-ul awb-menu__main-ul_row\"><li  id=\"menu-item-5599\"  class=\"menu-item menu-item-type-post_type menu-item-object-page menu-item-5599 awb-menu__li awb-menu__main-li awb-menu__main-li_regular\"  data-item-id=\"5599\"><span class=\"awb-menu__main-background-default awb-menu__main-background-default_fade\"><\/span><span class=\"awb-menu__main-background-active awb-menu__main-background-active_fade\"><\/span><a  href=\"https:\/\/www.volawyers.com\/cs\/co-byste-meli-vedet\/koupe-ve-spanelsku\/koupe-nemovitosti-ve-spanelsku-rezervacni-smlouva\/\" class=\"awb-menu__main-a awb-menu__main-a_regular\"><span class=\"menu-text\">Koup\u011b<\/span><\/a><\/li><li  id=\"menu-item-5150\"  class=\"menu-item menu-item-type-post_type menu-item-object-page menu-item-5150 awb-menu__li awb-menu__main-li awb-menu__main-li_regular\"  data-item-id=\"5150\"><span class=\"awb-menu__main-background-default awb-menu__main-background-default_fade\"><\/span><span class=\"awb-menu__main-background-active awb-menu__main-background-active_fade\"><\/span><a  href=\"https:\/\/www.volawyers.com\/cs\/co-byste-meli-vedet\/prodej-nemovitosti-ve-spanelsku-2\/\" class=\"awb-menu__main-a awb-menu__main-a_regular\"><span class=\"menu-text\">Prodej<\/span><\/a><\/li><li  id=\"menu-item-5153\"  class=\"menu-item menu-item-type-post_type menu-item-object-page menu-item-5153 awb-menu__li awb-menu__main-li awb-menu__main-li_regular\"  data-item-id=\"5153\"><span class=\"awb-menu__main-background-default awb-menu__main-background-default_fade\"><\/span><span class=\"awb-menu__main-background-active awb-menu__main-background-active_fade\"><\/span><a  href=\"https:\/\/www.volawyers.com\/cs\/co-byste-meli-vedet\/rocni-dane-vyplyvajici-z-vlastnictvi-nemovitosti-ve-spanelsku\/\" class=\"awb-menu__main-a awb-menu__main-a_regular\"><span class=\"menu-text\">Dan\u011b<\/span><\/a><\/li><li  id=\"menu-item-5154\"  class=\"menu-item menu-item-type-post_type menu-item-object-page menu-item-5154 awb-menu__li awb-menu__main-li awb-menu__main-li_regular\"  data-item-id=\"5154\"><span class=\"awb-menu__main-background-default awb-menu__main-background-default_fade\"><\/span><span class=\"awb-menu__main-background-active awb-menu__main-background-active_fade\"><\/span><a  href=\"https:\/\/www.volawyers.com\/cs\/co-byste-meli-vedet\/provozni-vydaje-ve-spanelsku\/\" class=\"awb-menu__main-a awb-menu__main-a_regular\"><span class=\"menu-text\">Provozn\u00ed v\u00fddaje<\/span><\/a><\/li><li  id=\"menu-item-5155\"  class=\"menu-item menu-item-type-post_type menu-item-object-page menu-item-5155 awb-menu__li awb-menu__main-li awb-menu__main-li_regular\"  data-item-id=\"5155\"><span class=\"awb-menu__main-background-default awb-menu__main-background-default_fade\"><\/span><span class=\"awb-menu__main-background-active awb-menu__main-background-active_fade\"><\/span><a  href=\"https:\/\/www.volawyers.com\/cs\/co-byste-meli-vedet\/spanelska-zavet\/\" class=\"awb-menu__main-a awb-menu__main-a_regular\"><span class=\"menu-text\">Z\u00e1v\u011bti<\/span><\/a><\/li><li  id=\"menu-item-5156\"  class=\"menu-item menu-item-type-post_type menu-item-object-page menu-item-5156 awb-menu__li awb-menu__main-li awb-menu__main-li_regular\"  data-item-id=\"5156\"><span class=\"awb-menu__main-background-default awb-menu__main-background-default_fade\"><\/span><span class=\"awb-menu__main-background-active awb-menu__main-background-active_fade\"><\/span><a  href=\"https:\/\/www.volawyers.com\/cs\/co-byste-meli-vedet\/dedictvi-a-dary-ve-spanelsku\/\" class=\"awb-menu__main-a awb-menu__main-a_regular\"><span class=\"menu-text\">D\u011bdictv\u00ed<\/span><\/a><\/li><li  id=\"menu-item-5615\"  class=\"menu-item menu-item-type-post_type menu-item-object-page menu-item-5615 awb-menu__li awb-menu__main-li awb-menu__main-li_regular\"  data-item-id=\"5615\"><span class=\"awb-menu__main-background-default awb-menu__main-background-default_fade\"><\/span><span class=\"awb-menu__main-background-active awb-menu__main-background-active_fade\"><\/span><a  href=\"https:\/\/www.volawyers.com\/cs\/co-byste-meli-vedet\/hypoteky\/hypoteky-ve-spanelsku-ziskejte-uver-na-koupi-sve-nemovitosti\/\" class=\"awb-menu__main-a awb-menu__main-a_regular\"><span class=\"menu-text\">Hypot\u00e9ky<\/span><\/a><\/li><li  id=\"menu-item-5162\"  class=\"menu-item menu-item-type-post_type menu-item-object-page menu-item-5162 awb-menu__li awb-menu__main-li awb-menu__main-li_regular\"  data-item-id=\"5162\"><span class=\"awb-menu__main-background-default awb-menu__main-background-default_fade\"><\/span><span class=\"awb-menu__main-background-active awb-menu__main-background-active_fade\"><\/span><a  href=\"https:\/\/www.volawyers.com\/cs\/co-byste-meli-vedet\/pronajem-nemovitosti-ve-spanelsku\/\" class=\"awb-menu__main-a awb-menu__main-a_regular\"><span class=\"menu-text\">Pron\u00e1jmy<\/span><\/a><\/li><li  id=\"menu-item-5163\"  class=\"menu-item menu-item-type-post_type menu-item-object-page menu-item-5163 awb-menu__li awb-menu__main-li awb-menu__main-li_regular\"  data-item-id=\"5163\"><span class=\"awb-menu__main-background-default awb-menu__main-background-default_fade\"><\/span><span class=\"awb-menu__main-background-active awb-menu__main-background-active_fade\"><\/span><a  href=\"https:\/\/www.volawyers.com\/cs\/co-byste-meli-vedet\/zdravotni-pece-ve-spanelsku\/\" class=\"awb-menu__main-a awb-menu__main-a_regular\"><span class=\"menu-text\">Zdravotn\u00ed p\u00e9\u010de<\/span><\/a><\/li><\/ul><\/nav><\/div><\/div><div class=\"fusion-layout-column fusion_builder_column fusion-builder-column-1 fusion_builder_column_1_1 1_1 fusion-flex-column green-border rounded-border\" style=\"--awb-padding-top:60px;--awb-padding-right:60px;--awb-padding-bottom:20px;--awb-padding-left:60px;--awb-padding-bottom-medium:16px;--awb-padding-top-small:20px;--awb-padding-bottom-small:20px;--awb-bg-color:var(--awb-color1);--awb-bg-color-hover:var(--awb-color1);--awb-bg-size:cover;--awb-border-color:var(--awb-color3);--awb-border-style:solid;--awb-width-large:100%;--awb-margin-top-large:0px;--awb-spacing-right-large:0px;--awb-margin-bottom-large:20px;--awb-spacing-left-large:0px;--awb-width-medium:100%;--awb-order-medium:0;--awb-spacing-right-medium:0px;--awb-spacing-left-medium:0px;--awb-width-small:100%;--awb-order-small:0;--awb-spacing-right-small:0px;--awb-spacing-left-small:0px;\"><div class=\"fusion-column-wrapper fusion-column-has-shadow fusion-flex-justify-content-flex-start fusion-content-layout-column\"><div class=\"fusion-title title fusion-title-1 fusion-title-center fusion-title-text fusion-title-size-one\"><div class=\"title-sep-container title-sep-container-left\"><div class=\"title-sep sep- sep-solid\" style=\"border-color:var(--awb-color3);\"><\/div><\/div><span class=\"awb-title-spacer\"><\/span><h1 class=\"fusion-title-heading title-heading-center\" style=\"margin:0;text-transform:none;\">D\u011bdictv\u00ed a dary ve \u0160pan\u011blsku<\/h1><span class=\"awb-title-spacer\"><\/span><div class=\"title-sep-container title-sep-container-right\"><div class=\"title-sep sep- sep-solid\" style=\"border-color:var(--awb-color3);\"><\/div><\/div><\/div><\/div><\/div><\/div><\/div><div class=\"fusion-fullwidth fullwidth-box fusion-builder-row-2 fusion-flex-container has-pattern-background has-mask-background nonhundred-percent-fullwidth non-hundred-percent-height-scrolling fusion-custom-z-index\" style=\"--awb-border-radius-top-left:0px;--awb-border-radius-top-right:0px;--awb-border-radius-bottom-right:0px;--awb-border-radius-bottom-left:0px;--awb-z-index:123;--awb-padding-bottom:50px;--awb-flex-wrap:wrap;\" ><div class=\"fusion-builder-row fusion-row fusion-flex-align-items-flex-start fusion-flex-content-wrap\" style=\"max-width:1352px;margin-left: calc(-4% \/ 2 );margin-right: calc(-4% \/ 2 );\"><div class=\"fusion-layout-column fusion_builder_column fusion-builder-column-2 fusion_builder_column_1_1 1_1 fusion-flex-column\" style=\"--awb-bg-size:cover;--awb-width-large:100%;--awb-margin-top-large:0px;--awb-spacing-right-large:1.92%;--awb-margin-bottom-large:0px;--awb-spacing-left-large:1.92%;--awb-width-medium:100%;--awb-spacing-right-medium:1.92%;--awb-spacing-left-medium:1.92%;--awb-width-small:100%;--awb-spacing-right-small:1.92%;--awb-spacing-left-small:1.92%;\"><div class=\"fusion-column-wrapper fusion-flex-justify-content-flex-start fusion-content-layout-column\"><div class=\"fusion-text fusion-text-1\" style=\"--awb-text-transform:none;\"><p>Ve \u0160pan\u011blsku jak d\u011bdictv\u00ed <i>mortis causa<\/i> ( d\u016fsledek \u00famrt\u00ed), tak i nabyt\u00ed majetku <i>inter vivos<\/i> (darov\u00e1n\u00ed v pr\u016fb\u011bhu \u017eivota) podl\u00e9haj\u00ed dani.<\/p>\n<p>D\u011bdick\u00e1 a darovac\u00ed da\u0148 jsou dan\u011b, je\u017e byly zcela p\u0159evedeny do kompetenc\u00ed jednotliv\u00fdch autonomi\u00ed (m\u00edstn\u00ed autonomn\u00ed vl\u00e1dy) jako sou\u010d\u00e1st jejich syst\u00e9mu financov\u00e1n\u00ed. Ka\u017ed\u00e1 autonomn\u00ed oblast m\u00e1 pravomoc ur\u010dovat a m\u011bnit tyto dan\u011b, co\u017e v praxi znamen\u00e1, \u017ee v\u00fd\u0161e dan\u011b se m\u011bn\u00ed v z\u00e1vislosti na um\u00edst\u011bn\u00ed p\u0159edm\u011btu dan\u011b. Existuje tak\u00e9 mo\u017enost, \u017ee da\u0148 bude nulov\u00e1.<\/p>\n<p>Do 1. ledna 2015 bylo mo\u017eno uplatnit pr\u00e1vn\u00ed p\u0159edpisy t\u00fdkaj\u00edc\u00ed se d\u011bdick\u00e9 a darovac\u00ed dan\u011b platn\u00e9 v jednotliv\u00fdch autonomi\u00edch pouze v p\u0159\u00edpad\u011b, \u017ee jak z\u016fstavitel, tak i d\u011bdic, trvale \u017eili ve \u0160pan\u011blsku. Pokud i jen jeden z nich \u0161pan\u011blsk\u00fdm rezidentem nebyl, vstupovala v platnost celost\u00e1tn\u00ed pr\u00e1vn\u00ed \u00faprava. V t\u011bchto p\u0159\u00edpadech \u0161lo v\u017edy o vy\u0161\u0161\u00ed da\u0148ov\u00e9 zat\u00ed\u017een\u00ed, jeliko\u017e nebylo mo\u017eno vyu\u017e\u00edt nejr\u016fzn\u011bj\u0161\u00edch da\u0148ov\u00fdch \u00falev a benefit\u016f, platn\u00fdch v jednotliv\u00fdch autonomn\u00edch regionech. Evropsk\u00fd soudn\u00ed dv\u016fr ov\u0161em ned\u00e1vno rozhodl v procesu veden\u00e9m Evropskou komis\u00ed proti \u0160pan\u011blsku v tom smyslu, \u017ee jde o diskriminaci v p\u0159\u00edstupu k nerezident\u016fm a t\u00edm donutil \u0161pan\u011blskou vl\u00e1du pravidla srovnat. Nerezidenti tedy mohou uplat\u0148ovat stejn\u00e9 v\u00fdjimky, slevy a sazby jako rezidenti v ka\u017ed\u00e9 p\u0159\u00edslu\u0161n\u00e9 autonomii.<\/p>\n<p>Co se t\u00fd\u010de d\u011bdick\u00e9 dan\u011b, tak z\u00e1sadn\u00ed rozd\u00edl v porovn\u00e1n\u00ed s okoln\u00edmi zem\u011bmi spo\u010d\u00edv\u00e1 v tom, \u017ee zde neexistuje automatick\u00e1 v\u00fdjimka<br \/>z dan\u011b mezi man\u017eely nebo registrovan\u00fdmi partnery.<\/p>\n<p>V p\u0159\u00edpad\u011b, \u017ee pl\u00e1tci dan\u011b, tj. d\u011bdicov\u00e9, nemaj\u00ed trval\u00fd pobyt na \u00fazem\u00ed \u0160pan\u011blska, da\u0148 za\u010d\u00edn\u00e1 u 7,65% pro prvn\u00edch 7.993,46 \u20ac y dos\u00e1hne 34%, kdy\u017e je p\u0159ekro\u010dena \u010d\u00e1stka 797.555,08 \u20ac. Tyto \u010d\u00e1stky jsou za jednotliv\u00e9 d\u011bdice, ne za celkovou poz\u016fstalost.<\/p>\n<p>Pl\u00e1tci dan\u011b mohou uplatnit n\u011bkter\u00e1 pon\u00ed\u017een\u00ed dan\u011b v z\u00e1vislosti na stupni p\u0159\u00edbuzensk\u00e9ho vztahu k z\u016fstaviteli.\u00a0Skupiny, je\u017e ur\u010duj\u00ed v\u00fd\u0161i pon\u00ed\u017een\u00ed dan\u011b, jsou n\u00e1sleduj\u00edc\u00ed:<\/p>\n<p><strong>Skupina I<\/strong>: Vlastn\u00ed a adoptovan\u00e9 d\u011bti mlad\u0161\u00ed 21 let<\/p>\n<p><strong>Skupina II<\/strong>: Vlastn\u00ed a adoptovan\u00e9 d\u011bti star\u0161\u00ed 21 let, man\u017eel\u00e9 (v\u010detn\u011b partner\u016f registrovan\u00fdch na odpov\u00eddaj\u00edc\u00edm \u00fa\u0159ad\u011b), rodi\u010de, prarodi\u010de a vnuci<\/p>\n<p>Pon\u00ed\u017een\u00ed dan\u011b pro skupiny I a II dosahuje \u010d\u00e1stky 15.956,87 \u20ac na d\u011bdice, plus 3.990,72 \u20ac za ka\u017ed\u00fd d\u011bdici chyb\u011bj\u00edc\u00ed rok do 21 let. Redukce ov\u0161em nem\u016f\u017ee p\u0159es\u00e1hnout \u010d\u00e1stku 47.858,59 \u20ac.<\/p>\n<p><strong>Skupina III<\/strong>: P\u0159\u00edbuzn\u00ed druh\u00e9ho a t\u0159et\u00edho stupn\u011b (sourozenci, nete\u0159e a synovci, str\u00fdcov\u00e9 a tety).<\/p>\n<p>Redukce se sni\u017euje na 7.993,46 \u20ac na d\u011bdice.<\/p>\n<p><strong>Skupina IV<\/strong>: P\u0159\u00edbuzn\u00ed \u010dtvrt\u00e9ho stupn\u011b (bratranci a sest\u0159enice), dal\u0161\u00ed vzd\u00e1len\u011bj\u0161\u00ed p\u0159\u00edbuzn\u00ed a jednotlivci bez p\u0159\u00edbuzensk\u00e9 vazby. Do t\u00e9to skupiny se \u0159ad\u00ed i partne\u0159i, je\u017e nemaj\u00ed partnerstv\u00ed n\u00e1le\u017eit\u011b zaregistrov\u00e1no.<\/p>\n<p>Tato skupina nem\u00e1 n\u00e1rok na \u017e\u00e1dnou slevu na dani.<\/p>\n<p>Pl\u00e1tci dan\u011b, je\u017e maj\u00ed n\u011bjakou formu p\u0159iznan\u00e9 invalidity, maj\u00ed nav\u00edc dodate\u010dnou redukci na dani.<\/p>\n<p>Z\u00e1v\u011brem je aplikov\u00e1n n\u00e1sob\u00edc\u00ed koeficient, je\u017e se li\u0161\u00ed v z\u00e1vislosti na majetku samotn\u00e9ho d\u011bdice zde ve \u0160pan\u011blsku a p\u0159\u00edbuzensk\u00e9 vazb\u011b<br \/>k z\u016fstaviteli.<\/p>\n<p>V\u00fdpo\u010det d\u011bdick\u00e9 dan\u011b je bezpochyby jedn\u00edm z nejkomplexn\u011bj\u0161\u00edch ve \u0161pan\u011blsk\u00e9m da\u0148ov\u00e9m syst\u00e9mu, p\u0159edev\u0161\u00edm z d\u016fvodu pr\u00e1vn\u00ed rozmanitosti, z d\u016fvodu povinnosti jej p\u0159edlo\u017eit jako samopl\u00e1tce a i proto, \u017ee ka\u017ed\u00fd p\u0159\u00edpad je jedine\u010dn\u00fd.<\/p>\n<p>P\u0159ijet\u00ed a uzn\u00e1n\u00ed majetku a pr\u00e1v, je\u017e tvo\u0159\u00ed d\u011bdictv\u00ed, se uskute\u010dn\u00ed formou not\u00e1\u0159sk\u00e9ho z\u00e1pisu. V p\u0159\u00edpad\u011b nemovit\u00e9ho majetku by tento p\u0159evod m\u011bl b\u00fdt n\u00e1le\u017eit\u011b zaps\u00e1n do odpov\u00eddaj\u00edc\u00edho katastru nemovitost\u00ed. Bude nutn\u00e9 zaplatit tak\u00e9 odpov\u00eddaj\u00edc\u00ed Plusval\u00eda (m\u011bstsk\u00e1 da\u0148 z nav\u00fd\u0161en\u00ed hodnoty nemovitosti od jej\u00edho posledn\u00edho p\u0159evodu). Cel\u00fd tento proces samoz\u0159ejm\u011b s sebou nese i \u0159adu doprovodn\u00fdch v\u00fddaj\u016f (honor\u00e1\u0159 advok\u00e1ta, not\u00e1\u0159e i katastru, administrativn\u00ed poplatky, apod.).<\/p>\n<p>Ve Vicente &amp; Otaolaurruchi Abogados jsme specialisty na d\u011bdick\u00e9 pr\u00e1vo. Pokud m\u00e1te z\u00e1jem, jsme p\u0159ipraveni ud\u011blat podrobn\u00fd rozbor va\u0161eho majetku a va\u0161\u00ed osobn\u00ed situace s c\u00edlem p\u0159edej\u00edt negativn\u00edm ekonomick\u00fdm d\u016fsledk\u016fm va\u0161eho hypotetick\u00e9ho \u00famrt\u00ed a t\u00edm i omezit jeho n\u00e1sledky.\u00a0Stejn\u011b tak pokud jste d\u011bdicem pr\u00e1v \u010di majetku z poz\u016fstalosti, r\u00e1di v\u00e1m budeme n\u00e1pomocni v pr\u016fb\u011bhu d\u011bdick\u00e9ho \u0159\u00edzen\u00ed a vypo\u0159\u00e1d\u00e1n\u00ed dan\u00ed.<\/p>\n<p><strong>Chcete k\u00a0dan\u00e9mu t\u00e9matu v\u00edce informac\u00ed? Nav\u0161tivte na\u0161i sekci <a href=\"https:\/\/www.volawyers.com\/cs\/caste-otazky\/zaveti-a-dedictvi-ve-spanelsku\/\">\u010dast\u00fdch ot\u00e1zek k\u00a0d\u011bdictv\u00ed <\/a>a <\/strong><strong>na\u0161 <a href=\"https:\/\/www.volawyers.com\/cs\/tag\/dedictvi\/\" target=\"_blank\" rel=\"noopener\">BLOG<\/a><\/strong><\/p>\n<\/div><\/div><\/div><\/div><\/div><\/p>\n","protected":false},"excerpt":{"rendered":"","protected":false},"author":1,"featured_media":0,"parent":3680,"menu_order":0,"comment_status":"closed","ping_status":"closed","template":"","meta":{"footnotes":""},"class_list":["post-3743","page","type-page","status-publish","hentry"],"_links":{"self":[{"href":"https:\/\/www.volawyers.com\/cs\/wp-json\/wp\/v2\/pages\/3743","targetHints":{"allow":["GET"]}}],"collection":[{"href":"https:\/\/www.volawyers.com\/cs\/wp-json\/wp\/v2\/pages"}],"about":[{"href":"https:\/\/www.volawyers.com\/cs\/wp-json\/wp\/v2\/types\/page"}],"author":[{"embeddable":true,"href":"https:\/\/www.volawyers.com\/cs\/wp-json\/wp\/v2\/users\/1"}],"replies":[{"embeddable":true,"href":"https:\/\/www.volawyers.com\/cs\/wp-json\/wp\/v2\/comments?post=3743"}],"version-history":[{"count":1,"href":"https:\/\/www.volawyers.com\/cs\/wp-json\/wp\/v2\/pages\/3743\/revisions"}],"predecessor-version":[{"id":5260,"href":"https:\/\/www.volawyers.com\/cs\/wp-json\/wp\/v2\/pages\/3743\/revisions\/5260"}],"up":[{"embeddable":true,"href":"https:\/\/www.volawyers.com\/cs\/wp-json\/wp\/v2\/pages\/3680"}],"wp:attachment":[{"href":"https:\/\/www.volawyers.com\/cs\/wp-json\/wp\/v2\/media?parent=3743"}],"curies":[{"name":"wp","href":"https:\/\/api.w.org\/{rel}","templated":true}]}}