{"id":3737,"date":"2013-08-10T21:44:16","date_gmt":"2013-08-10T21:44:16","guid":{"rendered":"https:\/\/www.volawyers.com\/rocni-vydaje-spojene-s-nemovitosti-ve-spanelsku\/"},"modified":"2023-08-10T18:11:01","modified_gmt":"2023-08-10T18:11:01","slug":"provozni-vydaje-ve-spanelsku","status":"publish","type":"page","link":"https:\/\/www.volawyers.com\/cs\/co-byste-meli-vedet\/provozni-vydaje-ve-spanelsku\/","title":{"rendered":"Ro\u010dn\u00ed v\u00fddaje spojen\u00e9 s nemovitost\u00ed ve \u0160pan\u011blsku"},"content":{"rendered":"<p><div class=\"fusion-fullwidth fullwidth-box fusion-builder-row-1 fusion-flex-container has-pattern-background has-mask-background nonhundred-percent-fullwidth non-hundred-percent-height-scrolling fusion-custom-z-index\" style=\"--awb-background-position:left top;--awb-border-sizes-top:0px;--awb-border-sizes-bottom:0px;--awb-border-sizes-left:0px;--awb-border-sizes-right:0px;--awb-border-radius-top-left:0px;--awb-border-radius-top-right:0px;--awb-border-radius-bottom-right:0px;--awb-border-radius-bottom-left:0px;--awb-z-index:189;--awb-padding-top:0px;--awb-padding-right:0px;--awb-padding-bottom:0px;--awb-padding-left:0px;--awb-padding-top-medium:72px;--awb-padding-bottom-medium:60px;--awb-padding-bottom-small:0px;--awb-background-color:var(--awb-color1);--awb-flex-wrap:wrap;\" ><div class=\"fusion-builder-row fusion-row fusion-flex-align-items-stretch fusion-flex-content-wrap\" style=\"max-width:calc( 1300px + 0px );margin-left: calc(-0px \/ 2 );margin-right: calc(-0px \/ 2 );\"><div class=\"fusion-layout-column fusion_builder_column fusion-builder-column-0 fusion_builder_column_1_1 1_1 fusion-flex-column fusion-flex-align-self-flex-start fusion-column-no-min-height fusion-no-small-visibility fusion-no-medium-visibility\" style=\"--awb-bg-blend:overlay;--awb-bg-size:cover;--awb-width-large:100%;--awb-margin-top-large:0px;--awb-spacing-right-large:0px;--awb-margin-bottom-large:0px;--awb-spacing-left-large:0px;--awb-width-medium:100%;--awb-order-medium:0;--awb-spacing-right-medium:0px;--awb-spacing-left-medium:0px;--awb-width-small:100%;--awb-order-small:0;--awb-spacing-right-small:0px;--awb-spacing-left-small:0px;\"><div class=\"fusion-column-wrapper fusion-column-has-shadow fusion-flex-justify-content-flex-start fusion-content-layout-column\"><div class=\"fusion-separator fusion-full-width-sep\" style=\"align-self: center;margin-left: auto;margin-right: auto;margin-top:0px;margin-bottom:0px;width:100%;\"><div class=\"fusion-separator-border sep-single sep-solid\" style=\"--awb-height:20px;--awb-amount:20px;--awb-sep-color:var(--awb-color5);border-color:var(--awb-color5);border-top-width:5px;\"><\/div><\/div><nav class=\"awb-menu awb-menu_row awb-menu_em-hover mobile-mode-collapse-to-button awb-menu_icons-left awb-menu_dc-no mobile-trigger-fullwidth-off awb-menu_mobile-toggle awb-menu_indent-left mobile-size-full-absolute loading mega-menu-loading awb-menu_desktop awb-menu_dropdown awb-menu_expand-right awb-menu_transition-fade dlc-menu-tips\" style=\"--awb-text-transform:uppercase;--awb-justify-content:space-between;--awb-items-padding-right:16px;--awb-items-padding-left:16px;--awb-active-color:var(--awb-color5);--awb-active-bg:var(--awb-color2);--awb-submenu-bg:var(--awb-color2);--awb-icons-hover-color:var(--awb-color5);--awb-main-justify-content:flex-start;--awb-mobile-justify:flex-start;--awb-mobile-caret-left:auto;--awb-mobile-caret-right:0;--awb-fusion-font-family-typography:inherit;--awb-fusion-font-style-typography:normal;--awb-fusion-font-weight-typography:400;--awb-fusion-font-family-submenu-typography:inherit;--awb-fusion-font-style-submenu-typography:normal;--awb-fusion-font-weight-submenu-typography:400;--awb-fusion-font-family-mobile-typography:inherit;--awb-fusion-font-style-mobile-typography:normal;--awb-fusion-font-weight-mobile-typography:400;\" aria-label=\"Legal Tips CS\" data-breakpoint=\"1024\" data-count=\"0\" data-transition-type=\"fade\" data-transition-time=\"300\" data-expand=\"right\"><button type=\"button\" class=\"awb-menu__m-toggle awb-menu__m-toggle_no-text\" aria-expanded=\"false\" aria-controls=\"menu-legal-tips-cs\"><span class=\"awb-menu__m-toggle-inner\"><span class=\"collapsed-nav-text\"><span class=\"screen-reader-text\">Toggle Navigation<\/span><\/span><span class=\"awb-menu__m-collapse-icon awb-menu__m-collapse-icon_no-text\"><span class=\"awb-menu__m-collapse-icon-open awb-menu__m-collapse-icon-open_no-text fa-bars fas\"><\/span><span class=\"awb-menu__m-collapse-icon-close awb-menu__m-collapse-icon-close_no-text fa-times fas\"><\/span><\/span><\/span><\/button><ul id=\"menu-legal-tips-cs\" class=\"fusion-menu awb-menu__main-ul awb-menu__main-ul_row\"><li  id=\"menu-item-5599\"  class=\"menu-item menu-item-type-post_type menu-item-object-page menu-item-5599 awb-menu__li awb-menu__main-li awb-menu__main-li_regular\"  data-item-id=\"5599\"><span class=\"awb-menu__main-background-default awb-menu__main-background-default_fade\"><\/span><span class=\"awb-menu__main-background-active awb-menu__main-background-active_fade\"><\/span><a  href=\"https:\/\/www.volawyers.com\/cs\/co-byste-meli-vedet\/koupe-ve-spanelsku\/koupe-nemovitosti-ve-spanelsku-rezervacni-smlouva\/\" class=\"awb-menu__main-a awb-menu__main-a_regular\"><span class=\"menu-text\">Koup\u011b<\/span><\/a><\/li><li  id=\"menu-item-5150\"  class=\"menu-item menu-item-type-post_type menu-item-object-page menu-item-5150 awb-menu__li awb-menu__main-li awb-menu__main-li_regular\"  data-item-id=\"5150\"><span class=\"awb-menu__main-background-default awb-menu__main-background-default_fade\"><\/span><span class=\"awb-menu__main-background-active awb-menu__main-background-active_fade\"><\/span><a  href=\"https:\/\/www.volawyers.com\/cs\/co-byste-meli-vedet\/prodej-nemovitosti-ve-spanelsku-2\/\" class=\"awb-menu__main-a awb-menu__main-a_regular\"><span class=\"menu-text\">Prodej<\/span><\/a><\/li><li  id=\"menu-item-5153\"  class=\"menu-item menu-item-type-post_type menu-item-object-page menu-item-5153 awb-menu__li awb-menu__main-li awb-menu__main-li_regular\"  data-item-id=\"5153\"><span class=\"awb-menu__main-background-default awb-menu__main-background-default_fade\"><\/span><span class=\"awb-menu__main-background-active awb-menu__main-background-active_fade\"><\/span><a  href=\"https:\/\/www.volawyers.com\/cs\/co-byste-meli-vedet\/rocni-dane-vyplyvajici-z-vlastnictvi-nemovitosti-ve-spanelsku\/\" class=\"awb-menu__main-a awb-menu__main-a_regular\"><span class=\"menu-text\">Dan\u011b<\/span><\/a><\/li><li  id=\"menu-item-5154\"  class=\"menu-item menu-item-type-post_type menu-item-object-page menu-item-5154 awb-menu__li awb-menu__main-li awb-menu__main-li_regular\"  data-item-id=\"5154\"><span class=\"awb-menu__main-background-default awb-menu__main-background-default_fade\"><\/span><span class=\"awb-menu__main-background-active awb-menu__main-background-active_fade\"><\/span><a  href=\"https:\/\/www.volawyers.com\/cs\/co-byste-meli-vedet\/provozni-vydaje-ve-spanelsku\/\" class=\"awb-menu__main-a awb-menu__main-a_regular\"><span class=\"menu-text\">Provozn\u00ed v\u00fddaje<\/span><\/a><\/li><li  id=\"menu-item-5155\"  class=\"menu-item menu-item-type-post_type menu-item-object-page menu-item-5155 awb-menu__li awb-menu__main-li awb-menu__main-li_regular\"  data-item-id=\"5155\"><span class=\"awb-menu__main-background-default awb-menu__main-background-default_fade\"><\/span><span class=\"awb-menu__main-background-active awb-menu__main-background-active_fade\"><\/span><a  href=\"https:\/\/www.volawyers.com\/cs\/co-byste-meli-vedet\/spanelska-zavet\/\" class=\"awb-menu__main-a awb-menu__main-a_regular\"><span class=\"menu-text\">Z\u00e1v\u011bti<\/span><\/a><\/li><li  id=\"menu-item-5156\"  class=\"menu-item menu-item-type-post_type menu-item-object-page menu-item-5156 awb-menu__li awb-menu__main-li awb-menu__main-li_regular\"  data-item-id=\"5156\"><span class=\"awb-menu__main-background-default awb-menu__main-background-default_fade\"><\/span><span class=\"awb-menu__main-background-active awb-menu__main-background-active_fade\"><\/span><a  href=\"https:\/\/www.volawyers.com\/cs\/co-byste-meli-vedet\/dedictvi-a-dary-ve-spanelsku\/\" class=\"awb-menu__main-a awb-menu__main-a_regular\"><span class=\"menu-text\">D\u011bdictv\u00ed<\/span><\/a><\/li><li  id=\"menu-item-5615\"  class=\"menu-item menu-item-type-post_type menu-item-object-page menu-item-5615 awb-menu__li awb-menu__main-li awb-menu__main-li_regular\"  data-item-id=\"5615\"><span class=\"awb-menu__main-background-default awb-menu__main-background-default_fade\"><\/span><span class=\"awb-menu__main-background-active awb-menu__main-background-active_fade\"><\/span><a  href=\"https:\/\/www.volawyers.com\/cs\/co-byste-meli-vedet\/hypoteky\/hypoteky-ve-spanelsku-ziskejte-uver-na-koupi-sve-nemovitosti\/\" class=\"awb-menu__main-a awb-menu__main-a_regular\"><span class=\"menu-text\">Hypot\u00e9ky<\/span><\/a><\/li><li  id=\"menu-item-5162\"  class=\"menu-item menu-item-type-post_type menu-item-object-page menu-item-5162 awb-menu__li awb-menu__main-li awb-menu__main-li_regular\"  data-item-id=\"5162\"><span class=\"awb-menu__main-background-default awb-menu__main-background-default_fade\"><\/span><span class=\"awb-menu__main-background-active awb-menu__main-background-active_fade\"><\/span><a  href=\"https:\/\/www.volawyers.com\/cs\/co-byste-meli-vedet\/pronajem-nemovitosti-ve-spanelsku\/\" class=\"awb-menu__main-a awb-menu__main-a_regular\"><span class=\"menu-text\">Pron\u00e1jmy<\/span><\/a><\/li><li  id=\"menu-item-5163\"  class=\"menu-item menu-item-type-post_type menu-item-object-page menu-item-5163 awb-menu__li awb-menu__main-li awb-menu__main-li_regular\"  data-item-id=\"5163\"><span class=\"awb-menu__main-background-default awb-menu__main-background-default_fade\"><\/span><span class=\"awb-menu__main-background-active awb-menu__main-background-active_fade\"><\/span><a  href=\"https:\/\/www.volawyers.com\/cs\/co-byste-meli-vedet\/zdravotni-pece-ve-spanelsku\/\" class=\"awb-menu__main-a awb-menu__main-a_regular\"><span class=\"menu-text\">Zdravotn\u00ed p\u00e9\u010de<\/span><\/a><\/li><\/ul><\/nav><\/div><\/div><div class=\"fusion-layout-column fusion_builder_column fusion-builder-column-1 fusion_builder_column_1_1 1_1 fusion-flex-column green-border rounded-border\" style=\"--awb-padding-top:60px;--awb-padding-right:60px;--awb-padding-bottom:20px;--awb-padding-left:60px;--awb-padding-bottom-medium:16px;--awb-padding-top-small:20px;--awb-padding-bottom-small:20px;--awb-bg-color:var(--awb-color1);--awb-bg-color-hover:var(--awb-color1);--awb-bg-size:cover;--awb-border-color:var(--awb-color3);--awb-border-style:solid;--awb-width-large:100%;--awb-margin-top-large:0px;--awb-spacing-right-large:0px;--awb-margin-bottom-large:20px;--awb-spacing-left-large:0px;--awb-width-medium:100%;--awb-order-medium:0;--awb-spacing-right-medium:0px;--awb-spacing-left-medium:0px;--awb-width-small:100%;--awb-order-small:0;--awb-spacing-right-small:0px;--awb-spacing-left-small:0px;\"><div class=\"fusion-column-wrapper fusion-column-has-shadow fusion-flex-justify-content-flex-start fusion-content-layout-column\"><div class=\"fusion-title title fusion-title-1 fusion-title-center fusion-title-text fusion-title-size-one\"><div class=\"title-sep-container title-sep-container-left\"><div class=\"title-sep sep- sep-solid\" style=\"border-color:var(--awb-color3);\"><\/div><\/div><span class=\"awb-title-spacer\"><\/span><h1 class=\"fusion-title-heading title-heading-center\" style=\"margin:0;text-transform:none;\">Ro\u010dn\u00ed v\u00fddaje spojen\u00e9 s nemovitost\u00ed ve \u0160pan\u011blsku<\/h1><span class=\"awb-title-spacer\"><\/span><div class=\"title-sep-container title-sep-container-right\"><div class=\"title-sep sep- sep-solid\" style=\"border-color:var(--awb-color3);\"><\/div><\/div><\/div><\/div><\/div><\/div><\/div><div class=\"fusion-fullwidth fullwidth-box fusion-builder-row-2 fusion-flex-container nonhundred-percent-fullwidth non-hundred-percent-height-scrolling\" style=\"--awb-border-radius-top-left:0px;--awb-border-radius-top-right:0px;--awb-border-radius-bottom-right:0px;--awb-border-radius-bottom-left:0px;--awb-padding-bottom:50px;--awb-flex-wrap:wrap;\" ><div class=\"fusion-builder-row fusion-row fusion-flex-align-items-flex-start fusion-flex-content-wrap\" style=\"max-width:1352px;margin-left: calc(-4% \/ 2 );margin-right: calc(-4% \/ 2 );\"><div class=\"fusion-layout-column fusion_builder_column fusion-builder-column-2 fusion_builder_column_1_1 1_1 fusion-flex-column\" style=\"--awb-bg-size:cover;--awb-width-large:100%;--awb-margin-top-large:0px;--awb-spacing-right-large:1.92%;--awb-margin-bottom-large:0px;--awb-spacing-left-large:1.92%;--awb-width-medium:100%;--awb-spacing-right-medium:1.92%;--awb-spacing-left-medium:1.92%;--awb-width-small:100%;--awb-spacing-right-small:1.92%;--awb-spacing-left-small:1.92%;\"><div class=\"fusion-column-wrapper fusion-flex-justify-content-flex-start fusion-content-layout-column\"><div class=\"fusion-text fusion-text-1\" style=\"--awb-text-transform:none;\"><h3><strong>Spole\u010denstv\u00ed vlastn\u00edk\u016f<\/strong><b>\u00a0<\/b><\/h3>\n<p>Naprost\u00e1 v\u011bt\u0161ina nemovitost\u00ed ve \u0160pan\u011blsku je sou\u010d\u00e1st\u00ed spole\u010denstv\u00ed vlastn\u00edk\u016f. Takov\u00e9to spole\u010denstv\u00ed je pr\u00e1vnickou osobou, tvo\u0159enou v\u0161emi vlastn\u00edky t\u00e9 kter\u00e9 budovy, seskupen\u00ed budov nebo urbanizace. \u0158\u00edd\u00ed se jist\u00fdmi normami a z\u00e1rove\u0148 rozhoduje o z\u00e1le\u017eitostech, je\u017e jsou ve v\u0161eobecn\u00e9m z\u00e1jmu jejich jednotliv\u00fdch \u010dlen\u016f (\u00fadr\u017eba, opravy, zlep\u0161en\u00ed spole\u010dn\u00fdch prostor jako zahrady, baz\u00e9ny, atd.). M\u00e1 tak\u00e9 na starost smluvn\u00ed dohody s extern\u00edmi dodavateli slu\u017eeb jako bezpe\u010dnost, o\u010dista a spolupr\u00e1ci s jin\u00fdmi spole\u010denstv\u00edmi vlastn\u00edk\u016f a m\u00edstn\u00edmi org\u00e1ny.<\/p>\n<p>Ke ka\u017ed\u00e9 nemovitosti n\u00e1le\u017e\u00ed ur\u010dit\u00fd koeficient, tzv. \u00fa\u010dastnick\u00e1 kv\u00f3ta, co\u017e je procentu\u00e1ln\u00ed vyj\u00e1d\u0159en\u00ed pom\u011bru rozlohy t\u00e9 kter\u00e9 nemovitosti v\u016f\u010di celku. Ka\u017ed\u00fd vlastn\u00edk na z\u00e1klad\u011b t\u00e9to kv\u00f3ty plat\u00ed pod\u00edl na celkov\u00fdch v\u00fddaj\u00edch.<\/p>\n<p>Ka\u017ed\u00e9 spole\u010denstv\u00ed vlastn\u00edk\u016f by m\u011blo m\u00edt alespo\u0148 jednu ro\u010dn\u00ed sch\u016fzi, i kdy\u017e je mo\u017eno svolat jakoukoli mimo\u0159\u00e1dnou, v\u00a0z\u00e1vislosti na okolnostech. Na b\u011b\u017en\u00e9 sch\u016fzi se projde ro\u010dn\u00ed \u00fa\u010detnictv\u00ed (kontrola v\u00fddaj\u016f a p\u0159\u00edjm\u016f), schv\u00e1l\u00ed se rozpo\u010det na dal\u0161\u00ed obdob\u00ed a zvol\u00ed se z\u00e1stupci. Na z\u00e1klad\u011b \u017e\u00e1dosti kter\u00e9hokoli z\u00a0majitel\u016f je mo\u017eno \u0159e\u0161it jakoukoli z\u00e1le\u017eitost, je\u017e m\u00e1 spojitost se spole\u010denstv\u00edm.<\/p>\n<p>V\u00fd\u0161e poplatk\u016f z\u00e1vis\u00ed ve velk\u00e9 m\u00ed\u0159e na velikosti komplexu, na slu\u017eb\u00e1ch a za\u0159\u00edzen\u00edch, je\u017e se tam nach\u00e1zej\u00ed \u010di poskytuj\u00ed, a na po\u010dtu vlastn\u00edk\u016f. Existuj\u00ed r\u016fzn\u00e9 slevy za brzk\u00e9 platby a naopak penalizace za platby pozdn\u00ed. B\u00fdv\u00e1 proto v\u00fdhodn\u00e9 m\u00edt pro tyto \u00fahrady navedeno inkaso.<\/p>\n<h3><strong>Energie a slu\u017eby<\/strong><\/h3>\n<p>Ve \u0160pan\u011blsku se v\u0161eobecn\u011b plat\u00ed spot\u0159eba plynu, telefon a internetov\u00e9 p\u0159ipojen\u00ed m\u011bs\u00ed\u010dn\u011b, elektrick\u00e1 energie ka\u017ed\u00e9 dva m\u011bs\u00edce a voda ka\u017ed\u00e9 dva a\u017e t\u0159i m\u011bs\u00edce. P\u0159esto\u017ee je to ji\u017e v\u00fdjime\u010dn\u00e9, existuj\u00ed st\u00e1le n\u011bkter\u00e9 komplexy, kde se voda rozpo\u010d\u00edt\u00e1v\u00e1 mezi vlastn\u00edky z d\u016fvodu jedin\u00e9ho vodom\u011bru. V tom p\u0159\u00edpad\u011b se p\u0159ipo\u010d\u00edt\u00e1v\u00e1 k poplatku spole\u010denstv\u00ed vlastn\u00edk\u016f.<\/p>\n<h3><strong>Poji\u0161t\u011bn\u00ed nemovitosti \/ dom\u00e1cnosti<\/strong><\/h3>\n<p>Je vhodn\u00e9 si sjednat poji\u0161t\u011bn\u00ed nemovitosti, je\u017e pokryje alespo\u0148 z\u00e1kladn\u00ed b\u011b\u017en\u00e1 rizika (po\u017e\u00e1r, kr\u00e1de\u017e, \u0161kody na vodovodn\u00edm za\u0159\u00edzen\u00ed). Ve v\u011bt\u0161in\u011b p\u0159\u00edpad\u016f p\u016fjde o variantu p\u0159echodn\u011b \u010di rekrea\u010dn\u011b obydlen\u00e9 nemovitosti. Ani desetilet\u00e9 poji\u0161t\u011bn\u00ed, je\u017e povinn\u011b ze z\u00e1kona mus\u00ed m\u00edt stavebn\u00ed firma, a kter\u00e9 v\u0161eobecn\u011b \u0159e\u0161\u00ed mo\u017en\u00e9 z\u00e1sadn\u00ed stavebn\u00ed nedostatky, ani samotn\u00e9 spole\u010denstv\u00ed vlastn\u00edk\u016f, nem\u00edv\u00e1 poji\u0161t\u011bny individu\u00e1ln\u00ed nemovitosti vevnit\u0159.<\/p>\n<\/div><\/div><\/div><\/div><\/div><\/p>\n","protected":false},"excerpt":{"rendered":"","protected":false},"author":1,"featured_media":0,"parent":3680,"menu_order":0,"comment_status":"closed","ping_status":"closed","template":"","meta":{"footnotes":""},"class_list":["post-3737","page","type-page","status-publish","hentry"],"_links":{"self":[{"href":"https:\/\/www.volawyers.com\/cs\/wp-json\/wp\/v2\/pages\/3737","targetHints":{"allow":["GET"]}}],"collection":[{"href":"https:\/\/www.volawyers.com\/cs\/wp-json\/wp\/v2\/pages"}],"about":[{"href":"https:\/\/www.volawyers.com\/cs\/wp-json\/wp\/v2\/types\/page"}],"author":[{"embeddable":true,"href":"https:\/\/www.volawyers.com\/cs\/wp-json\/wp\/v2\/users\/1"}],"replies":[{"embeddable":true,"href":"https:\/\/www.volawyers.com\/cs\/wp-json\/wp\/v2\/comments?post=3737"}],"version-history":[{"count":2,"href":"https:\/\/www.volawyers.com\/cs\/wp-json\/wp\/v2\/pages\/3737\/revisions"}],"predecessor-version":[{"id":5219,"href":"https:\/\/www.volawyers.com\/cs\/wp-json\/wp\/v2\/pages\/3737\/revisions\/5219"}],"up":[{"embeddable":true,"href":"https:\/\/www.volawyers.com\/cs\/wp-json\/wp\/v2\/pages\/3680"}],"wp:attachment":[{"href":"https:\/\/www.volawyers.com\/cs\/wp-json\/wp\/v2\/media?parent=3737"}],"curies":[{"name":"wp","href":"https:\/\/api.w.org\/{rel}","templated":true}]}}