{"id":3722,"date":"2013-08-10T14:05:15","date_gmt":"2013-08-10T14:05:15","guid":{"rendered":"https:\/\/www.volawyers.com\/obchodni-spolecnosti-ve-spanelsku\/"},"modified":"2023-08-10T12:36:31","modified_gmt":"2023-08-10T12:36:31","slug":"obchodni-spolecnosti-ve-spanelsku","status":"publish","type":"page","link":"https:\/\/www.volawyers.com\/cs\/caste-otazky\/obchodni-spolecnosti-ve-spanelsku\/","title":{"rendered":"Obchodn\u00ed spole\u010dnosti ve \u0160pan\u011blsku"},"content":{"rendered":"<p><div class=\"fusion-fullwidth fullwidth-box fusion-builder-row-1 fusion-flex-container nonhundred-percent-fullwidth non-hundred-percent-height-scrolling\" style=\"--awb-background-position:left top;--awb-border-sizes-top:0px;--awb-border-sizes-bottom:0px;--awb-border-sizes-left:0px;--awb-border-sizes-right:0px;--awb-border-radius-top-left:0px;--awb-border-radius-top-right:0px;--awb-border-radius-bottom-right:0px;--awb-border-radius-bottom-left:0px;--awb-padding-top:0px;--awb-padding-right:0px;--awb-padding-bottom:0px;--awb-padding-left:0px;--awb-padding-top-medium:72px;--awb-padding-bottom-medium:60px;--awb-padding-bottom-small:0px;--awb-background-color:var(--awb-color1);--awb-flex-wrap:wrap;\" ><div class=\"fusion-builder-row fusion-row fusion-flex-align-items-stretch fusion-flex-content-wrap\" style=\"max-width:calc( 1300px + 0px );margin-left: calc(-0px \/ 2 );margin-right: calc(-0px \/ 2 );\"><div class=\"fusion-layout-column fusion_builder_column fusion-builder-column-0 fusion_builder_column_1_1 1_1 fusion-flex-column fusion-flex-align-self-flex-start fusion-column-no-min-height fusion-no-small-visibility fusion-no-medium-visibility\" style=\"--awb-bg-blend:overlay;--awb-bg-size:cover;--awb-width-large:100%;--awb-margin-top-large:0px;--awb-spacing-right-large:0px;--awb-margin-bottom-large:0px;--awb-spacing-left-large:0px;--awb-width-medium:100%;--awb-order-medium:0;--awb-spacing-right-medium:0px;--awb-spacing-left-medium:0px;--awb-width-small:100%;--awb-order-small:0;--awb-spacing-right-small:0px;--awb-spacing-left-small:0px;\"><div class=\"fusion-column-wrapper fusion-column-has-shadow fusion-flex-justify-content-flex-start fusion-content-layout-column\"><div class=\"fusion-separator fusion-full-width-sep\" style=\"align-self: center;margin-left: auto;margin-right: auto;margin-top:0px;margin-bottom:0px;width:100%;\"><div class=\"fusion-separator-border sep-single sep-solid\" style=\"--awb-height:20px;--awb-amount:20px;--awb-sep-color:var(--awb-color5);border-color:var(--awb-color5);border-top-width:5px;\"><\/div><\/div><nav class=\"awb-menu awb-menu_row awb-menu_em-hover mobile-mode-collapse-to-button awb-menu_icons-left awb-menu_dc-no mobile-trigger-fullwidth-off awb-menu_mobile-toggle awb-menu_indent-left mobile-size-full-absolute loading mega-menu-loading awb-menu_desktop awb-menu_dropdown awb-menu_expand-right awb-menu_transition-fade dlc-menu-tips\" style=\"--awb-text-transform:uppercase;--awb-justify-content:space-between;--awb-items-padding-right:16px;--awb-items-padding-left:16px;--awb-active-color:var(--awb-color5);--awb-active-bg:var(--awb-color2);--awb-icons-hover-color:var(--awb-color5);--awb-main-justify-content:flex-start;--awb-mobile-justify:flex-start;--awb-mobile-caret-left:auto;--awb-mobile-caret-right:0;--awb-fusion-font-family-typography:inherit;--awb-fusion-font-style-typography:normal;--awb-fusion-font-weight-typography:400;--awb-fusion-font-family-submenu-typography:inherit;--awb-fusion-font-style-submenu-typography:normal;--awb-fusion-font-weight-submenu-typography:400;--awb-fusion-font-family-mobile-typography:inherit;--awb-fusion-font-style-mobile-typography:normal;--awb-fusion-font-weight-mobile-typography:400;\" aria-label=\"Faqs ES (SHORT)\" data-breakpoint=\"1024\" data-count=\"0\" data-transition-type=\"fade\" data-transition-time=\"300\" data-expand=\"right\"><button type=\"button\" class=\"awb-menu__m-toggle awb-menu__m-toggle_no-text\" aria-expanded=\"false\" aria-controls=\"menu-faqs-es-short\"><span class=\"awb-menu__m-toggle-inner\"><span class=\"collapsed-nav-text\"><span class=\"screen-reader-text\">Toggle Navigation<\/span><\/span><span class=\"awb-menu__m-collapse-icon awb-menu__m-collapse-icon_no-text\"><span class=\"awb-menu__m-collapse-icon-open awb-menu__m-collapse-icon-open_no-text fa-bars fas\"><\/span><span class=\"awb-menu__m-collapse-icon-close awb-menu__m-collapse-icon-close_no-text fa-times fas\"><\/span><\/span><\/span><\/button><ul id=\"menu-faqs-cs-short\" class=\"fusion-menu awb-menu__main-ul awb-menu__main-ul_row\"><li  id=\"menu-item-5004\"  class=\"menu-item menu-item-type-post_type menu-item-object-page menu-item-5004 awb-menu__li awb-menu__main-li awb-menu__main-li_regular\"  data-item-id=\"5004\"><span class=\"awb-menu__main-background-default awb-menu__main-background-default_fade\"><\/span><span class=\"awb-menu__main-background-active awb-menu__main-background-active_fade\"><\/span><a  href=\"https:\/\/www.volawyers.com\/cs\/caste-otazky\/koupe-nemovitosti-ve-spanelsku\/\" class=\"awb-menu__main-a awb-menu__main-a_regular\"><span class=\"menu-text\">Koup\u011b nemovitosti<\/span><\/a><\/li><li  id=\"menu-item-5006\"  class=\"menu-item menu-item-type-post_type menu-item-object-page menu-item-5006 awb-menu__li awb-menu__main-li awb-menu__main-li_regular\"  data-item-id=\"5006\"><span class=\"awb-menu__main-background-default awb-menu__main-background-default_fade\"><\/span><span class=\"awb-menu__main-background-active awb-menu__main-background-active_fade\"><\/span><a  href=\"https:\/\/www.volawyers.com\/cs\/caste-otazky\/prodej-nemovitosti-ve-spanelsku\/\" class=\"awb-menu__main-a awb-menu__main-a_regular\"><span class=\"menu-text\">Prodej nemovitosti<\/span><\/a><\/li><li  id=\"menu-item-5003\"  class=\"menu-item menu-item-type-post_type menu-item-object-page menu-item-5003 awb-menu__li awb-menu__main-li awb-menu__main-li_regular\"  data-item-id=\"5003\"><span class=\"awb-menu__main-background-default awb-menu__main-background-default_fade\"><\/span><span class=\"awb-menu__main-background-active awb-menu__main-background-active_fade\"><\/span><a  href=\"https:\/\/www.volawyers.com\/cs\/caste-otazky\/hypotecni-uvery-ve-spanelsku\/\" class=\"awb-menu__main-a awb-menu__main-a_regular\"><span class=\"menu-text\">Hypot\u00e9ky<\/span><\/a><\/li><li  id=\"menu-item-5007\"  class=\"menu-item menu-item-type-post_type menu-item-object-page menu-item-5007 awb-menu__li awb-menu__main-li awb-menu__main-li_regular\"  data-item-id=\"5007\"><span class=\"awb-menu__main-background-default awb-menu__main-background-default_fade\"><\/span><span class=\"awb-menu__main-background-active awb-menu__main-background-active_fade\"><\/span><a  href=\"https:\/\/www.volawyers.com\/cs\/caste-otazky\/pronajmy-ve-spanelsku\/\" class=\"awb-menu__main-a awb-menu__main-a_regular\"><span class=\"menu-text\">Pron\u00e1jmy<\/span><\/a><\/li><li  id=\"menu-item-5008\"  class=\"menu-item menu-item-type-post_type menu-item-object-page menu-item-5008 awb-menu__li awb-menu__main-li awb-menu__main-li_regular\"  data-item-id=\"5008\"><span class=\"awb-menu__main-background-default awb-menu__main-background-default_fade\"><\/span><span class=\"awb-menu__main-background-active awb-menu__main-background-active_fade\"><\/span><a  href=\"https:\/\/www.volawyers.com\/cs\/caste-otazky\/rocni-dane-a-vydaje-ve-spanelsku\/\" class=\"awb-menu__main-a awb-menu__main-a_regular\"><span class=\"menu-text\">Dan\u011b<\/span><\/a><\/li><li  id=\"menu-item-5009\"  class=\"menu-item menu-item-type-post_type menu-item-object-page menu-item-5009 awb-menu__li awb-menu__main-li awb-menu__main-li_regular\"  data-item-id=\"5009\"><span class=\"awb-menu__main-background-default awb-menu__main-background-default_fade\"><\/span><span class=\"awb-menu__main-background-active awb-menu__main-background-active_fade\"><\/span><a  href=\"https:\/\/www.volawyers.com\/cs\/caste-otazky\/zaveti-a-dedictvi-ve-spanelsku\/\" class=\"awb-menu__main-a awb-menu__main-a_regular\"><span class=\"menu-text\">Z\u00e1v\u011bti a d\u011bdictv\u00ed<\/span><\/a><\/li><li  id=\"menu-item-5005\"  class=\"menu-item menu-item-type-post_type menu-item-object-page menu-item-5005 awb-menu__li awb-menu__main-li awb-menu__main-li_regular\"  data-item-id=\"5005\"><span class=\"awb-menu__main-background-default awb-menu__main-background-default_fade\"><\/span><span class=\"awb-menu__main-background-active awb-menu__main-background-active_fade\"><\/span><a  href=\"https:\/\/www.volawyers.com\/cs\/caste-otazky\/obchodni-spolecnosti-ve-spanelsku\/\" class=\"awb-menu__main-a awb-menu__main-a_regular\"><span class=\"menu-text\">Obchodn\u00ed spole\u010dnosti<\/span><\/a><\/li><\/ul><\/nav><\/div><\/div><div class=\"fusion-layout-column fusion_builder_column fusion-builder-column-1 fusion_builder_column_1_1 1_1 fusion-flex-column green-border rounded-border\" style=\"--awb-padding-top:60px;--awb-padding-right:60px;--awb-padding-bottom:20px;--awb-padding-left:60px;--awb-padding-bottom-medium:16px;--awb-padding-top-small:20px;--awb-padding-bottom-small:20px;--awb-bg-color:var(--awb-color1);--awb-bg-color-hover:var(--awb-color1);--awb-bg-size:cover;--awb-border-color:var(--awb-color3);--awb-border-style:solid;--awb-width-large:100%;--awb-margin-top-large:0px;--awb-spacing-right-large:0px;--awb-margin-bottom-large:20px;--awb-spacing-left-large:0px;--awb-width-medium:100%;--awb-order-medium:0;--awb-spacing-right-medium:0px;--awb-spacing-left-medium:0px;--awb-width-small:100%;--awb-order-small:0;--awb-spacing-right-small:0px;--awb-spacing-left-small:0px;\"><div class=\"fusion-column-wrapper fusion-column-has-shadow fusion-flex-justify-content-flex-start fusion-content-layout-column\"><div class=\"fusion-title title fusion-title-1 fusion-title-center fusion-title-text fusion-title-size-one\"><div class=\"title-sep-container title-sep-container-left\"><div class=\"title-sep sep- sep-solid\" style=\"border-color:var(--awb-color3);\"><\/div><\/div><span class=\"awb-title-spacer\"><\/span><h1 class=\"fusion-title-heading title-heading-center\" style=\"margin:0;text-transform:none;\">Obchodn\u00ed spole\u010dnosti ve \u0160pan\u011blsku<\/h1><span class=\"awb-title-spacer\"><\/span><div class=\"title-sep-container title-sep-container-right\"><div class=\"title-sep sep- sep-solid\" style=\"border-color:var(--awb-color3);\"><\/div><\/div><\/div><\/div><\/div><\/div><\/div><div class=\"fusion-fullwidth fullwidth-box fusion-builder-row-2 fusion-flex-container nonhundred-percent-fullwidth non-hundred-percent-height-scrolling\" style=\"--awb-border-radius-top-left:0px;--awb-border-radius-top-right:0px;--awb-border-radius-bottom-right:0px;--awb-border-radius-bottom-left:0px;--awb-padding-bottom:50px;--awb-flex-wrap:wrap;\" ><div class=\"fusion-builder-row fusion-row fusion-flex-align-items-flex-start fusion-flex-content-wrap\" style=\"max-width:1352px;margin-left: calc(-4% \/ 2 );margin-right: calc(-4% \/ 2 );\"><div class=\"fusion-layout-column fusion_builder_column fusion-builder-column-2 fusion_builder_column_1_1 1_1 fusion-flex-column\" style=\"--awb-bg-size:cover;--awb-width-large:100%;--awb-margin-top-large:0px;--awb-spacing-right-large:1.92%;--awb-margin-bottom-large:0px;--awb-spacing-left-large:1.92%;--awb-width-medium:100%;--awb-spacing-right-medium:1.92%;--awb-spacing-left-medium:1.92%;--awb-width-small:100%;--awb-spacing-right-small:1.92%;--awb-spacing-left-small:1.92%;\"><div class=\"fusion-column-wrapper fusion-flex-justify-content-flex-start fusion-content-layout-column\"><div class=\"fusion-text fusion-text-1\" style=\"--awb-text-transform:none;\"><h3>\u2013 Jakou dokumentaci pot\u0159ebuji k tomu, abych zalo\u017eil ve \u0160pan\u011blsku spole\u010dnost?<\/h3>\n<p>K zalo\u017een\u00ed obchodn\u00ed spole\u010dnosti ve \u0160pan\u011blsku je t\u0159eba podepsat u not\u00e1\u0159e zakl\u00e1daj\u00edc\u00ed spole\u010denskou smlouvu (escritura de constituci\u00f3n),<br \/>k \u010demu\u017e je t\u0159eba dolo\u017eit n\u00e1sleduj\u00edc\u00ed dokumentaci:<\/p>\n<p><strong>Certifikaci o neexistenci shodn\u00e9ho jm\u00e9na<\/strong>: Vyd\u00e1na Centr\u00e1ln\u00edm obchodn\u00edm rejst\u0159\u00edkem. Potvrzuje, \u017ee jm\u00e9no, kter\u00e9 jsme si vybrali pro va\u0161i obchodn\u00ed spole\u010dnost, nen\u00ed ji\u017e registrov\u00e1no na jm\u00e9no n\u011bkoho jin\u00e9ho.<\/p>\n<p><strong>Certifik\u00e1t o bankovn\u00edm vkladu<\/strong>: Vyd\u00e1n pobo\u010dkou banky, kde byl otev\u0159en \u00fa\u010det spole\u010dnosti a byl proveden vklad z\u00e1kladn\u00edho jm\u011bn\u00ed.<\/p>\n<p><strong>Provizorn\u00ed CIF (da\u0148ov\u00e9 identifika\u010dn\u00ed \u010d\u00edslo) spole\u010dnosti<\/strong>: Vyd\u00e1no odpov\u00eddaj\u00edc\u00edm finan\u010dn\u00edm \u00fa\u0159adem.<\/p>\n<p><strong>NIE jednatel\u016f a akcion\u00e1\u0159\u016f<\/strong><\/p>\n<p><strong>Spole\u010densk\u00e1 smlouva<\/strong>: Seps\u00e1na v souladu s \u010dinnost\u00ed spole\u010dnosti a jej\u00edm vnit\u0159n\u00edm uspo\u0159\u00e1d\u00e1n\u00edm.<\/p>\n<p>Po podpisu smlouvy o zalo\u017een\u00ed spole\u010dnosti je nutno tuto nechat zapsat do Obchodn\u00edho rejst\u0159\u00edku a z\u00edskat definitivn\u00ed da\u0148ov\u00e9 identifika\u010dn\u00ed \u010d\u00edslo.<\/p>\n<h3>\u00a0\u2013 Kolik stoj\u00ed zalo\u017een\u00ed spole\u010dnosti ve \u0160pan\u011blsku?<\/h3>\n<p>P\u0159esto\u017ee od roku 2010 je zalo\u017een\u00ed obchodn\u00edch spole\u010dnost\u00ed spro\u0161t\u011bno povinnosti platit AJD (st\u00e1tn\u00ed kolek, spr\u00e1vn\u00ed poplatek), st\u00e1le existuje \u0159ada v\u00fddaj\u016f: honor\u00e1\u0159 not\u00e1\u0159e, advok\u00e1ta, z\u00e1pis do Obchodn\u00edho rejst\u0159\u00edku, certifikace, apod. A priori by n\u00e1klady nem\u011bly p\u0159es\u00e1hnout \u010d\u00e1stku cca 2.000 Eur, co\u017e nezahrnuje vklad z\u00e1kladn\u00edho kapit\u00e1lu.<\/p>\n<h3>\u00a0\u2013 Mohu b\u00fdt jednatelem \u0161pan\u011blsk\u00e9 obchodn\u00ed spole\u010dnosti a neb\u00fdt ve \u0160pan\u011blsku rezidentem?<\/h3>\n<p>Ano. Proto, abyste mohl b\u00fdt jednatelem \u0161pan\u011blsk\u00e9 spole\u010dnosti, nemus\u00edte b\u00fdt \u0161pan\u011blsk\u00fdm ob\u010danem ani zde trvale \u017e\u00edt. Na druhou stranu tato funkce nezakl\u00e1d\u00e1 pr\u00e1vn\u00ed n\u00e1rok na rezidenci, pr\u00e1ci \u010di pobyt v t\u00e9to zemi.<\/p>\n<\/div><\/div><\/div><\/div><\/div><\/p>\n","protected":false},"excerpt":{"rendered":"","protected":false},"author":1,"featured_media":0,"parent":3683,"menu_order":0,"comment_status":"closed","ping_status":"open","template":"","meta":{"footnotes":""},"class_list":["post-3722","page","type-page","status-publish","hentry"],"_links":{"self":[{"href":"https:\/\/www.volawyers.com\/cs\/wp-json\/wp\/v2\/pages\/3722","targetHints":{"allow":["GET"]}}],"collection":[{"href":"https:\/\/www.volawyers.com\/cs\/wp-json\/wp\/v2\/pages"}],"about":[{"href":"https:\/\/www.volawyers.com\/cs\/wp-json\/wp\/v2\/types\/page"}],"author":[{"embeddable":true,"href":"https:\/\/www.volawyers.com\/cs\/wp-json\/wp\/v2\/users\/1"}],"replies":[{"embeddable":true,"href":"https:\/\/www.volawyers.com\/cs\/wp-json\/wp\/v2\/comments?post=3722"}],"version-history":[{"count":2,"href":"https:\/\/www.volawyers.com\/cs\/wp-json\/wp\/v2\/pages\/3722\/revisions"}],"predecessor-version":[{"id":5111,"href":"https:\/\/www.volawyers.com\/cs\/wp-json\/wp\/v2\/pages\/3722\/revisions\/5111"}],"up":[{"embeddable":true,"href":"https:\/\/www.volawyers.com\/cs\/wp-json\/wp\/v2\/pages\/3683"}],"wp:attachment":[{"href":"https:\/\/www.volawyers.com\/cs\/wp-json\/wp\/v2\/media?parent=3722"}],"curies":[{"name":"wp","href":"https:\/\/api.w.org\/{rel}","templated":true}]}}