{"id":3704,"date":"2013-08-10T13:39:41","date_gmt":"2013-08-10T13:39:41","guid":{"rendered":"https:\/\/www.volawyers.com\/koupe-nemovitosti-ve-spanelsku\/"},"modified":"2023-08-10T12:20:05","modified_gmt":"2023-08-10T12:20:05","slug":"koupe-nemovitosti-ve-spanelsku","status":"publish","type":"page","link":"https:\/\/www.volawyers.com\/cs\/caste-otazky\/koupe-nemovitosti-ve-spanelsku\/","title":{"rendered":"Koup\u011b nemovitosti ve \u0160pan\u011blsku"},"content":{"rendered":"<p><div class=\"fusion-fullwidth fullwidth-box fusion-builder-row-1 fusion-flex-container nonhundred-percent-fullwidth non-hundred-percent-height-scrolling\" style=\"--awb-background-position:left top;--awb-border-sizes-top:0px;--awb-border-sizes-bottom:0px;--awb-border-sizes-left:0px;--awb-border-sizes-right:0px;--awb-border-radius-top-left:0px;--awb-border-radius-top-right:0px;--awb-border-radius-bottom-right:0px;--awb-border-radius-bottom-left:0px;--awb-padding-top:0px;--awb-padding-right:0px;--awb-padding-bottom:0px;--awb-padding-left:0px;--awb-padding-top-medium:72px;--awb-padding-bottom-medium:60px;--awb-padding-bottom-small:0px;--awb-background-color:var(--awb-color1);--awb-flex-wrap:wrap;\" ><div class=\"fusion-builder-row fusion-row fusion-flex-align-items-stretch fusion-flex-content-wrap\" style=\"max-width:calc( 1300px + 0px );margin-left: calc(-0px \/ 2 );margin-right: calc(-0px \/ 2 );\"><div class=\"fusion-layout-column fusion_builder_column fusion-builder-column-0 fusion_builder_column_1_1 1_1 fusion-flex-column fusion-flex-align-self-flex-start fusion-column-no-min-height fusion-no-small-visibility fusion-no-medium-visibility\" style=\"--awb-bg-blend:overlay;--awb-bg-size:cover;--awb-width-large:100%;--awb-margin-top-large:0px;--awb-spacing-right-large:0px;--awb-margin-bottom-large:0px;--awb-spacing-left-large:0px;--awb-width-medium:100%;--awb-order-medium:0;--awb-spacing-right-medium:0px;--awb-spacing-left-medium:0px;--awb-width-small:100%;--awb-order-small:0;--awb-spacing-right-small:0px;--awb-spacing-left-small:0px;\"><div class=\"fusion-column-wrapper fusion-column-has-shadow fusion-flex-justify-content-flex-start fusion-content-layout-column\"><div class=\"fusion-separator fusion-full-width-sep\" style=\"align-self: center;margin-left: auto;margin-right: auto;margin-top:0px;margin-bottom:0px;width:100%;\"><div class=\"fusion-separator-border sep-single sep-solid\" style=\"--awb-height:20px;--awb-amount:20px;--awb-sep-color:var(--awb-color5);border-color:var(--awb-color5);border-top-width:5px;\"><\/div><\/div><nav class=\"awb-menu awb-menu_row awb-menu_em-hover mobile-mode-collapse-to-button awb-menu_icons-left awb-menu_dc-no mobile-trigger-fullwidth-off awb-menu_mobile-toggle awb-menu_indent-left mobile-size-full-absolute loading mega-menu-loading awb-menu_desktop awb-menu_dropdown awb-menu_expand-right awb-menu_transition-fade dlc-menu-tips\" style=\"--awb-text-transform:uppercase;--awb-justify-content:space-between;--awb-items-padding-right:16px;--awb-items-padding-left:16px;--awb-active-color:var(--awb-color5);--awb-active-bg:var(--awb-color2);--awb-icons-hover-color:var(--awb-color5);--awb-main-justify-content:flex-start;--awb-mobile-justify:flex-start;--awb-mobile-caret-left:auto;--awb-mobile-caret-right:0;--awb-fusion-font-family-typography:inherit;--awb-fusion-font-style-typography:normal;--awb-fusion-font-weight-typography:400;--awb-fusion-font-family-submenu-typography:inherit;--awb-fusion-font-style-submenu-typography:normal;--awb-fusion-font-weight-submenu-typography:400;--awb-fusion-font-family-mobile-typography:inherit;--awb-fusion-font-style-mobile-typography:normal;--awb-fusion-font-weight-mobile-typography:400;\" aria-label=\"Faqs ES (SHORT)\" data-breakpoint=\"1024\" data-count=\"0\" data-transition-type=\"fade\" data-transition-time=\"300\" data-expand=\"right\"><button type=\"button\" class=\"awb-menu__m-toggle awb-menu__m-toggle_no-text\" aria-expanded=\"false\" aria-controls=\"menu-faqs-es-short\"><span class=\"awb-menu__m-toggle-inner\"><span class=\"collapsed-nav-text\"><span class=\"screen-reader-text\">Toggle Navigation<\/span><\/span><span class=\"awb-menu__m-collapse-icon awb-menu__m-collapse-icon_no-text\"><span class=\"awb-menu__m-collapse-icon-open awb-menu__m-collapse-icon-open_no-text fa-bars fas\"><\/span><span class=\"awb-menu__m-collapse-icon-close awb-menu__m-collapse-icon-close_no-text fa-times fas\"><\/span><\/span><\/span><\/button><ul id=\"menu-faqs-cs-short\" class=\"fusion-menu awb-menu__main-ul awb-menu__main-ul_row\"><li  id=\"menu-item-5004\"  class=\"menu-item menu-item-type-post_type menu-item-object-page menu-item-5004 awb-menu__li awb-menu__main-li awb-menu__main-li_regular\"  data-item-id=\"5004\"><span class=\"awb-menu__main-background-default awb-menu__main-background-default_fade\"><\/span><span class=\"awb-menu__main-background-active awb-menu__main-background-active_fade\"><\/span><a  href=\"https:\/\/www.volawyers.com\/cs\/caste-otazky\/koupe-nemovitosti-ve-spanelsku\/\" class=\"awb-menu__main-a awb-menu__main-a_regular\"><span class=\"menu-text\">Koup\u011b nemovitosti<\/span><\/a><\/li><li  id=\"menu-item-5006\"  class=\"menu-item menu-item-type-post_type menu-item-object-page menu-item-5006 awb-menu__li awb-menu__main-li awb-menu__main-li_regular\"  data-item-id=\"5006\"><span class=\"awb-menu__main-background-default awb-menu__main-background-default_fade\"><\/span><span class=\"awb-menu__main-background-active awb-menu__main-background-active_fade\"><\/span><a  href=\"https:\/\/www.volawyers.com\/cs\/caste-otazky\/prodej-nemovitosti-ve-spanelsku\/\" class=\"awb-menu__main-a awb-menu__main-a_regular\"><span class=\"menu-text\">Prodej nemovitosti<\/span><\/a><\/li><li  id=\"menu-item-5003\"  class=\"menu-item menu-item-type-post_type menu-item-object-page menu-item-5003 awb-menu__li awb-menu__main-li awb-menu__main-li_regular\"  data-item-id=\"5003\"><span class=\"awb-menu__main-background-default awb-menu__main-background-default_fade\"><\/span><span class=\"awb-menu__main-background-active awb-menu__main-background-active_fade\"><\/span><a  href=\"https:\/\/www.volawyers.com\/cs\/caste-otazky\/hypotecni-uvery-ve-spanelsku\/\" class=\"awb-menu__main-a awb-menu__main-a_regular\"><span class=\"menu-text\">Hypot\u00e9ky<\/span><\/a><\/li><li  id=\"menu-item-5007\"  class=\"menu-item menu-item-type-post_type menu-item-object-page menu-item-5007 awb-menu__li awb-menu__main-li awb-menu__main-li_regular\"  data-item-id=\"5007\"><span class=\"awb-menu__main-background-default awb-menu__main-background-default_fade\"><\/span><span class=\"awb-menu__main-background-active awb-menu__main-background-active_fade\"><\/span><a  href=\"https:\/\/www.volawyers.com\/cs\/caste-otazky\/pronajmy-ve-spanelsku\/\" class=\"awb-menu__main-a awb-menu__main-a_regular\"><span class=\"menu-text\">Pron\u00e1jmy<\/span><\/a><\/li><li  id=\"menu-item-5008\"  class=\"menu-item menu-item-type-post_type menu-item-object-page menu-item-5008 awb-menu__li awb-menu__main-li awb-menu__main-li_regular\"  data-item-id=\"5008\"><span class=\"awb-menu__main-background-default awb-menu__main-background-default_fade\"><\/span><span class=\"awb-menu__main-background-active awb-menu__main-background-active_fade\"><\/span><a  href=\"https:\/\/www.volawyers.com\/cs\/caste-otazky\/rocni-dane-a-vydaje-ve-spanelsku\/\" class=\"awb-menu__main-a awb-menu__main-a_regular\"><span class=\"menu-text\">Dan\u011b<\/span><\/a><\/li><li  id=\"menu-item-5009\"  class=\"menu-item menu-item-type-post_type menu-item-object-page menu-item-5009 awb-menu__li awb-menu__main-li awb-menu__main-li_regular\"  data-item-id=\"5009\"><span class=\"awb-menu__main-background-default awb-menu__main-background-default_fade\"><\/span><span class=\"awb-menu__main-background-active awb-menu__main-background-active_fade\"><\/span><a  href=\"https:\/\/www.volawyers.com\/cs\/caste-otazky\/zaveti-a-dedictvi-ve-spanelsku\/\" class=\"awb-menu__main-a awb-menu__main-a_regular\"><span class=\"menu-text\">Z\u00e1v\u011bti a d\u011bdictv\u00ed<\/span><\/a><\/li><li  id=\"menu-item-5005\"  class=\"menu-item menu-item-type-post_type menu-item-object-page menu-item-5005 awb-menu__li awb-menu__main-li awb-menu__main-li_regular\"  data-item-id=\"5005\"><span class=\"awb-menu__main-background-default awb-menu__main-background-default_fade\"><\/span><span class=\"awb-menu__main-background-active awb-menu__main-background-active_fade\"><\/span><a  href=\"https:\/\/www.volawyers.com\/cs\/caste-otazky\/obchodni-spolecnosti-ve-spanelsku\/\" class=\"awb-menu__main-a awb-menu__main-a_regular\"><span class=\"menu-text\">Obchodn\u00ed spole\u010dnosti<\/span><\/a><\/li><\/ul><\/nav><\/div><\/div><div class=\"fusion-layout-column fusion_builder_column fusion-builder-column-1 fusion_builder_column_1_1 1_1 fusion-flex-column green-border rounded-border\" style=\"--awb-padding-top:60px;--awb-padding-right:60px;--awb-padding-bottom:20px;--awb-padding-left:60px;--awb-padding-bottom-medium:16px;--awb-padding-top-small:20px;--awb-padding-bottom-small:20px;--awb-bg-color:var(--awb-color1);--awb-bg-color-hover:var(--awb-color1);--awb-bg-size:cover;--awb-border-color:var(--awb-color3);--awb-border-style:solid;--awb-width-large:100%;--awb-margin-top-large:0px;--awb-spacing-right-large:0px;--awb-margin-bottom-large:20px;--awb-spacing-left-large:0px;--awb-width-medium:100%;--awb-order-medium:0;--awb-spacing-right-medium:0px;--awb-spacing-left-medium:0px;--awb-width-small:100%;--awb-order-small:0;--awb-spacing-right-small:0px;--awb-spacing-left-small:0px;\"><div class=\"fusion-column-wrapper fusion-column-has-shadow fusion-flex-justify-content-flex-start fusion-content-layout-column\"><div class=\"fusion-title title fusion-title-1 fusion-title-center fusion-title-text fusion-title-size-one\"><div class=\"title-sep-container title-sep-container-left\"><div class=\"title-sep sep- sep-solid\" style=\"border-color:var(--awb-color3);\"><\/div><\/div><span class=\"awb-title-spacer\"><\/span><h1 class=\"fusion-title-heading title-heading-center\" style=\"margin:0;text-transform:none;\">Koup\u011b nemovitosti ve \u0160pan\u011blsku<\/h1><span class=\"awb-title-spacer\"><\/span><div class=\"title-sep-container title-sep-container-right\"><div class=\"title-sep sep- sep-solid\" style=\"border-color:var(--awb-color3);\"><\/div><\/div><\/div><\/div><\/div><\/div><\/div><div class=\"fusion-fullwidth fullwidth-box fusion-builder-row-2 fusion-flex-container nonhundred-percent-fullwidth non-hundred-percent-height-scrolling\" style=\"--awb-border-radius-top-left:0px;--awb-border-radius-top-right:0px;--awb-border-radius-bottom-right:0px;--awb-border-radius-bottom-left:0px;--awb-padding-bottom:50px;--awb-flex-wrap:wrap;\" ><div class=\"fusion-builder-row fusion-row fusion-flex-align-items-flex-start fusion-flex-content-wrap\" style=\"max-width:1352px;margin-left: calc(-4% \/ 2 );margin-right: calc(-4% \/ 2 );\"><div class=\"fusion-layout-column fusion_builder_column fusion-builder-column-2 fusion_builder_column_1_1 1_1 fusion-flex-column\" style=\"--awb-bg-size:cover;--awb-width-large:100%;--awb-margin-top-large:0px;--awb-spacing-right-large:1.92%;--awb-margin-bottom-large:0px;--awb-spacing-left-large:1.92%;--awb-width-medium:100%;--awb-spacing-right-medium:1.92%;--awb-spacing-left-medium:1.92%;--awb-width-small:100%;--awb-spacing-right-small:1.92%;--awb-spacing-left-small:1.92%;\"><div class=\"fusion-column-wrapper fusion-flex-justify-content-flex-start fusion-content-layout-column\"><div class=\"fusion-text fusion-text-1\" style=\"--awb-text-transform:none;\"><h3>\u2013 Jak\u00e9 pr\u00e1vn\u00ed z\u00e1ruky by mi m\u011bl poskytnout developer v p\u0159\u00edpad\u011b nemovitosti ve v\u00fdstavb\u011b?<\/h3>\n<p>V z\u00e1sad\u011b dv\u011b.\u00a0Zaprv\u00e9: Stavitel je ze z\u00e1kona povinen poskytnout desetilet\u00e9 poji\u0161t\u011bn\u00ed zodpov\u011bdnosti za struktur\u00e1ln\u00ed vady na nemovitosti a to na dobu 10 let od ukon\u010den\u00ed stavebn\u00edch prac\u00ed.\u00a0Zadruh\u00e9: Stavitel je povinen na ve\u0161ker\u00e9 platby obdr\u017een\u00e9 v pr\u016fb\u011bhu v\u00fdstavby poskytnout bankovn\u00ed garanci nebo ke stejn\u00e9mu \u00fa\u010delu z\u0159\u00edzen\u00e9 speci\u00e1ln\u00ed poji\u0161t\u011bn\u00ed.\u00a0Poji\u0161t\u011bn\u00e9 riziko je v tomto p\u0159\u00edpad\u011b nedokon\u010den\u00ed nemovitosti<br \/>v term\u00ednu.<\/p>\n<h3>\u2013 Je nutn\u00e9 podepsat smlouvu o smlouv\u011b budouc\u00ed p\u0159ed podpisem samotn\u00e9 kupn\u00ed smlouvy u not\u00e1\u0159e?<\/h3>\n<p>Nen\u00ed to nutn\u00e9, ale je to velmi vhodn\u00e9 z d\u016fvodu p\u00edsemn\u00e9ho zaji\u0161t\u011bn\u00ed dohodnut\u00fdch podm\u00ednek (cena, zp\u016fsob platby, souvisej\u00edc\u00ed v\u00fddaje, atd.). Takov\u00e1 smlouva by m\u011bla garantovat, \u017ee se tyto podm\u00ednky v \u010dase p\u0159ed samotn\u00fdm podpisem kupn\u00ed smlouvy u not\u00e1\u0159e nezm\u011bn\u00ed.<\/p>\n<h3>\u2013 Mus\u00edm b\u00fdt p\u0159\u00edtomen podpisu smlouvy?<\/h3>\n<p>Ne. Ve skute\u010dnosti je velmi b\u011b\u017en\u00e9, \u017ee klienti ud\u011bl\u00ed sv\u00e9mu advok\u00e1tovi not\u00e1\u0159sky ov\u011b\u0159enou plnou moc a ten pak u\u017e jedn\u00e1 jejich jm\u00e9nem\u00a0a<br \/>v zastoupen\u00ed.<\/p>\n<h3>\u2013 Jak m\u016f\u017eu sv\u00e9mu advok\u00e1tovi ud\u011blit plnou moc?<\/h3>\n<p>Plnou moc m\u016f\u017eete ud\u011blit u jak\u00e9hokoli not\u00e1\u0159e ve \u0160pan\u011blsku, na \u0160pan\u011blsk\u00e9m konzul\u00e1tu v zahrani\u010d\u00ed nebo u not\u00e1\u0159e v zemi sv\u00e9ho p\u016fvodu.<br \/>V tomto posledn\u011b zmi\u0148ovan\u00e9m p\u0159\u00edpad\u011b bude muset b\u00fdt dokument soudn\u011b p\u0159elo\u017een do \u0161pan\u011blstiny a opat\u0159en apostiln\u00ed dolo\u017ekou (tzv. superlegalizace).<\/p>\n<h3>\u2013 Jakou dokumentaci po mn\u011b bude po\u017eadovat m\u016fj advok\u00e1t za \u00fa\u010delem spln\u011bn\u00ed sv\u00fdch povinnost\u00ed v souvislosti s prevenc\u00ed pran\u00ed \u0161pinav\u00fdch pen\u011bz?<\/h3>\n<p>Takovou, je\u017e prok\u00e1\u017ee, \u017ee vlastn\u00edte dostatek finan\u010dn\u00edch prost\u0159edk\u016f k tomu, abyste mohl prov\u00e9st investici, ke kter\u00e9 se chyst\u00e1te, a je\u017e potvrd\u00ed, \u017ee tyto prost\u0159edky jsou leg\u00e1ln\u00edho p\u016fvodu, tj. da\u0148ov\u00e1 p\u0159izn\u00e1n\u00ed, v\u00fdsledky auditu, potvrzen\u00ed o z\u00e1visl\u00e9m p\u0159\u00edjmu, d\u011bdick\u00e1 smlouva, smlouvy o prodeji nemovitosti, apod.<\/p>\n<h3>\u2013 Je mo\u017en\u00e9 zm\u011bnit u\u017eit\u00ed komer\u010dn\u00ed nemovitosti na nemovitost ur\u010denou k bydlen\u00ed?<\/h3>\n<p>Ano, ale pouze kdy\u017e to domovn\u00ed \u0159\u00e1d \u010di odpov\u00eddaj\u00edc\u00ed stavebn\u00ed dokumentace p\u0159\u00edmo nezakazuje a nebude to m\u00edt vliv na spole\u010dn\u00e9 prostory. V\u017edy v\u0161ak\u00a0s n\u00e1le\u017eit\u00fdm souhlasem se zm\u011bnou v u\u017e\u00edv\u00e1n\u00ed odpov\u00eddaj\u00edc\u00edho stavebn\u00edho \u00fa\u0159adu.<\/p>\n<h3>\u2013 Mohu zaplatit nemovitost jinou nemovitost\u00ed a rozd\u00edl v cen\u011b pen\u011bzi?<\/h3>\n<p>Ano. Jde o sm\u011bnu nemovitost\u00ed. Ov\u0161em z pohledu da\u0148ov\u00e9ho jde o dvojit\u00fd prodej, tak\u017ee ob\u011b strany jsou povinny odv\u00e9st da\u0148 z p\u0159evodu majetku.<\/p>\n<h3>\u2013 Mohu prodat gar\u00e1\u017e nebo sklep, kter\u00e9 nevyu\u017e\u00edv\u00e1m, a ponechat si bytovou jednotku ve stejn\u00e9m dom\u011b?<\/h3>\n<p>Ano, ale pouze v p\u0159\u00edpad\u011b, \u017ee je tato gar\u00e1\u017e nebo sklep zaps\u00e1n na katastru nemovitost\u00ed jako nez\u00e1visl\u00e1 jednotka. Tento prodej nebude mo\u017en\u00fd v p\u0159\u00edpad\u011b, \u017ee tvo\u0159\u00ed sou\u010d\u00e1st stejn\u00e9 jednotky jako byt a jsou tud\u00ed\u017e zaps\u00e1ny spole\u010dn\u011b.<\/p>\n<h3>\u2013 Co je soci\u00e1ln\u00ed bydlen\u00ed?<\/h3>\n<p>Jde o bydlen\u00ed, se kter\u00fdm jsou spojen\u00e9 ur\u010dit\u00e9 da\u0148ov\u00e9 \u00falevy jak pro stavitele, tak pro nabyvatele, a to v\u00fdm\u011bnou za ur\u010dit\u00e9 limitace ohledn\u011b u\u017eit\u00ed, mo\u017enosti dal\u0161\u00edho p\u0159evodu na majitele, ceny, apod. V\u0161eobecn\u011b vzato jde\u00a0o nemovitosti s ni\u017e\u0161\u00ed cenou ne\u017e je tr\u017en\u00ed a jejich c\u00edlem je umo\u017enit p\u0159\u00edstup\u00a0k bydlen\u00ed soci\u00e1ln\u011b slab\u0161\u00edm vrstv\u00e1m obyvatelstva. Pr\u00e1vn\u00ed omezen\u00ed spojen\u00e1\u00a0s jejich nabyt\u00edm zp\u016fsobuj\u00ed jejich nezaj\u00edmavost z pohledu investora.<\/p>\n<h3>\u2013 \u010ctvere\u010dn\u00ed metry uv\u00e1d\u011bn\u00e9 ve v\u00fdpisu z katastru neodpov\u00eddaj\u00ed skute\u010dn\u00e9 rozloze nemovitosti, ji\u017e chci koupit. Je to n\u011bco, co by mi m\u011blo d\u011blat starost?<\/h3>\n<p>Je d\u016fle\u017eit\u00e9, aby skute\u010dn\u00e1 rozloha souhlasila s tou, je\u017e se objevuje v katastru nemovitost\u00ed. V ur\u010dit\u00fdch p\u0159\u00edpadech jsou provedeny p\u0159estavby a zm\u011bny na nemovitosti bez toho, aby se tyto \u0159\u00e1dn\u011b zanesly do katastru. V t\u011bchto p\u0159\u00edpadech je vhodn\u00e9, aby majitel nemovitosti regularizoval tuto situaci je\u0161t\u011b p\u0159ed prodejem nemovitosti legalizac\u00ed zm\u011bn, je\u017e zp\u016fsobily tento rozpor v rozloze.<\/p>\n<h3>\u2013 Mohu vyu\u017e\u00edt vlastn\u00edch finan\u010dn\u00edch prost\u0159edk\u016f ke koupi nemovitosti ve \u0160pan\u011blsku sv\u00fdm d\u011btem?<\/h3>\n<p>Probl\u00e9m spo\u010d\u00edv\u00e1 v tom, \u017ee \u0161pan\u011blsk\u00fd finan\u010dn\u00ed \u00fa\u0159ad toto bude pova\u017eovat za darov\u00e1n\u00ed, tj, \u017ee jste dal d\u011btem pen\u00edze na koupi on\u00e9 nemovitosti. Z toho vypl\u00fdv\u00e1, \u017ee bude t\u0159eba zdanit ob\u011b transakce: prvn\u00ed bude zdan\u011bn dar a potom samotn\u00e1 koup\u011b, z \u010deho\u017e vypl\u00fdv\u00e1, \u017ee je to finan\u010dn\u011b krajn\u011b nev\u00fdhodn\u00e9.<\/p>\n<p>Z d\u016fvodu sou\u010dasn\u00fdch kontroln\u00edch mechanism\u016f v souvislosti s investicemi\u00a0a povinnost\u00ed dolo\u017eit p\u016fvod financ\u00ed p\u0159i jak\u00e9koli transakci, b\u00fdv\u00e1 mnohdy velmi slo\u017eit\u00e9 p\u0159edst\u00edrat, \u017ee pen\u00edze n\u00e1le\u017e\u00ed d\u011btem, speci\u00e1ln\u011b kdy\u017e tyto kv\u016fli sv\u00e9mu v\u011bku \u010di okolnostem nemohou dolo\u017eit \u017e\u00e1dn\u00fd nebo dostate\u010dn\u00fd p\u0159\u00edjem.<\/p>\n<h3>\u2013 V \u010dem spo\u010d\u00edv\u00e1 do\u017eivotn\u00ed renta?<\/h3>\n<p>Jde o smlouvu, kterou majitel nemovitosti p\u0159ev\u00e1d\u00ed vlastnictv\u00ed k t\u00e9to, ale ponech\u00e1v\u00e1 si k n\u00ed po\u017e\u00edvac\u00ed pr\u00e1vo (tzv. usufruktus \u2013 mo\u017enost u\u017eit\u00ed) v\u00fdm\u011bnou za ur\u010ditou \u00favodn\u00ed platbu a m\u011bs\u00ed\u010dn\u00ed rentu po dobu jeho \u017eivota. Umrt\u00edm pak p\u0159ech\u00e1z\u00ed ve\u0161ker\u00e1 pr\u00e1va na majitele a zanik\u00e1 povinnost rentu platit.<\/p>\n<h3>\u2013 M\u016f\u017ee prod\u00e1vaj\u00edc\u00ed zv\u00fd\u0161it cenu nemovitosti po podpisu soukrom\u00e9 smlouvy o smlouv\u011b budouc\u00ed?<\/h3>\n<p>Ne. Ve \u0160pan\u011blsku existuje povinnost pro ob\u011b strany respektovat dohodnut\u00e9 podm\u00ednky v ji\u017e podepsan\u00e9m dokumentu.<\/p>\n<h3>\u2013 V \u010dem spo\u010d\u00edv\u00e1 dopl\u0148kov\u00e1 da\u0148? (complementaria)<\/h3>\n<p>V p\u0159\u00edpad\u011b, \u017ee se budou \u00fa\u0159ady domn\u00edvat, \u017ee ve v\u00fdpo\u010dtu odveden\u00e9 dan\u011b byla coby referen\u010dn\u00ed hodnota pro v\u00fdpo\u010det pou\u017eita cena ni\u017e\u0161\u00ed, ne\u017e je ta \u00fa\u0159edn\u00ed\u00a0a ofici\u00e1ln\u00ed, bude v\u00e1m vy\u00fa\u010dtov\u00e1n rozd\u00edl mezi t\u00edm, co jste zaplatili, a spr\u00e1vnou hodnotou. Toto vy\u00fa\u010dtov\u00e1n\u00ed je zn\u00e1mo pod pojmem komplement\u00e1rn\u00ed, dopl\u0148kov\u00e1 da\u0148.<\/p>\n<h3>\u2013 Mus\u00edm po\u017e\u00e1dat o n\u011bjak\u00e9 povolen\u00ed pro to, abych mohl prov\u00e9st stavebn\u00ed \u00fapravy v m\u00e9 nemovitosti?<\/h3>\n<p>Ano. Dle rozsahu pl\u00e1novan\u00fdch prac\u00ed p\u016fjde bu\u010f o tzv. stavebn\u00ed povolen\u00ed velk\u00e9 (obra mayor), kde jde o z\u00e1sadn\u00ed z\u00e1sahy jako zv\u011bt\u0161en\u00ed rozlohy obytn\u00e9 jednotky, zm\u011bna distribuce podla\u017e\u00ed, v\u00fd\u0161ky strop\u016f, celkov\u00e1 p\u0159estavba, apod. nebo o tzv. mal\u00e9 povolen\u00ed (obra menor), kter\u00e9 spo\u010d\u00edv\u00e1<br \/>v \u010d\u00e1ste\u010dn\u00fdch zm\u011bn\u00e1ch, v\u00fdm\u011bna obklad\u016f, kuchyn\u011b, apod.\u00a0Po\u017eadavky na ud\u011blen\u00ed odpov\u00eddaj\u00edc\u00edho povolen\u00ed se li\u0161\u00ed v z\u00e1vislosti na konkr\u00e9tn\u00edm p\u0159\u00edpadu.<\/p>\n<h3>\u2013 V p\u0159\u00edpad\u011b, \u017ee koup\u00edm nemovitost ve \u0160pan\u011blsku od ob\u010dana stejn\u00e9 n\u00e1rodnosti, jako je ta moje, mohu zaplatit cenu v m\u00e9 zemi a mou m\u011bnou?<\/h3>\n<p>Ano. Po\u010d\u00edtejte ov\u0161em s t\u00edm, \u017ee existuje povinnost dolo\u017eit p\u0159i podpisu kupn\u00ed smlouvy u not\u00e1\u0159e zp\u016fsob zaplacen\u00ed celkov\u00e9 ceny nemovitosti, tud\u00ed\u017e budete muset p\u0159edlo\u017eit doklady jako kopie bankovn\u00edch p\u0159evod\u016f \u010di \u0161ek\u016f. Platby mus\u00ed p\u0159esn\u011b souhlasit s celkovou kupn\u00ed cenou uvedenou ve smlouv\u011b.\u00a0Na druhou stranu t\u00e9m\u011b\u0159 nikdy nen\u00ed mo\u017en\u00e9 zaplatit celou cenu v zahrani\u010d\u00ed, jeliko\u017e ve v\u011bt\u0161in\u011b p\u0159\u00edpad\u016f bude nutno prod\u00e1vaj\u00edc\u00ed stran\u011b strhnout \u010d\u00e1stky na zaplacen\u00ed dan\u00ed, p\u0159\u00edpadn\u011b zru\u0161en\u00ed \u00fav\u011bru, jak\u00e9koli dlu\u017en\u00e9 \u010d\u00e1stky spojen\u00e9 s nemovitost\u00ed.<\/p>\n<h3>\u2013 Mohu u\u0161et\u0159it na dan\u00edch, pokud m\u00edsto toho, abych koupil nemovitost, koup\u00edm obchodn\u00ed spole\u010dnost, je\u017e je jej\u00edm vlastn\u00edkem?<\/h3>\n<p>Ne. Dle nov\u00e9ho zn\u011bn\u00ed \u010dl\u00e1nku 108 z\u00e1kona o trhu s cenn\u00fdmi pap\u00edry, je p\u0159evod akci\u00ed obchodn\u00ed spole\u010dnosti, je\u017e je majitelem nemovitosti, pova\u017eov\u00e1na za p\u0159evod nemovitosti jako takov\u00fd za p\u0159edpokladu, \u017ee \u00fa\u010delem transakce je vyhnout se platb\u011b DPH nebo Dan\u011b z p\u0159evodu nemovitosti. Transakce bude pova\u017eov\u00e1na za skryt\u00fd p\u0159evod tehdy, kdy\u017e se z\u00edsk\u00e1 kontrola nad spole\u010dnost\u00ed, jej\u00ed\u017e aktivum je tvo\u0159eno alespo\u0148 z 50 procent nemovitostmi ve \u0160pan\u011blsku, kter\u00e9 nepodl\u00e9haj\u00ed obchodn\u00ed \u010di profesn\u00ed \u010dinnosti.<\/p>\n<h3>\u2013 Moje nemovitost je sou\u010d\u00e1st\u00ed spole\u010denstv\u00ed vlastn\u00edk\u016f. Mus\u00ed m\u00e1 pojistka pokr\u00fdvat tak\u00e9 p\u0159\u00edpadn\u00e9 \u0161kody na nemovitosti nebo sta\u010d\u00ed pojistit vnit\u0159n\u00ed vybaven\u00ed?<\/h3>\n<p>Ano. Je\u00a0 nutn\u00e9 pojistit i nemovitost, ne jenom vnit\u0159n\u00ed vybaven\u00ed. Poji\u0161t\u011bn\u00ed spole\u010denstv\u00ed vlastn\u00edk\u016f bude kr\u00fdt p\u0159\u00edpadn\u00e9 \u0161kody na spole\u010dn\u00fdch prostor\u00e1ch\u00a0a budov\u011b jako takov\u00e9, ov\u0161em jak\u00e9koli \u0161kody zp\u016fsoben\u00e9 vevnit\u0159 va\u0161\u00ed nemovitosti pokryty nebudou. To stejn\u00e9 se t\u00fdk\u00e1 poji\u0161t\u011bn\u00ed odpov\u011bdnosti.<\/p>\n<h3>\u2013 V p\u0159\u00edpad\u011b, \u017ee neu\u017e\u00edv\u00e1m slu\u017eeb komplexu (baz\u00e9n, kurty, apod.), kde se m\u00e1 bytov\u00e1 jednotka nach\u00e1z\u00ed, mohu po\u017e\u00e1dat o slevu na poplatky spole\u010denstv\u00ed vlastn\u00edk\u016f?<\/h3>\n<p>Ne. Poplatky se vypo\u010d\u00edt\u00e1vaj\u00ed pomoc\u00ed koeficientu vlastnictv\u00ed p\u0159i\u0159azen\u00e9ho ka\u017ed\u00e9 jednotce a to v z\u00e1vislosti na pom\u011bru k celkov\u00e9 rozloze nemovitosti. Poplatky nez\u00e1vis\u00ed na u\u017eit\u00ed \u010di neu\u017eit\u00ed spole\u010dn\u00fdch slu\u017eeb \u010di prostor.<\/p>\n<h3>\u2013 Pot\u0159ebuji si otev\u0159\u00edt ve \u0160pan\u011blsku bankovn\u00ed \u00fa\u010det?<\/h3>\n<p>Ano. Poslou\u017e\u00ed v\u00e1m nejen k va\u0161im b\u011b\u017en\u00fdm pot\u0159eb\u00e1m p\u0159i pobytu zde, ale tak\u00e9 k naveden\u00ed inkas a trval\u00fdch p\u0159\u00edkaz\u016f v souvislosti s va\u0161\u00ed nemovitost\u00ed.<\/p>\n<h3>\u2013 Jakou k tomu budu pot\u0159ebovat dokumentaci?<\/h3>\n<p>V p\u0159\u00edpad\u011b, \u017ee jde o fyzickou osobu, je zapot\u0159eb\u00ed platn\u00fd osobn\u00ed doklad, NIE a jak\u00fdkoli doklad o \u010dinnosti (webov\u00e9 str\u00e1nky, kopie da\u0148ov\u00e9ho p\u0159izn\u00e1n\u00ed, apod.) V p\u0159\u00edpad\u011b pr\u00e1vnick\u00e9 osoby je zapot\u0159eb\u00ed CIF (da\u0148ov\u00e9 identifika\u010dn\u00ed \u010d\u00edslo, doklad o \u010dinnosti, spole\u010densk\u00e1 smlouva o zalo\u017een\u00ed spole\u010dnosti, p\u0159\u00edpad\u011b pln\u00e1 moc na jednatele spole\u010dnosti ve \u0160pan\u011blsku. Oboj\u00ed soudn\u011b p\u0159elo\u017eeno a opat\u0159eno apostiln\u00ed dolo\u017ekou).<\/p>\n<\/div><\/div><\/div><\/div><\/div><\/p>\n","protected":false},"excerpt":{"rendered":"","protected":false},"author":1,"featured_media":0,"parent":3683,"menu_order":0,"comment_status":"closed","ping_status":"open","template":"","meta":{"footnotes":""},"class_list":["post-3704","page","type-page","status-publish","hentry"],"_links":{"self":[{"href":"https:\/\/www.volawyers.com\/cs\/wp-json\/wp\/v2\/pages\/3704","targetHints":{"allow":["GET"]}}],"collection":[{"href":"https:\/\/www.volawyers.com\/cs\/wp-json\/wp\/v2\/pages"}],"about":[{"href":"https:\/\/www.volawyers.com\/cs\/wp-json\/wp\/v2\/types\/page"}],"author":[{"embeddable":true,"href":"https:\/\/www.volawyers.com\/cs\/wp-json\/wp\/v2\/users\/1"}],"replies":[{"embeddable":true,"href":"https:\/\/www.volawyers.com\/cs\/wp-json\/wp\/v2\/comments?post=3704"}],"version-history":[{"count":2,"href":"https:\/\/www.volawyers.com\/cs\/wp-json\/wp\/v2\/pages\/3704\/revisions"}],"predecessor-version":[{"id":5104,"href":"https:\/\/www.volawyers.com\/cs\/wp-json\/wp\/v2\/pages\/3704\/revisions\/5104"}],"up":[{"embeddable":true,"href":"https:\/\/www.volawyers.com\/cs\/wp-json\/wp\/v2\/pages\/3683"}],"wp:attachment":[{"href":"https:\/\/www.volawyers.com\/cs\/wp-json\/wp\/v2\/media?parent=3704"}],"curies":[{"name":"wp","href":"https:\/\/api.w.org\/{rel}","templated":true}]}}