{"id":3686,"date":"2013-08-05T10:30:50","date_gmt":"2013-08-05T10:30:50","guid":{"rendered":"https:\/\/www.volawyers.com\/odkazy\/"},"modified":"2023-08-10T10:55:56","modified_gmt":"2023-08-10T10:55:56","slug":"odkazy","status":"publish","type":"page","link":"https:\/\/www.volawyers.com\/cs\/odkazy\/","title":{"rendered":"Odkazy"},"content":{"rendered":"<div class=\"fusion-fullwidth fullwidth-box fusion-builder-row-1 fusion-flex-container nonhundred-percent-fullwidth non-hundred-percent-height-scrolling\" style=\"--awb-background-position:left top;--awb-border-sizes-top:0px;--awb-border-sizes-bottom:0px;--awb-border-sizes-left:0px;--awb-border-sizes-right:0px;--awb-border-radius-top-left:0px;--awb-border-radius-top-right:0px;--awb-border-radius-bottom-right:0px;--awb-border-radius-bottom-left:0px;--awb-padding-top:0px;--awb-padding-right:0px;--awb-padding-bottom:0px;--awb-padding-left:0px;--awb-padding-top-medium:72px;--awb-padding-bottom-medium:60px;--awb-padding-bottom-small:0px;--awb-background-color:var(--awb-color1);--awb-flex-wrap:wrap;\" ><div class=\"fusion-builder-row fusion-row fusion-flex-align-items-stretch fusion-flex-content-wrap\" style=\"max-width:calc( 1300px + 0px );margin-left: calc(-0px \/ 2 );margin-right: calc(-0px \/ 2 );\"><div class=\"fusion-layout-column fusion_builder_column fusion-builder-column-0 fusion_builder_column_1_1 1_1 fusion-flex-column fusion-flex-align-self-flex-start fusion-column-no-min-height fusion-no-small-visibility fusion-no-medium-visibility\" style=\"--awb-bg-blend:overlay;--awb-bg-size:cover;--awb-width-large:100%;--awb-margin-top-large:0px;--awb-spacing-right-large:0px;--awb-margin-bottom-large:0px;--awb-spacing-left-large:0px;--awb-width-medium:100%;--awb-order-medium:0;--awb-spacing-right-medium:0px;--awb-spacing-left-medium:0px;--awb-width-small:100%;--awb-order-small:0;--awb-spacing-right-small:0px;--awb-spacing-left-small:0px;\"><div class=\"fusion-column-wrapper fusion-column-has-shadow fusion-flex-justify-content-flex-start fusion-content-layout-column\"><div class=\"fusion-separator fusion-full-width-sep\" style=\"align-self: center;margin-left: auto;margin-right: auto;margin-top:0px;margin-bottom:0px;width:100%;\"><div class=\"fusion-separator-border sep-single sep-solid\" style=\"--awb-height:20px;--awb-amount:20px;--awb-sep-color:var(--awb-color5);border-color:var(--awb-color5);border-top-width:5px;\"><\/div><\/div><\/div><\/div><div class=\"fusion-layout-column fusion_builder_column fusion-builder-column-1 fusion_builder_column_1_1 1_1 fusion-flex-column green-border rounded-border\" style=\"--awb-padding-top:60px;--awb-padding-right:60px;--awb-padding-bottom:50px;--awb-padding-left:60px;--awb-padding-bottom-medium:16px;--awb-padding-top-small:10px;--awb-bg-color:var(--awb-color1);--awb-bg-color-hover:var(--awb-color1);--awb-bg-size:cover;--awb-border-color:var(--awb-color3);--awb-border-style:solid;--awb-width-large:100%;--awb-margin-top-large:0px;--awb-spacing-right-large:0px;--awb-margin-bottom-large:20px;--awb-spacing-left-large:0px;--awb-width-medium:100%;--awb-order-medium:0;--awb-spacing-right-medium:0px;--awb-spacing-left-medium:0px;--awb-width-small:100%;--awb-order-small:0;--awb-spacing-right-small:0px;--awb-spacing-left-small:0px;\"><div class=\"fusion-column-wrapper fusion-column-has-shadow fusion-flex-justify-content-flex-start fusion-content-layout-column\"><div class=\"fusion-title title fusion-title-1 fusion-title-center fusion-title-text fusion-title-size-one\"><div class=\"title-sep-container title-sep-container-left\"><div class=\"title-sep sep- sep-solid\" style=\"border-color:var(--awb-color3);\"><\/div><\/div><span class=\"awb-title-spacer\"><\/span><h1 class=\"fusion-title-heading title-heading-center\" style=\"margin:0;text-transform:none;\">Odkazy<\/h1><span class=\"awb-title-spacer\"><\/span><div class=\"title-sep-container title-sep-container-right\"><div class=\"title-sep sep- sep-solid\" style=\"border-color:var(--awb-color3);\"><\/div><\/div><\/div><div class=\"fusion-separator\" style=\"align-self: center;margin-left: auto;margin-right: auto;margin-top:10px;margin-bottom:70px;width:100%;max-width:170px;\"><div class=\"fusion-separator-border sep-single sep-solid\" style=\"--awb-height:20px;--awb-amount:20px;--awb-sep-color:var(--awb-color5);border-color:var(--awb-color5);border-top-width:5px;\"><\/div><\/div><div class=\"fusion-builder-row fusion-builder-row-inner fusion-row fusion-flex-align-items-stretch fusion-flex-content-wrap\" style=\"width:calc( 100% + 0px ) !important;max-width:calc( 100% + 0px ) !important;margin-left: calc(-0px \/ 2 );margin-right: calc(-0px \/ 2 );\"><div class=\"fusion-layout-column fusion_builder_column_inner fusion-builder-nested-column-0 fusion_builder_column_inner_1_3 1_3 fusion-flex-column fusion-flex-align-self-center\" style=\"--awb-bg-size:cover;--awb-width-large:33.333333333333%;--awb-margin-top-large:0px;--awb-spacing-right-large:32px;--awb-margin-bottom-large:0px;--awb-spacing-left-large:0px;--awb-width-medium:75%;--awb-order-medium:0;--awb-spacing-right-medium:32px;--awb-spacing-left-medium:0px;--awb-width-small:100%;--awb-order-small:0;--awb-spacing-right-small:0px;--awb-spacing-left-small:0px;\"><div class=\"fusion-column-wrapper fusion-column-has-shadow fusion-flex-justify-content-flex-start fusion-content-layout-column\"><div class=\"fusion-text fusion-text-1\" style=\"--awb-text-transform:none;\"><p class=\"p1\">ASESORIA ECONOMICA \/ DA\u0147OV\u00dd PORADCE:<br \/><a href=\"https:\/\/www.asec.es\/\" target=\"_blank\" rel=\"noopener\"><span class=\"s1\">https:\/\/www.asec.es\/<\/span><\/a><\/p>\n<p class=\"p2\"><span class=\"s2\">AGENCIA TRIBUTARIA \/ FINAN\u010cN\u00cd \u00da\u0158AD:<br \/><a href=\"https:\/\/sede.agenciatributaria.gob.es\" target=\"_blank\" rel=\"noopener\"><span class=\"s1\">https:\/\/sede.agenciatributaria.gob.es<\/span><\/a>\/<span class=\"Apple-converted-space\">\u00a0<\/span><\/span><\/p>\n<p class=\"p1\">JUNTA DE ANDALUCIA:<br \/><a href=\"https:\/\/www.juntadeandalucia.es\/\" target=\"_blank\" rel=\"noopener\"><span class=\"s1\">https:\/\/www.juntadeandalucia.es<\/span><\/a><\/p>\n<p class=\"p1\">ILUSTRE COLEGIO DE ABOGADOS DE MALAGA \/ ADVOK\u00c1TN\u00cd KOMORA:<br \/><a href=\"https:\/\/abogaciademalaga.es\/\" target=\"_blank\" rel=\"noopener\"><span class=\"s1\">https:\/\/abogaciademalaga.es<\/span><\/a><\/p>\n<\/div><\/div><\/div><div class=\"fusion-layout-column fusion_builder_column_inner fusion-builder-nested-column-1 fusion_builder_column_inner_1_3 1_3 fusion-flex-column fusion-flex-align-self-center\" style=\"--awb-bg-size:cover;--awb-width-large:33.333333333333%;--awb-margin-top-large:0px;--awb-spacing-right-large:32px;--awb-margin-bottom-large:0px;--awb-spacing-left-large:0px;--awb-width-medium:75%;--awb-order-medium:0;--awb-spacing-right-medium:32px;--awb-spacing-left-medium:0px;--awb-width-small:100%;--awb-order-small:0;--awb-spacing-right-small:0px;--awb-spacing-left-small:0px;\"><div class=\"fusion-column-wrapper fusion-column-has-shadow fusion-flex-justify-content-flex-start fusion-content-layout-column\"><div class=\"fusion-text fusion-text-2\" style=\"--awb-text-transform:none;\"><p class=\"p1\"><span class=\"s1\">REGISTROS DE LA PROPIEDAD Y MERCANTIL \/ KATASTR A OBCHODN\u00cd REJST\u0158\u00cdK:<br \/><a href=\"https:\/\/sede.registradores.org\/site\/home\" target=\"_blank\" rel=\"noopener\"><span class=\"s2\">https:\/\/sede.registradores.org\/site\/home<\/span><\/a><\/span><\/p>\n<p class=\"p1\"><span class=\"s1\">CONSEJO GENERAL DEL NOTARIADO:<br \/><a href=\"https:\/\/www.notariado.org\/portal\/\" target=\"_blank\" rel=\"noopener\"><span class=\"s2\">https:\/\/www.notariado.org\/portal\/<\/span><\/a><\/span><\/p>\n<p>SKA REALITY. SPECIALIST\u00c9 NA SLUNE\u010cN\u00cd POB\u0158E\u017d\u00cd:<br \/><a href=\"https:\/\/ska-reality.cz\/\" target=\"_blank\" rel=\"noopener\">https:\/\/ska-reality.cz\/<\/a><\/p>\n<p>BLOG O NEMOVITOSTECH A LIFESTYLU NA COSTA DEL SOL:<br \/><a href=\"https:\/\/www.ska-reality.cz\/realitni-blog-costa-del-sol\" target=\"_blank\" rel=\"noopener\">https:\/\/www.ska-reality.cz\/realitni-blog-costa-del-sol<\/a><\/p>\n<\/div><\/div><\/div><div class=\"fusion-layout-column fusion_builder_column_inner fusion-builder-nested-column-2 fusion_builder_column_inner_1_3 1_3 fusion-flex-column fusion-flex-align-self-center\" style=\"--awb-bg-size:cover;--awb-width-large:33.333333333333%;--awb-margin-top-large:0px;--awb-spacing-right-large:32px;--awb-margin-bottom-large:0px;--awb-spacing-left-large:0px;--awb-width-medium:75%;--awb-order-medium:0;--awb-spacing-right-medium:32px;--awb-spacing-left-medium:0px;--awb-width-small:100%;--awb-order-small:0;--awb-spacing-right-small:0px;--awb-spacing-left-small:0px;\"><div class=\"fusion-column-wrapper fusion-column-has-shadow fusion-flex-justify-content-flex-start fusion-content-layout-column\"><div class=\"fusion-text fusion-text-3\" style=\"--awb-text-transform:none;\"><p class=\"p1\"><span class=\"s1\">EMBAJADA CHECA EN MADRID \/ \u010cESK\u00c1 AMBAS\u00c1DA V MADRIDU:<br \/>\n<a href=\"https:\/\/www.mzv.cz\/madrid\/es\/index.html\" target=\"_blank\" rel=\"noopener\"><span class=\"s2\">https:\/\/www.mzv.cz\/madrid\/es\/index.html<\/span><\/a><\/span><\/p>\n<p class=\"p2\">BOLETIN OFICIAL DEL ESTADO:<br \/>\n<a href=\"https:\/\/www.boe.es\/\" target=\"_blank\" rel=\"noopener\"><span class=\"s2\">https:\/\/www.boe.es\/<\/span><\/a><\/p>\n<p class=\"p2\">SUPERLEGALIZACE \/ APOSTILN\u00cd DOLO\u017dKA<br \/>\n<a href=\"https:\/\/www.mzv.cz\/jnp\/cz\/cestujeme\/overovani_listin\/postup_pri_overovani_listin_vydanych.html\" target=\"_blank\" rel=\"noopener\">https:\/\/www.mzv.cz\/jnp\/cz\/cestujeme\/overovani_listin\/<br \/>\npostup_pri_overovani_listin_vydanych.html<\/a><\/p>\n<p class=\"p1\"><span class=\"s1\">CONSEJO GENERAL ABOGACIA ESPA\u00d1OLA:<br \/>\n<a href=\"https:\/\/www.abogacia.es\/\" target=\"_blank\" rel=\"noopener\"><span class=\"s2\">https:\/\/www.abogacia.es\/<\/span><\/a><\/span><\/p>\n<\/div><\/div><\/div><\/div><\/div><\/div><\/div><\/div>\n","protected":false},"excerpt":{"rendered":"","protected":false},"author":1,"featured_media":0,"parent":0,"menu_order":0,"comment_status":"closed","ping_status":"open","template":"100-width.php","meta":{"footnotes":""},"class_list":["post-3686","page","type-page","status-publish","hentry"],"_links":{"self":[{"href":"https:\/\/www.volawyers.com\/cs\/wp-json\/wp\/v2\/pages\/3686","targetHints":{"allow":["GET"]}}],"collection":[{"href":"https:\/\/www.volawyers.com\/cs\/wp-json\/wp\/v2\/pages"}],"about":[{"href":"https:\/\/www.volawyers.com\/cs\/wp-json\/wp\/v2\/types\/page"}],"author":[{"embeddable":true,"href":"https:\/\/www.volawyers.com\/cs\/wp-json\/wp\/v2\/users\/1"}],"replies":[{"embeddable":true,"href":"https:\/\/www.volawyers.com\/cs\/wp-json\/wp\/v2\/comments?post=3686"}],"version-history":[{"count":4,"href":"https:\/\/www.volawyers.com\/cs\/wp-json\/wp\/v2\/pages\/3686\/revisions"}],"predecessor-version":[{"id":5057,"href":"https:\/\/www.volawyers.com\/cs\/wp-json\/wp\/v2\/pages\/3686\/revisions\/5057"}],"wp:attachment":[{"href":"https:\/\/www.volawyers.com\/cs\/wp-json\/wp\/v2\/media?parent=3686"}],"curies":[{"name":"wp","href":"https:\/\/api.w.org\/{rel}","templated":true}]}}