{"id":3674,"date":"2013-08-03T18:08:57","date_gmt":"2013-08-03T18:08:57","guid":{"rendered":"https:\/\/www.volawyers.com\/nase-pravni-sluzby\/"},"modified":"2023-08-10T10:00:36","modified_gmt":"2023-08-10T10:00:36","slug":"nase-pravni-sluzby","status":"publish","type":"page","link":"https:\/\/www.volawyers.com\/cs\/nase-pravni-sluzby\/","title":{"rendered":"Na\u0161e pr\u00e1vn\u00ed slu\u017eby"},"content":{"rendered":"<div class=\"fusion-fullwidth fullwidth-box fusion-builder-row-1 fusion-flex-container nonhundred-percent-fullwidth non-hundred-percent-height-scrolling\" style=\"--awb-background-position:left top;--awb-border-sizes-top:0px;--awb-border-sizes-bottom:0px;--awb-border-sizes-left:0px;--awb-border-sizes-right:0px;--awb-border-radius-top-left:0px;--awb-border-radius-top-right:0px;--awb-border-radius-bottom-right:0px;--awb-border-radius-bottom-left:0px;--awb-padding-top:0px;--awb-padding-right:0px;--awb-padding-bottom:0px;--awb-padding-left:0px;--awb-padding-top-medium:72px;--awb-padding-bottom-medium:60px;--awb-padding-bottom-small:0px;--awb-background-color:var(--awb-color1);--awb-flex-wrap:wrap;\" ><div class=\"fusion-builder-row fusion-row fusion-flex-align-items-stretch fusion-flex-content-wrap\" style=\"max-width:calc( 1300px + 0px );margin-left: calc(-0px \/ 2 );margin-right: calc(-0px \/ 2 );\"><div class=\"fusion-layout-column fusion_builder_column fusion-builder-column-0 fusion_builder_column_1_1 1_1 fusion-flex-column fusion-flex-align-self-flex-start fusion-column-no-min-height fusion-no-small-visibility fusion-no-medium-visibility\" style=\"--awb-bg-blend:overlay;--awb-bg-size:cover;--awb-width-large:100%;--awb-margin-top-large:0px;--awb-spacing-right-large:0px;--awb-margin-bottom-large:0px;--awb-spacing-left-large:0px;--awb-width-medium:100%;--awb-order-medium:0;--awb-spacing-right-medium:0px;--awb-spacing-left-medium:0px;--awb-width-small:100%;--awb-order-small:0;--awb-spacing-right-small:0px;--awb-spacing-left-small:0px;\"><div class=\"fusion-column-wrapper fusion-column-has-shadow fusion-flex-justify-content-flex-start fusion-content-layout-column\"><div class=\"fusion-separator fusion-full-width-sep\" style=\"align-self: center;margin-left: auto;margin-right: auto;margin-top:0px;margin-bottom:0px;width:100%;\"><div class=\"fusion-separator-border sep-single sep-solid\" style=\"--awb-height:20px;--awb-amount:20px;--awb-sep-color:var(--awb-color5);border-color:var(--awb-color5);border-top-width:5px;\"><\/div><\/div><\/div><\/div><div class=\"fusion-layout-column fusion_builder_column fusion-builder-column-1 fusion_builder_column_1_1 1_1 fusion-flex-column green-border rounded-border\" style=\"--awb-padding-top:60px;--awb-padding-right:60px;--awb-padding-bottom:50px;--awb-padding-left:60px;--awb-padding-bottom-medium:16px;--awb-padding-top-small:10px;--awb-bg-color:var(--awb-color1);--awb-bg-color-hover:var(--awb-color1);--awb-bg-size:cover;--awb-border-color:var(--awb-color3);--awb-border-style:solid;--awb-width-large:100%;--awb-margin-top-large:0px;--awb-spacing-right-large:0px;--awb-margin-bottom-large:20px;--awb-spacing-left-large:0px;--awb-width-medium:100%;--awb-order-medium:0;--awb-spacing-right-medium:0px;--awb-spacing-left-medium:0px;--awb-width-small:100%;--awb-order-small:0;--awb-spacing-right-small:0px;--awb-spacing-left-small:0px;\"><div class=\"fusion-column-wrapper fusion-column-has-shadow fusion-flex-justify-content-flex-start fusion-content-layout-column\"><div class=\"fusion-title title fusion-title-1 fusion-title-center fusion-title-text fusion-title-size-one\"><div class=\"title-sep-container title-sep-container-left\"><div class=\"title-sep sep- sep-solid\" style=\"border-color:var(--awb-color3);\"><\/div><\/div><span class=\"awb-title-spacer\"><\/span><h1 class=\"fusion-title-heading title-heading-center\" style=\"margin:0;text-transform:none;\">Na\u0161e pr\u00e1vn\u00ed slu\u017eby<\/h1><span class=\"awb-title-spacer\"><\/span><div class=\"title-sep-container title-sep-container-right\"><div class=\"title-sep sep- sep-solid\" style=\"border-color:var(--awb-color3);\"><\/div><\/div><\/div><div class=\"fusion-separator\" style=\"align-self: center;margin-left: auto;margin-right: auto;margin-top:10px;margin-bottom:70px;width:100%;max-width:170px;\"><div class=\"fusion-separator-border sep-single sep-solid\" style=\"--awb-height:20px;--awb-amount:20px;--awb-sep-color:var(--awb-color5);border-color:var(--awb-color5);border-top-width:5px;\"><\/div><\/div><div class=\"fusion-builder-row fusion-builder-row-inner fusion-row fusion-flex-align-items-stretch fusion-flex-content-wrap\" style=\"width:calc( 100% + 0px ) !important;max-width:calc( 100% + 0px ) !important;margin-left: calc(-0px \/ 2 );margin-right: calc(-0px \/ 2 );\"><div class=\"fusion-layout-column fusion_builder_column_inner fusion-builder-nested-column-0 fusion_builder_column_inner_1_2 1_2 fusion-flex-column fusion-flex-align-self-center\" style=\"--awb-bg-size:cover;--awb-width-large:50%;--awb-margin-top-large:0px;--awb-spacing-right-large:32px;--awb-margin-bottom-large:0px;--awb-spacing-left-large:0px;--awb-width-medium:75%;--awb-order-medium:0;--awb-spacing-right-medium:32px;--awb-spacing-left-medium:0px;--awb-width-small:100%;--awb-order-small:0;--awb-spacing-right-small:0px;--awb-spacing-left-small:0px;\"><div class=\"fusion-column-wrapper fusion-column-has-shadow fusion-flex-justify-content-flex-start fusion-content-layout-column\"><div class=\"fusion-title title fusion-title-2 fusion-title-text fusion-title-size-five\" style=\"--awb-text-color:var(--awb-color5);\"><div class=\"title-sep-container title-sep-container-left fusion-no-large-visibility fusion-no-medium-visibility fusion-no-small-visibility\"><div class=\"title-sep sep-single sep-dotted\" style=\"border-color:var(--awb-color3);\"><\/div><\/div><span class=\"awb-title-spacer fusion-no-large-visibility fusion-no-medium-visibility fusion-no-small-visibility\"><\/span><h5 class=\"fusion-title-heading title-heading-left\" style=\"margin:0;text-transform:none;\">Realitn\u00ed pr\u00e1vo<\/h5><span class=\"awb-title-spacer\"><\/span><div class=\"title-sep-container title-sep-container-right\"><div class=\"title-sep sep-single sep-dotted\" style=\"border-color:var(--awb-color3);\"><\/div><\/div><\/div><div class=\"fusion-text fusion-text-1\" style=\"--awb-text-transform:none;\"><ul>\n<li>Koup\u011b a prodej nemovitost\u00ed<\/li>\n<li>Kompletn\u00ed poradenstv\u00ed k realizaci realitn\u00edch projekt\u016f<\/li>\n<li>Pr\u00e1vn\u00ed asistence v soukrom\u00e9 v\u00fdstavb\u011b fyzick\u00fdch i pr\u00e1vnick\u00fdch subjekt\u016f<\/li>\n<li>Kolauda\u010dn\u00ed \u0159\u00edzen\u00ed a parcelace<\/li>\n<li>Legalizace staveb<\/li>\n<li>Z\u00edsk\u00e1n\u00ed financov\u00e1n\u00ed a hypote\u010dn\u00edch \u00fav\u011br\u016f<\/li>\n<li>Pron\u00e1jem nemovitost\u00ed (residen\u010dn\u00ed i komer\u010dn\u00ed)<\/li>\n<li>Zru\u0161en\u00ed spole\u010dn\u00e9ho vlastnictv\u00ed<\/li>\n<li>Z\u0159\u00edzen\u00ed pr\u00e1vn\u00edch b\u0159emen na nemovitostech<\/li>\n<li>Zastoupen\u00ed p\u0159ed spole\u010denstv\u00edm vlastn\u00edk\u016f a \u00fa\u010dast na sch\u016fz\u00edch<\/li>\n<li>Z\u00e1pis \u010di zm\u011bny \u00fadaj\u016f v katastru nemovitost\u00ed<\/li>\n<li>Koup\u011b a prodej movit\u00fdch v\u011bc\u00ed (akcie, automobily, jachty)<\/li>\n<li>P\u0159evody koncese ke kotven\u00ed v p\u0159\u00edstavu<\/li>\n<li>D\u011blen\u00ed, segregace, spojen\u00ed parcel<\/li>\n<\/ul>\n<\/div><div class=\"fusion-title title fusion-title-3 fusion-title-text fusion-title-size-five\" style=\"--awb-text-color:var(--awb-color5);\"><div class=\"title-sep-container title-sep-container-left fusion-no-large-visibility fusion-no-medium-visibility fusion-no-small-visibility\"><div class=\"title-sep sep-single sep-dotted\" style=\"border-color:var(--awb-color3);\"><\/div><\/div><span class=\"awb-title-spacer fusion-no-large-visibility fusion-no-medium-visibility fusion-no-small-visibility\"><\/span><h5 class=\"fusion-title-heading title-heading-left\" style=\"margin:0;text-transform:none;\">Pr\u00e1vo rodinn\u00e9 a d\u011bdictv\u00ed<\/h5><span class=\"awb-title-spacer\"><\/span><div class=\"title-sep-container title-sep-container-right\"><div class=\"title-sep sep-single sep-dotted\" style=\"border-color:var(--awb-color3);\"><\/div><\/div><\/div><div class=\"fusion-text fusion-text-2\" style=\"--awb-text-transform:none;\"><ul>\n<li>Posledn\u00ed v\u016fle<\/li>\n<li>D\u011bdick\u00e9 \u0159\u00edzen\u00ed<\/li>\n<li>Dary<\/li>\n<li>Ustanoven\u00ed do\u017eivotn\u00ed renty<\/li>\n<li>Zaji\u0161t\u011bn\u00ed \u00fa\u0159edn\u00edch certifik\u00e1t\u016f (\u00famrtn\u00ed list, posledn\u00ed v\u016fle)<\/li>\n<li>Mediace p\u0159i konfliktech<\/li>\n<li>P\u0159edman\u017eelsk\u00e9 smlouvy<\/li>\n<\/ul>\n<\/div><div class=\"fusion-title title fusion-title-4 fusion-title-text fusion-title-size-five\" style=\"--awb-text-color:var(--awb-color5);\"><div class=\"title-sep-container title-sep-container-left fusion-no-large-visibility fusion-no-medium-visibility fusion-no-small-visibility\"><div class=\"title-sep sep-single sep-dotted\" style=\"border-color:var(--awb-color3);\"><\/div><\/div><span class=\"awb-title-spacer fusion-no-large-visibility fusion-no-medium-visibility fusion-no-small-visibility\"><\/span><h5 class=\"fusion-title-heading title-heading-left\" style=\"margin:0;text-transform:none;\">Obchodn\u00ed pr\u00e1vo<\/h5><span class=\"awb-title-spacer\"><\/span><div class=\"title-sep-container title-sep-container-right\"><div class=\"title-sep sep-single sep-dotted\" style=\"border-color:var(--awb-color3);\"><\/div><\/div><\/div><div class=\"fusion-text fusion-text-3\" style=\"--awb-text-transform:none;\"><ul>\n<li>Zalo\u017een\u00ed a zru\u0161en\u00ed obchodn\u00edch spole\u010dnost\u00ed<\/li>\n<li>Nav\u00fd\u0161en\u00ed kapit\u00e1lu<\/li>\n<li>Asistence p\u0159i zah\u00e1jen\u00ed provozu firem<\/li>\n<li>Redakce spole\u010densk\u00fdch smluv<\/li>\n<\/ul>\n<\/div><div class=\"fusion-title title fusion-title-5 fusion-title-text fusion-title-size-five\" style=\"--awb-text-color:var(--awb-color5);\"><div class=\"title-sep-container title-sep-container-left fusion-no-large-visibility fusion-no-medium-visibility fusion-no-small-visibility\"><div class=\"title-sep sep-single sep-dotted\" style=\"border-color:var(--awb-color3);\"><\/div><\/div><span class=\"awb-title-spacer fusion-no-large-visibility fusion-no-medium-visibility fusion-no-small-visibility\"><\/span><h5 class=\"fusion-title-heading title-heading-left\" style=\"margin:0;text-transform:none;\">Soudn\u00ed procesy<\/h5><span class=\"awb-title-spacer\"><\/span><div class=\"title-sep-container title-sep-container-right\"><div class=\"title-sep sep-single sep-dotted\" style=\"border-color:var(--awb-color3);\"><\/div><\/div><\/div><div class=\"fusion-text fusion-text-4\" style=\"--awb-text-transform:none;\"><ul>\n<li>Soudn\u00ed spory<\/li>\n<li>Mediace p\u0159i konfliktech<\/li>\n<\/ul>\n<\/div><\/div><\/div><div class=\"fusion-layout-column fusion_builder_column_inner fusion-builder-nested-column-1 fusion_builder_column_inner_1_2 1_2 fusion-flex-column fusion-flex-align-self-flex-start\" style=\"--awb-bg-size:cover;--awb-width-large:50%;--awb-margin-top-large:0px;--awb-spacing-right-large:0px;--awb-margin-bottom-large:0px;--awb-spacing-left-large:0px;--awb-width-medium:75%;--awb-order-medium:0;--awb-spacing-right-medium:0px;--awb-spacing-left-medium:0px;--awb-width-small:100%;--awb-order-small:1;--awb-spacing-right-small:0px;--awb-margin-bottom-small:24px;--awb-spacing-left-small:0px;\"><div class=\"fusion-column-wrapper fusion-column-has-shadow fusion-flex-justify-content-flex-start fusion-content-layout-column\"><div class=\"fusion-title title fusion-title-6 fusion-title-text fusion-title-size-five\" style=\"--awb-text-color:var(--awb-color5);\"><div class=\"title-sep-container title-sep-container-left fusion-no-large-visibility fusion-no-medium-visibility fusion-no-small-visibility\"><div class=\"title-sep sep-single sep-dotted\" style=\"border-color:var(--awb-color3);\"><\/div><\/div><span class=\"awb-title-spacer fusion-no-large-visibility fusion-no-medium-visibility fusion-no-small-visibility\"><\/span><h5 class=\"fusion-title-heading title-heading-left\" style=\"margin:0;text-transform:none;\">Dan\u011b<\/h5><span class=\"awb-title-spacer\"><\/span><div class=\"title-sep-container title-sep-container-right\"><div class=\"title-sep sep-single sep-dotted\" style=\"border-color:var(--awb-color3);\"><\/div><\/div><\/div><div class=\"fusion-text fusion-text-5\" style=\"--awb-text-transform:none;\"><ul>\n<li>Da\u0148ov\u00e9 poradentv\u00ed nerezident\u016fm<\/li>\n<li>Da\u0148ov\u00e9 kontroly nerezident\u016f<\/li>\n<li>P\u0159edkl\u00e1d\u00e1n\u00ed ro\u010dn\u00edch da\u0148ov\u00fdch p\u0159izn\u00e1n\u00ed (Da\u0148 z p\u0159\u00edjmu i majetku)<\/li>\n<li>Zastoupen\u00ed ve v\u011bcech da\u0148ov\u00fdch ve \u0160pan\u011blsku<\/li>\n<li>Z\u00edsk\u00e1n\u00ed \u0161pan\u011blsk\u00e9ho osobn\u00edho da\u0148ov\u00e9ho identifika\u010dn\u00edho \u010d\u00edsla (NIE)<\/li>\n<li>Z\u00edsk\u00e1n\u00ed da\u0148ov\u00e9ho identifika\u010dn\u00edho \u010d\u00edsla pro pr\u00e1vnick\u00e9 subjekty (CIF)<\/li>\n<li>Z\u00e1pis \u010di vymaz\u00e1n\u00ed z registru da\u0148ov\u00fdch poplatn\u00edk\u016f<\/li>\n<li>Platby m\u011bstsk\u00fdch dan\u00ed a poplatk\u016f<\/li>\n<\/ul>\n<\/div><div class=\"fusion-title title fusion-title-7 fusion-title-text fusion-title-size-five\" style=\"--awb-text-color:var(--awb-color5);\"><div class=\"title-sep-container title-sep-container-left fusion-no-large-visibility fusion-no-medium-visibility fusion-no-small-visibility\"><div class=\"title-sep sep-single sep-dotted\" style=\"border-color:var(--awb-color3);\"><\/div><\/div><span class=\"awb-title-spacer fusion-no-large-visibility fusion-no-medium-visibility fusion-no-small-visibility\"><\/span><h5 class=\"fusion-title-heading title-heading-left\" style=\"margin:0;text-transform:none;\">Pr\u00e1vn\u00ed dokumenty<\/h5><span class=\"awb-title-spacer\"><\/span><div class=\"title-sep-container title-sep-container-right\"><div class=\"title-sep sep-single sep-dotted\" style=\"border-color:var(--awb-color3);\"><\/div><\/div><\/div><div class=\"fusion-text fusion-text-6\" style=\"--awb-text-transform:none;\"><ul>\n<li>P\u0159\u00edprava pln\u00fdch moc\u00ed \/ dvojjazy\u010dn\u011b<\/li>\n<li>P\u0159\u00edprava smluv<\/li>\n<li>Pr\u00e1vn\u00ed odborn\u00e9 reporty<\/li>\n<li>P\u0159eklad dokument\u016f<\/li>\n<\/ul>\n<\/div><div class=\"fusion-title title fusion-title-8 fusion-title-text fusion-title-size-five\" style=\"--awb-text-color:var(--awb-color5);\"><div class=\"title-sep-container title-sep-container-left fusion-no-large-visibility fusion-no-medium-visibility fusion-no-small-visibility\"><div class=\"title-sep sep-single sep-dotted\" style=\"border-color:var(--awb-color3);\"><\/div><\/div><span class=\"awb-title-spacer fusion-no-large-visibility fusion-no-medium-visibility fusion-no-small-visibility\"><\/span><h5 class=\"fusion-title-heading title-heading-left\" style=\"margin:0;text-transform:none;\">Administrativn\u00ed pr\u00e1vo<\/h5><span class=\"awb-title-spacer\"><\/span><div class=\"title-sep-container title-sep-container-right\"><div class=\"title-sep sep-single sep-dotted\" style=\"border-color:var(--awb-color3);\"><\/div><\/div><\/div><div class=\"fusion-text fusion-text-7\" style=\"--awb-text-transform:none;\"><ul>\n<li>P\u0159edkl\u00e1d\u00e1n\u00ed \u017e\u00e1dost\u00ed, dokumentace u ve\u0159ejn\u00fdch instituc\u00ed<\/li>\n<li>St\u00ed\u017enosti a reklamace v\u016f\u010di ve\u0159ejn\u00e9 spr\u00e1v\u011b<\/li>\n<li>\u017d\u00e1dosti a vy\u0159\u00edzen\u00ed r\u016fzn\u00fdch povolen\u00ed (rezidence, pracovn\u00ed povolen\u00ed, zbrojn\u00ed pas, loveck\u00fd, \u010di ryb\u00e1\u0159sk\u00fd l\u00edstek)<\/li>\n<li>\u00dakony souvisej\u00edc\u00ed s dopravn\u00ed polici\u00ed (vy\u0159\u00edzen\u00ed zna\u010dky, p\u0159evody vozidel, duplik\u00e1ty dokumentace, apod. )<\/li>\n<li>\u017d\u00e1dosti a vy\u0159\u00edzen\u00ed cel\u00e9 \u0161k\u00e1ly certifik\u00e1t\u016f (v\u00fdpis z rejst\u0159\u00edku trest\u016f, potvrzen\u00ed rezidence, apod.)<\/li>\n<\/ul>\n<\/div><div class=\"fusion-title title fusion-title-9 fusion-title-text fusion-title-size-five\" style=\"--awb-text-color:var(--awb-color5);\"><div class=\"title-sep-container title-sep-container-left fusion-no-large-visibility fusion-no-medium-visibility fusion-no-small-visibility\"><div class=\"title-sep sep-single sep-dotted\" style=\"border-color:var(--awb-color3);\"><\/div><\/div><span class=\"awb-title-spacer fusion-no-large-visibility fusion-no-medium-visibility fusion-no-small-visibility\"><\/span><h5 class=\"fusion-title-heading title-heading-left\" style=\"margin:0;text-transform:none;\">Dal\u0161\u00ed slu\u017eby<\/h5><span class=\"awb-title-spacer\"><\/span><div class=\"title-sep-container title-sep-container-right\"><div class=\"title-sep sep-single sep-dotted\" style=\"border-color:var(--awb-color3);\"><\/div><\/div><\/div><div class=\"fusion-text fusion-text-8\" style=\"--awb-text-transform:none;\"><ul>\n<li>Uzav\u00edr\u00e1n\u00ed \/ ru\u0161en\u00ed smluv s dodavateli ( elektrick\u00e1 energie, voda, plyn, telefon)<\/li>\n<li>\u00dahrada dlu\u017en\u00fdch \u010d\u00e1stek, \u0159e\u0161en\u00ed st\u00ed\u017enost\u00ed s dodavateli<\/li>\n<li>Asistence p\u0159i sjedn\u00e1n\u00ed poji\u0161t\u011bn\u00ed nemovitost\u00ed, \u017eivotn\u00ed poji\u0161t\u011bn\u00ed, poji\u0161t\u011bn\u00ed vozidel, pron\u00e1jmu.<\/li>\n<\/ul>\n<\/div><div class=\"fusion-text fusion-text-9\" style=\"--awb-text-transform:none;\"><p><img decoding=\"async\" class=\"lazyload alignleft wp-image-172\" src=\"https:\/\/volawyers.com\/v22dlc\/wp-content\/uploads\/2013\/08\/expertice-219x300.jpg\" data-orig-src=\"https:\/\/volawyers.com\/v22dlc\/wp-content\/uploads\/2013\/08\/expertice-219x300.jpg\" alt=\"VO Lawyers - Find our services\" width=\"62\" height=\"85\" srcset=\"data:image\/svg+xml,%3Csvg%20xmlns%3D%27http%3A%2F%2Fwww.w3.org%2F2000%2Fsvg%27%20width%3D%2762%27%20height%3D%2785%27%20viewBox%3D%270%200%2062%2085%27%3E%3Crect%20width%3D%2762%27%20height%3D%2785%27%20fill-opacity%3D%220%22%2F%3E%3C%2Fsvg%3E\" data-srcset=\"https:\/\/volawyers.com\/wp-content\/uploads\/2013\/08\/expertice-219x300.jpg 219w, https:\/\/volawyers.com\/wp-content\/uploads\/2013\/08\/expertice.jpg 273w\" data-sizes=\"auto\" data-orig-sizes=\"(max-width: 62px) 100vw, 62px\" \/><\/p>\n<p>Toto je v\u0161eobecn\u00fd seznam slu\u017eeb, je\u017e pro na\u0161e klienty poskytujeme b\u011b\u017en\u011b.<\/p>\n<p>Pokud v\u00e1mi po\u017eadovan\u00e1 slu\u017eba na seznamu nen\u00ed, obra\u0165te se pros\u00edm na n\u00e1s. V p\u0159\u00edpad\u011b, \u017ee v\u00e1m nebudeme schopni pomoci sami, jist\u011b v\u00e1m doporu\u010d\u00edme odborn\u00edka v dan\u00e9 specializaci.<\/p>\n<\/div><\/div><\/div><\/div><\/div><\/div><\/div><\/div>\n","protected":false},"excerpt":{"rendered":"","protected":false},"author":1,"featured_media":0,"parent":0,"menu_order":0,"comment_status":"closed","ping_status":"open","template":"100-width.php","meta":{"footnotes":""},"class_list":["post-3674","page","type-page","status-publish","hentry"],"_links":{"self":[{"href":"https:\/\/www.volawyers.com\/cs\/wp-json\/wp\/v2\/pages\/3674","targetHints":{"allow":["GET"]}}],"collection":[{"href":"https:\/\/www.volawyers.com\/cs\/wp-json\/wp\/v2\/pages"}],"about":[{"href":"https:\/\/www.volawyers.com\/cs\/wp-json\/wp\/v2\/types\/page"}],"author":[{"embeddable":true,"href":"https:\/\/www.volawyers.com\/cs\/wp-json\/wp\/v2\/users\/1"}],"replies":[{"embeddable":true,"href":"https:\/\/www.volawyers.com\/cs\/wp-json\/wp\/v2\/comments?post=3674"}],"version-history":[{"count":3,"href":"https:\/\/www.volawyers.com\/cs\/wp-json\/wp\/v2\/pages\/3674\/revisions"}],"predecessor-version":[{"id":5046,"href":"https:\/\/www.volawyers.com\/cs\/wp-json\/wp\/v2\/pages\/3674\/revisions\/5046"}],"wp:attachment":[{"href":"https:\/\/www.volawyers.com\/cs\/wp-json\/wp\/v2\/media?parent=3674"}],"curies":[{"name":"wp","href":"https:\/\/api.w.org\/{rel}","templated":true}]}}